{"id":9421,"date":"2024-01-03T13:01:08","date_gmt":"2024-01-03T12:01:08","guid":{"rendered":"https:\/\/afopriego.com\/?page_id=9421"},"modified":"2024-01-08T20:31:04","modified_gmt":"2024-01-08T19:31:04","slug":"jurado-iv-liga-afopriego","status":"publish","type":"page","link":"https:\/\/afopriego.com\/?page_id=9421","title":{"rendered":"Jurado IV liga Afopriego"},"content":{"rendered":"<p style=\"text-align: center;\"><strong>El jurado de la IV liga Afopriego est\u00e1 compuesto por miembros del Cuerpo de de Jurados de la Federaci\u00f3n Andaluza de Fotograf\u00eda:\u00a0<\/strong><\/p>\n<table style=\"width: 114.555%; height: 77px;\" width=\"604\">\n<tbody>\n<tr style=\"height: 10px;\">\n<td style=\"width: 21.0616%; height: 32px; text-align: center;\" width=\"121\">Jos\u00e9 Antonio<\/td>\n<td style=\"width: 24.3151%; height: 32px; text-align: center;\" width=\"140\">Dom\u00ednguez G\u00f3mez<\/td>\n<td style=\"width: 69.3166%; height: 32px; text-align: center;\" width=\"343\">Agrupaci\u00f3n Fotogr\u00e1fica Jerezana San Dionisio<\/td>\n<\/tr>\n<tr style=\"height: 24px;\">\n<td style=\"width: 21.0616%; height: 35px; text-align: center;\">Manuel Antonio<\/td>\n<td style=\"width: 24.3151%; height: 35px; text-align: center;\">Iglesias Mesa<\/td>\n<td style=\"width: 69.3166%; height: 35px; text-align: center;\">Asociaci\u00f3n Fotogr\u00e1fica Alcalare\u00f1a. Sevilla<\/td>\n<\/tr>\n<tr style=\"height: 24px;\">\n<td style=\"width: 21.0616%; height: 10px; text-align: center;\">Jos\u00e9<\/td>\n<td style=\"width: 24.3151%; height: 10px; text-align: center;\">V\u00e1zquez Llamas<\/td>\n<td style=\"width: 69.3166%; height: 10px; text-align: center;\">Agrupaci\u00f3n Fotogr\u00e1fica Jerezana San Dionisio<\/td>\n<\/tr>\n<\/tbody>\n<\/table>\n","protected":false},"excerpt":{"rendered":"<p>El jurado de la IV liga Afopriego est\u00e1 compuesto por miembros del Cuerpo de de Jurados de la Federaci\u00f3n Andaluza de Fotograf\u00eda:\u00a0 Jos\u00e9 Antonio Dom\u00ednguez G\u00f3mez Agrupaci\u00f3n Fotogr\u00e1fica Jerezana San Dionisio Manuel Antonio Iglesias Mesa Asociaci\u00f3n Fotogr\u00e1fica Alcalare\u00f1a. Sevilla Jos\u00e9 &hellip; <a href=\"https:\/\/afopriego.com\/?page_id=9421\">Sigue leyendo <span class=\"meta-nav\">&rarr;<\/span><\/a><\/p>\n","protected":false},"author":3,"featured_media":9306,"parent":0,"menu_order":0,"comment_status":"closed","ping_status":"closed","template":"","meta":{"_crdt_document":"","pagelayer_contact_templates":[],"_pagelayer_content":"","footnotes":""},"class_list":["post-9421","page","type-page","status-publish","has-post-thumbnail","hentry"],"_links":{"self":[{"href":"https:\/\/afopriego.com\/index.php?rest_route=\/wp\/v2\/pages\/9421","targetHints":{"allow":["GET"]}}],"collection":[{"href":"https:\/\/afopriego.com\/index.php?rest_route=\/wp\/v2\/pages"}],"about":[{"href":"https:\/\/afopriego.com\/index.php?rest_route=\/wp\/v2\/types\/page"}],"author":[{"embeddable":true,"href":"https:\/\/afopriego.com\/index.php?rest_route=\/wp\/v2\/users\/3"}],"replies":[{"embeddable":true,"href":"https:\/\/afopriego.com\/index.php?rest_route=%2Fwp%2Fv2%2Fcomments&post=9421"}],"version-history":[{"count":0,"href":"https:\/\/afopriego.com\/index.php?rest_route=\/wp\/v2\/pages\/9421\/revisions"}],"wp:featuredmedia":[{"embeddable":true,"href":"https:\/\/afopriego.com\/index.php?rest_route=\/wp\/v2\/media\/9306"}],"wp:attachment":[{"href":"https:\/\/afopriego.com\/index.php?rest_route=%2Fwp%2Fv2%2Fmedia&parent=9421"}],"curies":[{"name":"wp","href":"https:\/\/api.w.org\/{rel}","templated":true}]}}