{"id":9391,"date":"2024-02-01T00:00:56","date_gmt":"2024-01-31T23:00:56","guid":{"rendered":"https:\/\/afopriego.com\/?page_id=9391"},"modified":"2024-06-16T20:18:01","modified_gmt":"2024-06-16T18:18:01","slug":"nueva-para-subir","status":"publish","type":"page","link":"https:\/\/afopriego.com\/?page_id=9391","title":{"rendered":"P\u00e1gina para subir fotograf\u00edas de la Liga"},"content":{"rendered":"<p style=\"text-align: center;\"><span style=\"font-size: 17px;\"><b style=\"font-size: 17px;\">Formulario para subir <\/b><span style=\"font-size: 17px;\"><b>fotograf\u00edas<\/b><\/span><b style=\"font-size: 17px;\"> a la IV liga<\/b><\/span><\/p>\n<p><img fetchpriority=\"high\" decoding=\"async\" class=\"wp-image-10775 size-medium aligncenter\" src=\"https:\/\/afopriego.com\/wp-content\/uploads\/2024\/06\/ConvocatoriaExtraordinaria-II_-300x212.jpg\" alt=\"\" width=\"300\" height=\"212\" srcset=\"https:\/\/afopriego.com\/wp-content\/uploads\/2024\/06\/ConvocatoriaExtraordinaria-II_-300x212.jpg 300w, https:\/\/afopriego.com\/wp-content\/uploads\/2024\/06\/ConvocatoriaExtraordinaria-II_-500x353.jpg 500w, https:\/\/afopriego.com\/wp-content\/uploads\/2024\/06\/ConvocatoriaExtraordinaria-II_-768x543.jpg 768w, https:\/\/afopriego.com\/wp-content\/uploads\/2024\/06\/ConvocatoriaExtraordinaria-II_-425x300.jpg 425w, https:\/\/afopriego.com\/wp-content\/uploads\/2024\/06\/ConvocatoriaExtraordinaria-II_.jpg 1070w\" sizes=\"(max-width: 300px) 100vw, 300px\" \/><\/p>\n[contact-form-7 id=&#8221;cb925eb&#8221; title=&#8221;Formulario gen\u00e9rico para env\u00edo de im\u00e1genes&#8221;]\n","protected":false},"excerpt":{"rendered":"<p>Formulario para subir fotograf\u00edas a la IV liga [contact-form-7 id=&#8221;cb925eb&#8221; title=&#8221;Formulario gen\u00e9rico para env\u00edo de im\u00e1genes&#8221;]<\/p>\n","protected":false},"author":3,"featured_media":9306,"parent":9274,"menu_order":0,"comment_status":"closed","ping_status":"closed","template":"","meta":{"_crdt_document":"","pagelayer_contact_templates":[],"_pagelayer_content":"","footnotes":""},"class_list":["post-9391","page","type-page","status-publish","has-post-thumbnail","hentry"],"_links":{"self":[{"href":"https:\/\/afopriego.com\/index.php?rest_route=\/wp\/v2\/pages\/9391","targetHints":{"allow":["GET"]}}],"collection":[{"href":"https:\/\/afopriego.com\/index.php?rest_route=\/wp\/v2\/pages"}],"about":[{"href":"https:\/\/afopriego.com\/index.php?rest_route=\/wp\/v2\/types\/page"}],"author":[{"embeddable":true,"href":"https:\/\/afopriego.com\/index.php?rest_route=\/wp\/v2\/users\/3"}],"replies":[{"embeddable":true,"href":"https:\/\/afopriego.com\/index.php?rest_route=%2Fwp%2Fv2%2Fcomments&post=9391"}],"version-history":[{"count":0,"href":"https:\/\/afopriego.com\/index.php?rest_route=\/wp\/v2\/pages\/9391\/revisions"}],"up":[{"embeddable":true,"href":"https:\/\/afopriego.com\/index.php?rest_route=\/wp\/v2\/pages\/9274"}],"wp:featuredmedia":[{"embeddable":true,"href":"https:\/\/afopriego.com\/index.php?rest_route=\/wp\/v2\/media\/9306"}],"wp:attachment":[{"href":"https:\/\/afopriego.com\/index.php?rest_route=%2Fwp%2Fv2%2Fmedia&parent=9391"}],"curies":[{"name":"wp","href":"https:\/\/api.w.org\/{rel}","templated":true}]}}