{"id":9274,"date":"2023-12-26T13:36:49","date_gmt":"2023-12-26T12:36:49","guid":{"rendered":"https:\/\/afopriego.com\/?page_id=9274"},"modified":"2025-05-18T16:30:02","modified_gmt":"2025-05-18T14:30:02","slug":"iv-liga-afopriego-2024","status":"publish","type":"page","link":"https:\/\/afopriego.com\/?page_id=9274","title":{"rendered":"IV Liga Afopriego 2024"},"content":{"rendered":"\t\t<div data-elementor-type=\"wp-page\" data-elementor-id=\"9274\" class=\"elementor elementor-9274\">\n\t\t\t\t\t\t<section class=\"elementor-section elementor-top-section elementor-element elementor-element-52a56302 elementor-section-boxed elementor-section-height-default elementor-section-height-default\" data-id=\"52a56302\" data-element_type=\"section\">\n\t\t\t\t\t\t<div class=\"elementor-container elementor-column-gap-default\">\n\t\t\t\t\t<div class=\"elementor-column elementor-col-100 elementor-top-column elementor-element elementor-element-171ae763\" data-id=\"171ae763\" data-element_type=\"column\">\n\t\t\t<div class=\"elementor-widget-wrap elementor-element-populated\">\n\t\t\t\t\t\t<div class=\"elementor-element elementor-element-eb8b546 elementor-widget elementor-widget-text-editor\" data-id=\"eb8b546\" data-element_type=\"widget\" data-widget_type=\"text-editor.default\">\n\t\t\t\t<div class=\"elementor-widget-container\">\n\t\t\t\t\t\t\t\t\t<p style=\"text-align: center;\">El tiempo para subir fotograf\u00edas para la pr\u00f3xima convocatoria finaliza en:<\/p>\t\t\t\t\t\t\t\t<\/div>\n\t\t\t\t<\/div>\n\t\t\t\t<div class=\"elementor-element elementor-element-d0bf9ad elementor-widget__width-inherit elementor-widget elementor-widget-eael-countdown\" data-id=\"d0bf9ad\" data-element_type=\"widget\" data-widget_type=\"eael-countdown.default\">\n\t\t\t\t<div class=\"elementor-widget-container\">\n\t\t\t\t\t\n\t\t<div class=\"eael-countdown-wrapper\" data-countdown-id=\"d0bf9ad\" data-expire-type=\"none\" data-countdown-type=\"due_date\">\n\t\t\t<div class=\"eael-countdown-container eael-countdown-label-block   \">\n                                    <ul id=\"eael-countdown-d0bf9ad\" class=\"eael-countdown-items\" data-date=\"Jun 30 2024 23:59:00 +2\">\n                        <li class=\"eael-countdown-item\"><div class=\"eael-countdown-days\"><span data-days class=\"eael-countdown-digits\">00<\/span><span class=\"eael-countdown-label\"> D\u00edas<\/span><\/div><\/li>                        <li class=\"eael-countdown-item\"><div class=\"eael-countdown-hours\"><span data-hours class=\"eael-countdown-digits\">00<\/span><span class=\"eael-countdown-label\"> Horas<\/span><\/div><\/li>                        <li class=\"eael-countdown-item\"><div class=\"eael-countdown-minutes\"><span data-minutes class=\"eael-countdown-digits\">00<\/span><span class=\"eael-countdown-label\"> Minutos<\/span><\/div><\/li>                        <li class=\"eael-countdown-item\"><div class=\"eael-countdown-seconds\"><span data-seconds class=\"eael-countdown-digits\">00<\/span><span class=\"eael-countdown-label\"> Segundos<\/span><\/div><\/li>                    <\/ul>\n                    <div class=\"eael-countdown-expiry-template\" style=\"display: none;\">\n                                            <\/div>\n               \n\t\t\t    <div class=\"clearfix\"><\/div>\n\t\t\t<\/div>\n\t\t<\/div>\n\n\t\t\t\t\t<\/div>\n\t\t\t\t<\/div>\n\t\t\t\t<div class=\"elementor-element elementor-element-45152790 elementor-widget__width-initial elementor-widget elementor-widget-text-editor\" data-id=\"45152790\" data-element_type=\"widget\" data-widget_type=\"text-editor.default\">\n\t\t\t\t<div class=\"elementor-widget-container\">\n\t\t\t\t\t\t\t\t\t<div><table style=\"font-size: 15px; color: var( --e-global-color-text ); height: 24px; border-collapse: collapse; border-top-style: solid; border-right-style: solid; border-left-style: solid; border-color: #000000;\"><tbody><tr style=\"height: 24px;\"><td style=\"width: 12.5571%; height: 24px; background-color: #c3d7e3; border-right-style: solid; border-bottom-style: solid; border-left-style: solid; border-color: #000000; text-align: center;\"><a href=\"https:\/\/afopriego.com\/wp-content\/uploads\/2023\/12\/Bases-IV-Liga-.pdf\"><strong>Bases<\/strong><\/a><\/td><td style=\"width: 18.5503%; height: 24px; background-color: #e6e1a8; text-align: center; border-right-style: solid; border-bottom-style: solid; border-left-style: solid; border-color: #000000;\"><strong>Inscripci\u00f3n<\/strong><\/td><td style=\"width: 24.0297%; height: 24px; background-color: #c8ebc3; text-align: center; border-right-style: solid; border-bottom-style: solid; border-left-style: solid; border-color: #000000;\"><a href=\"https:\/\/afopriego.com\/?page_id=9391\" target=\"_blank\" rel=\"noopener\"><strong>Subir Fotograf\u00eda<\/strong><\/a><\/td><td style=\"width: 19.9202%; height: 24px; background-color: #f2d8da; text-align: center; border-right-style: solid; border-bottom-style: solid; border-left-style: solid; border-color: #000000;\"><a href=\"https:\/\/afopriego.com\/?page_id=9663\" target=\"_blank\" rel=\"noopener\"><strong>Resultados<\/strong><\/a><\/td><td style=\"width: 16.3242%; height: 24px; background-color: #e9f2f2; text-align: center; border-right-style: solid; border-bottom-style: solid; border-left-style: solid; border-color: #000000;\"><strong><a href=\"https:\/\/afopriego.com\/?page_id=9421\" target=\"_blank\" rel=\"noopener\">Ver Jurado<\/a><\/strong><\/td><td style=\"width: 8.61874%; height: 24px; background-color: #faf89b; text-align: center; border-right-style: solid; border-bottom-style: solid; border-left-style: solid; border-color: #000000;\"><strong><a href=\"https:\/\/afopriego.com\/\">Salir<\/a><\/strong><\/td><\/tr><\/tbody><\/table><\/div><table style=\"width: 100%;\"><tbody><tr><td style=\"text-align: center; width: 6.75676%;\" colspan=\"2\"><strong><em>Haz clic en la opci\u00f3n que desees<\/em><\/strong><\/td><\/tr><tr><td style=\"text-align: center; width: 6.75676%;\" colspan=\"2\"><img fetchpriority=\"high\" decoding=\"async\" class=\"alignnone wp-image-10775 size-medium\" src=\"https:\/\/afopriego.com\/wp-content\/uploads\/2024\/06\/ConvocatoriaExtraordinaria-II_-300x212.jpg\" alt=\"\" width=\"300\" height=\"212\" srcset=\"https:\/\/afopriego.com\/wp-content\/uploads\/2024\/06\/ConvocatoriaExtraordinaria-II_-300x212.jpg 300w, https:\/\/afopriego.com\/wp-content\/uploads\/2024\/06\/ConvocatoriaExtraordinaria-II_-500x353.jpg 500w, https:\/\/afopriego.com\/wp-content\/uploads\/2024\/06\/ConvocatoriaExtraordinaria-II_-768x543.jpg 768w, https:\/\/afopriego.com\/wp-content\/uploads\/2024\/06\/ConvocatoriaExtraordinaria-II_-425x300.jpg 425w, https:\/\/afopriego.com\/wp-content\/uploads\/2024\/06\/ConvocatoriaExtraordinaria-II_.jpg 1070w\" sizes=\"(max-width: 300px) 100vw, 300px\" \/><\/td><\/tr><tr><td style=\"text-align: center;\" colspan=\"2\"><img decoding=\"async\" class=\"alignnone wp-image-10703 size-medium\" src=\"https:\/\/afopriego.com\/wp-content\/uploads\/2024\/05\/Convocatoria-6-300x212.jpg\" alt=\"\" width=\"300\" height=\"212\" srcset=\"https:\/\/afopriego.com\/wp-content\/uploads\/2024\/05\/Convocatoria-6-300x212.jpg 300w, https:\/\/afopriego.com\/wp-content\/uploads\/2024\/05\/Convocatoria-6-500x353.jpg 500w, https:\/\/afopriego.com\/wp-content\/uploads\/2024\/05\/Convocatoria-6-768x543.jpg 768w, https:\/\/afopriego.com\/wp-content\/uploads\/2024\/05\/Convocatoria-6-425x300.jpg 425w, https:\/\/afopriego.com\/wp-content\/uploads\/2024\/05\/Convocatoria-6.jpg 900w\" sizes=\"(max-width: 300px) 100vw, 300px\" \/><\/td><\/tr><tr><td style=\"text-align: center;\" colspan=\"2\"><img decoding=\"async\" class=\"alignnone wp-image-10583 size-medium\" src=\"https:\/\/afopriego.com\/wp-content\/uploads\/2024\/05\/Convocatoria-5-300x212.jpg\" alt=\"\" width=\"300\" height=\"212\" srcset=\"https:\/\/afopriego.com\/wp-content\/uploads\/2024\/05\/Convocatoria-5-300x212.jpg 300w, https:\/\/afopriego.com\/wp-content\/uploads\/2024\/05\/Convocatoria-5-500x353.jpg 500w, https:\/\/afopriego.com\/wp-content\/uploads\/2024\/05\/Convocatoria-5-768x543.jpg 768w, https:\/\/afopriego.com\/wp-content\/uploads\/2024\/05\/Convocatoria-5-1536x1086.jpg 1536w, https:\/\/afopriego.com\/wp-content\/uploads\/2024\/05\/Convocatoria-5-424x300.jpg 424w, https:\/\/afopriego.com\/wp-content\/uploads\/2024\/05\/Convocatoria-5.jpg 1754w\" sizes=\"(max-width: 300px) 100vw, 300px\" \/><\/td><\/tr><tr><td style=\"text-align: center;\" colspan=\"2\"><img loading=\"lazy\" decoding=\"async\" class=\"alignnone wp-image-10474 size-medium\" src=\"https:\/\/afopriego.com\/wp-content\/uploads\/2024\/04\/ConvocatoriaExtraordinaria_-300x212.jpg\" alt=\"\" width=\"300\" height=\"212\" srcset=\"https:\/\/afopriego.com\/wp-content\/uploads\/2024\/04\/ConvocatoriaExtraordinaria_-300x212.jpg 300w, https:\/\/afopriego.com\/wp-content\/uploads\/2024\/04\/ConvocatoriaExtraordinaria_-500x353.jpg 500w, https:\/\/afopriego.com\/wp-content\/uploads\/2024\/04\/ConvocatoriaExtraordinaria_-768x543.jpg 768w, https:\/\/afopriego.com\/wp-content\/uploads\/2024\/04\/ConvocatoriaExtraordinaria_-425x300.jpg 425w, https:\/\/afopriego.com\/wp-content\/uploads\/2024\/04\/ConvocatoriaExtraordinaria_.jpg 1200w\" sizes=\"(max-width: 300px) 100vw, 300px\" \/><\/td><\/tr><tr><td style=\"text-align: center; width: 6.75676%;\" colspan=\"2\"><img loading=\"lazy\" decoding=\"async\" class=\"alignnone wp-image-10406 size-medium\" src=\"https:\/\/afopriego.com\/wp-content\/uploads\/2024\/03\/Convocatoria-4-para-web-300x212.jpg\" alt=\"\" width=\"300\" height=\"212\" srcset=\"https:\/\/afopriego.com\/wp-content\/uploads\/2024\/03\/Convocatoria-4-para-web-300x212.jpg 300w, https:\/\/afopriego.com\/wp-content\/uploads\/2024\/03\/Convocatoria-4-para-web-500x354.jpg 500w, https:\/\/afopriego.com\/wp-content\/uploads\/2024\/03\/Convocatoria-4-para-web-768x543.jpg 768w, https:\/\/afopriego.com\/wp-content\/uploads\/2024\/03\/Convocatoria-4-para-web-424x300.jpg 424w, https:\/\/afopriego.com\/wp-content\/uploads\/2024\/03\/Convocatoria-4-para-web.jpg 800w\" sizes=\"(max-width: 300px) 100vw, 300px\" \/><\/td><\/tr><tr><td style=\"text-align: center; width: 6.75676%;\" colspan=\"2\"><img loading=\"lazy\" decoding=\"async\" class=\"aligncenter wp-image-10041\" src=\"https:\/\/afopriego.com\/wp-content\/uploads\/2024\/02\/Convocatoria-3-web.jpg\" alt=\"\" width=\"320\" height=\"226\" srcset=\"https:\/\/afopriego.com\/wp-content\/uploads\/2024\/02\/Convocatoria-3-web.jpg 1080w, https:\/\/afopriego.com\/wp-content\/uploads\/2024\/02\/Convocatoria-3-web-300x212.jpg 300w, https:\/\/afopriego.com\/wp-content\/uploads\/2024\/02\/Convocatoria-3-web-500x353.jpg 500w, https:\/\/afopriego.com\/wp-content\/uploads\/2024\/02\/Convocatoria-3-web-768x543.jpg 768w, https:\/\/afopriego.com\/wp-content\/uploads\/2024\/02\/Convocatoria-3-web-425x300.jpg 425w\" sizes=\"(max-width: 320px) 100vw, 320px\" \/><\/td><\/tr><tr><td style=\"text-align: center; width: 6.75676%;\" colspan=\"2\"><img loading=\"lazy\" decoding=\"async\" class=\"aligncenter\" src=\"https:\/\/afopriego.com\/wp-content\/uploads\/2024\/01\/Convocatoria-2-web.jpg\" alt=\"\" width=\"320\" height=\"229\" \/><\/td><\/tr><tr><td style=\"width: 6.75676%; text-align: center;\" colspan=\"2\"><img loading=\"lazy\" decoding=\"async\" class=\"aligncenter\" style=\"text-align: left;\" src=\"https:\/\/afopriego.com\/wp-content\/uploads\/2023\/12\/Convocatoria-1-1024x724.jpg\" alt=\"\" width=\"321\" height=\"230\" \/><\/td><\/tr><\/tbody><\/table>\t\t\t\t\t\t\t\t<\/div>\n\t\t\t\t<\/div>\n\t\t\t\t\t<\/div>\n\t\t<\/div>\n\t\t\t\t\t<\/div>\n\t\t<\/section>\n\t\t\t\t<section class=\"elementor-section elementor-top-section elementor-element elementor-element-e5aa717 elementor-section-boxed elementor-section-height-default elementor-section-height-default\" data-id=\"e5aa717\" data-element_type=\"section\">\n\t\t\t\t\t\t<div class=\"elementor-container elementor-column-gap-default\">\n\t\t\t\t\t<div class=\"elementor-column elementor-col-100 elementor-top-column elementor-element elementor-element-5ed1877\" data-id=\"5ed1877\" data-element_type=\"column\">\n\t\t\t<div class=\"elementor-widget-wrap\">\n\t\t\t\t\t\t\t<\/div>\n\t\t<\/div>\n\t\t\t\t\t<\/div>\n\t\t<\/section>\n\t\t\t\t<\/div>\n\t\t","protected":false},"excerpt":{"rendered":"<p>El tiempo para subir fotograf\u00edas para la pr\u00f3xima convocatoria finaliza en: 00 D\u00edas 00 Horas 00 Minutos 00 Segundos Bases Inscripci\u00f3n Subir Fotograf\u00eda Resultados Ver Jurado Salir Haz clic en la opci\u00f3n que desees<\/p>\n","protected":false},"author":3,"featured_media":9306,"parent":0,"menu_order":0,"comment_status":"closed","ping_status":"closed","template":"","meta":{"_crdt_document":"","pagelayer_contact_templates":[],"_pagelayer_content":"","footnotes":""},"class_list":["post-9274","page","type-page","status-publish","has-post-thumbnail","hentry"],"_links":{"self":[{"href":"https:\/\/afopriego.com\/index.php?rest_route=\/wp\/v2\/pages\/9274","targetHints":{"allow":["GET"]}}],"collection":[{"href":"https:\/\/afopriego.com\/index.php?rest_route=\/wp\/v2\/pages"}],"about":[{"href":"https:\/\/afopriego.com\/index.php?rest_route=\/wp\/v2\/types\/page"}],"author":[{"embeddable":true,"href":"https:\/\/afopriego.com\/index.php?rest_route=\/wp\/v2\/users\/3"}],"replies":[{"embeddable":true,"href":"https:\/\/afopriego.com\/index.php?rest_route=%2Fwp%2Fv2%2Fcomments&post=9274"}],"version-history":[{"count":4,"href":"https:\/\/afopriego.com\/index.php?rest_route=\/wp\/v2\/pages\/9274\/revisions"}],"predecessor-version":[{"id":14772,"href":"https:\/\/afopriego.com\/index.php?rest_route=\/wp\/v2\/pages\/9274\/revisions\/14772"}],"wp:featuredmedia":[{"embeddable":true,"href":"https:\/\/afopriego.com\/index.php?rest_route=\/wp\/v2\/media\/9306"}],"wp:attachment":[{"href":"https:\/\/afopriego.com\/index.php?rest_route=%2Fwp%2Fv2%2Fmedia&parent=9274"}],"curies":[{"name":"wp","href":"https:\/\/api.w.org\/{rel}","templated":true}]}}