{"id":848,"date":"2018-10-01T10:33:54","date_gmt":"2018-10-01T08:33:54","guid":{"rendered":"https:\/\/afopriego.com\/?page_id=848"},"modified":"2022-01-06T18:21:05","modified_gmt":"2022-01-06T17:21:05","slug":"documentos","status":"publish","type":"page","link":"https:\/\/afopriego.com\/?page_id=848","title":{"rendered":"III Quedada de Fot\u00f3grafos Andaluces"},"content":{"rendered":"<p><iframe src=\"https:\/\/www.youtube.com\/embed\/UZMkd8XtZOw?ecver=1\" width=\"956\" height=\"538\" frameborder=\"0\" allowfullscreen=\"allowfullscreen\"><span data-mce-type=\"bookmark\" style=\"display: inline-block; width: 0px; overflow: hidden; line-height: 0;\" class=\"mce_SELRES_start\">\ufeff<\/span><span data-mce-type=\"bookmark\" style=\"display: inline-block; width: 0px; overflow: hidden; line-height: 0;\" class=\"mce_SELRES_start\">\ufeff<\/span><span data-mce-type=\"bookmark\" style=\"display: inline-block; width: 0px; overflow: hidden; line-height: 0;\" class=\"mce_SELRES_start\">\ufeff<\/span><span data-mce-type=\"bookmark\" style=\"display: inline-block; width: 0px; overflow: hidden; line-height: 0;\" class=\"mce_SELRES_start\">\ufeff<\/span><\/iframe><\/p>\n<ul>\n<li><a href=\"https:\/\/drive.google.com\/file\/d\/1e7j8N04uMAq2hqqE9vlToz6OznVdB4xa\/view?usp=sharing\" target=\"_blank\" rel=\"noopener noreferrer\"><span style=\"font-size: 12pt; color: #008000;\"><em><strong>Programa de la III Quedada de Fot\u00f3grafos Andaluces, organizada por la Federaci\u00f3n Andaluza de Fotograf\u00eda en la ciudad de Priego de C\u00f3rdoba.<\/strong><\/em><\/span><\/a><\/li>\n<li><a href=\"https:\/\/drive.google.com\/file\/d\/1B3ip_rc2DPSgelC7NnkqzlJ8qV_CeN6q\/view?usp=sharing\" target=\"_blank\" rel=\"noopener noreferrer\"><span style=\"color: #800000; font-size: 12pt;\"><em><strong>Visita tur\u00edstica a Priego de C\u00f3rdoba, rutas y puntos fotogr\u00e1ficos de inter\u00e9s.<\/strong><\/em><\/span><\/a><\/li>\n<li><a href=\"https:\/\/afopriego.com\/?page_id=2542\" target=\"_blank\" rel=\"noopener noreferrer\"><span style=\"color: #800000;\"><em><strong>Fotos de las actividades durante la III Quedada.<\/strong><\/em><\/span><\/a><\/li>\n<\/ul>\n<p><span style=\"color: #008000;\"><strong><em><span style=\"font-size: 14pt;\">V\u00eddeo resumen de la III Quedada<\/span><\/em><\/strong><\/span><br \/>\n<iframe src=\"https:\/\/www.youtube.com\/embed\/kD_WfVvHy1E?ecver=1\" width=\"560\" height=\"315\" frameborder=\"0\" allowfullscreen=\"allowfullscreen\"><span data-mce-type=\"bookmark\" style=\"display: inline-block; width: 0px; overflow: hidden; line-height: 0;\" class=\"mce_SELRES_start\"><\/span><span data-mce-type=\"bookmark\" style=\"display: inline-block; width: 0px; overflow: hidden; line-height: 0;\" class=\"mce_SELRES_start\"><\/span><\/iframe><\/p>\n","protected":false},"excerpt":{"rendered":"<p>\ufeff\ufeff\ufeff\ufeff Programa de la III Quedada de Fot\u00f3grafos Andaluces, organizada por la Federaci\u00f3n Andaluza de Fotograf\u00eda en la ciudad de Priego de C\u00f3rdoba. Visita tur\u00edstica a Priego de C\u00f3rdoba, rutas y puntos fotogr\u00e1ficos de inter\u00e9s. Fotos de las actividades durante &hellip; <a href=\"https:\/\/afopriego.com\/?page_id=848\">Sigue leyendo <span class=\"meta-nav\">&rarr;<\/span><\/a><\/p>\n","protected":false},"author":1,"featured_media":7113,"parent":3193,"menu_order":2,"comment_status":"closed","ping_status":"closed","template":"","meta":{"_crdt_document":"","pagelayer_contact_templates":[],"_pagelayer_content":"","footnotes":""},"class_list":["post-848","page","type-page","status-publish","has-post-thumbnail","hentry"],"_links":{"self":[{"href":"https:\/\/afopriego.com\/index.php?rest_route=\/wp\/v2\/pages\/848","targetHints":{"allow":["GET"]}}],"collection":[{"href":"https:\/\/afopriego.com\/index.php?rest_route=\/wp\/v2\/pages"}],"about":[{"href":"https:\/\/afopriego.com\/index.php?rest_route=\/wp\/v2\/types\/page"}],"author":[{"embeddable":true,"href":"https:\/\/afopriego.com\/index.php?rest_route=\/wp\/v2\/users\/1"}],"replies":[{"embeddable":true,"href":"https:\/\/afopriego.com\/index.php?rest_route=%2Fwp%2Fv2%2Fcomments&post=848"}],"version-history":[{"count":0,"href":"https:\/\/afopriego.com\/index.php?rest_route=\/wp\/v2\/pages\/848\/revisions"}],"up":[{"embeddable":true,"href":"https:\/\/afopriego.com\/index.php?rest_route=\/wp\/v2\/pages\/3193"}],"wp:featuredmedia":[{"embeddable":true,"href":"https:\/\/afopriego.com\/index.php?rest_route=\/wp\/v2\/media\/7113"}],"wp:attachment":[{"href":"https:\/\/afopriego.com\/index.php?rest_route=%2Fwp%2Fv2%2Fmedia&parent=848"}],"curies":[{"name":"wp","href":"https:\/\/api.w.org\/{rel}","templated":true}]}}