{"id":7328,"date":"2022-02-09T12:11:05","date_gmt":"2022-02-09T11:11:05","guid":{"rendered":"https:\/\/afopriego.com\/?page_id=7328"},"modified":"2023-08-22T10:04:35","modified_gmt":"2023-08-22T08:04:35","slug":"resultados-ii-liga-local-afopriego","status":"publish","type":"page","link":"https:\/\/afopriego.com\/?page_id=7328","title":{"rendered":"III Liga local AfoPriego"},"content":{"rendered":"<p><\/p>\r\n<table style=\"border-collapse: collapse; width: 100%; height: 98px;\">\r\n<tbody>\r\n<tr style=\"height: 64px;\">\r\n<td style=\"width: 41.2671%; height: 98px; text-align: center; vertical-align: middle;\" rowspan=\"2\"><a href=\"https:\/\/afopriego.com\/wp-content\/uploads\/2023\/06\/Convocatoria-6.jpg\"><img fetchpriority=\"high\" decoding=\"async\" class=\"alignnone size-medium wp-image-8986\" src=\"https:\/\/afopriego.com\/wp-content\/uploads\/2023\/06\/Convocatoria-6-300x212.jpg\" alt=\"\" width=\"300\" height=\"212\" srcset=\"https:\/\/afopriego.com\/wp-content\/uploads\/2023\/06\/Convocatoria-6-300x212.jpg 300w, https:\/\/afopriego.com\/wp-content\/uploads\/2023\/06\/Convocatoria-6-1024x724.jpg 1024w, https:\/\/afopriego.com\/wp-content\/uploads\/2023\/06\/Convocatoria-6-768x543.jpg 768w, https:\/\/afopriego.com\/wp-content\/uploads\/2023\/06\/Convocatoria-6-1536x1086.jpg 1536w, https:\/\/afopriego.com\/wp-content\/uploads\/2023\/06\/Convocatoria-6-424x300.jpg 424w, https:\/\/afopriego.com\/wp-content\/uploads\/2023\/06\/Convocatoria-6.jpg 1754w\" sizes=\"(max-width: 300px) 100vw, 300px\" \/><\/a><\/td>\r\n<td style=\"width: 58.7329%; height: 20px; text-align: center; vertical-align: middle;\">\r\n<p><a href=\"https:\/\/afopriego.com\/?robo_gallery_table=blanco-y-negro-partner-2\" target=\"_blank\" rel=\"noopener\"><strong><span style=\"font-size: 10pt;\">Galer\u00eda PARTNER Convocatoria Retrato<\/span><\/strong><\/a><\/p>\r\n<p><span style=\"font-size: 12px;\">Entra en El Rinc\u00f3n del socio para ver c\u00f3mo se ha organizado la LIGA y ver el Acta, en el apartado &gt; Ligas fotogr\u00e1ficas\u00a0 \u00a0 \u00a0 \u00a0 \u00a0<span style=\"font-size: 13px;\"><a href=\"https:\/\/afopriego.com\/?page_id=8420\" target=\"_blank\" rel=\"noopener\">Ir a CLASIFICACION<\/a><\/span><\/span><\/p>\r\n<\/td>\r\n<\/tr>\r\n<tr style=\"height: 72px;\">\r\n<td style=\"width: 58.7329%; text-align: center; vertical-align: middle; height: 10px;\">\r\n<p><a href=\"https:\/\/afopriego.com\/?robo_gallery_table=open-5-2\" target=\"_blank\" rel=\"noopener\"><span style=\"font-size: 10pt;\"><strong>Galer\u00eda OPEN 6\u00ba Convocatoria Tema libre<\/strong><\/span><\/a><\/p>\r\n<p><span style=\"font-size: 13px;\"><a href=\"https:\/\/afopriego.com\/wp-content\/uploads\/2023\/08\/Extracto-Acta-de-la-III-Liga-Afopriego-OPEN.pdf\" target=\"_blank\" rel=\"noopener\">Ver extracto del Acta<\/a>\u00a0 \u00a0 \u00a0 \u00a0 \u00a0 \u00a0 \u00a0 \u00a0 \u00a0 \u00a0<a href=\"https:\/\/afopriego.com\/?page_id=8444\" target=\"_blank\" rel=\"noopener\"> \u00a0Ir a CLASIFICACION<\/a><\/span><\/p>\r\n<\/td>\r\n<\/tr>\r\n<\/tbody>\r\n<\/table>\r\n<table style=\"border-collapse: collapse; width: 100%; height: 136px;\">\r\n<tbody>\r\n<tr style=\"height: 64px;\">\r\n<td style=\"width: 41.2671%; height: 136px; text-align: center; vertical-align: middle;\" rowspan=\"2\"><a href=\"https:\/\/afopriego.com\/wp-content\/uploads\/2023\/05\/Convocatoria-5.jpg\"><img decoding=\"async\" class=\"alignnone size-medium wp-image-8930\" src=\"https:\/\/afopriego.com\/wp-content\/uploads\/2023\/05\/Convocatoria-5-300x212.jpg\" alt=\"\" width=\"300\" height=\"212\" srcset=\"https:\/\/afopriego.com\/wp-content\/uploads\/2023\/05\/Convocatoria-5-300x212.jpg 300w, https:\/\/afopriego.com\/wp-content\/uploads\/2023\/05\/Convocatoria-5-1024x724.jpg 1024w, https:\/\/afopriego.com\/wp-content\/uploads\/2023\/05\/Convocatoria-5-768x543.jpg 768w, https:\/\/afopriego.com\/wp-content\/uploads\/2023\/05\/Convocatoria-5-1536x1086.jpg 1536w, https:\/\/afopriego.com\/wp-content\/uploads\/2023\/05\/Convocatoria-5-424x300.jpg 424w, https:\/\/afopriego.com\/wp-content\/uploads\/2023\/05\/Convocatoria-5.jpg 1754w\" sizes=\"(max-width: 300px) 100vw, 300px\" \/><\/a><\/td>\r\n<td style=\"width: 58.7329%; text-align: center; vertical-align: middle; height: 64px;\"><a href=\"https:\/\/afopriego.com\/?page_id=9032\"><strong><span style=\"font-size: 10pt;\">Galer\u00eda PARTNER Convocatoria Street<\/span><\/strong><\/a><\/td>\r\n<\/tr>\r\n<tr style=\"height: 72px;\">\r\n<td style=\"width: 58.7329%; text-align: center; vertical-align: middle; height: 72px;\"><a href=\"https:\/\/afopriego.com\/?page_id=9037\"><span style=\"font-size: 10pt;\"><strong>Galer\u00eda OPEN 5\u00ba Convocatoria Tema libre<\/strong><\/span><\/a><\/td>\r\n<\/tr>\r\n<\/tbody>\r\n<\/table>\r\n<table style=\"border-collapse: collapse; width: 100%; height: 136px;\">\r\n<tbody>\r\n<tr style=\"height: 64px;\">\r\n<td style=\"width: 41.2671%; height: 136px; text-align: center; vertical-align: middle;\" rowspan=\"2\"><a href=\"https:\/\/afopriego.com\/wp-content\/uploads\/2023\/04\/Convocatoria-4.jpg\"><img decoding=\"async\" class=\"alignnone size-medium wp-image-8775\" src=\"https:\/\/afopriego.com\/wp-content\/uploads\/2023\/04\/Convocatoria-4-300x212.jpg\" alt=\"\" width=\"300\" height=\"212\" srcset=\"https:\/\/afopriego.com\/wp-content\/uploads\/2023\/04\/Convocatoria-4-300x212.jpg 300w, https:\/\/afopriego.com\/wp-content\/uploads\/2023\/04\/Convocatoria-4-1024x724.jpg 1024w, https:\/\/afopriego.com\/wp-content\/uploads\/2023\/04\/Convocatoria-4-768x543.jpg 768w, https:\/\/afopriego.com\/wp-content\/uploads\/2023\/04\/Convocatoria-4-1536x1086.jpg 1536w, https:\/\/afopriego.com\/wp-content\/uploads\/2023\/04\/Convocatoria-4-424x300.jpg 424w, https:\/\/afopriego.com\/wp-content\/uploads\/2023\/04\/Convocatoria-4.jpg 1754w\" sizes=\"(max-width: 300px) 100vw, 300px\" \/><\/a><\/td>\r\n<td style=\"width: 58.7329%; text-align: center; vertical-align: middle; height: 64px;\"><a href=\"https:\/\/afopriego.com\/?page_id=8901\"><strong><span style=\"font-size: 10pt;\">Galer\u00eda PARTNER Convocatoria Bodeg\u00f3n<\/span><\/strong><\/a><\/td>\r\n<\/tr>\r\n<tr style=\"height: 72px;\">\r\n<td style=\"width: 58.7329%; text-align: center; vertical-align: middle; height: 72px;\"><a href=\"https:\/\/afopriego.com\/?page_id=8908\"><span style=\"font-size: 10pt;\"><strong>Galer\u00eda OPEN 4\u00ba Convocatoria Tema libre<\/strong><\/span><\/a><\/td>\r\n<\/tr>\r\n<\/tbody>\r\n<\/table>\r\n<table style=\"border-collapse: collapse; width: 100%; height: 136px;\">\r\n<tbody>\r\n<tr style=\"height: 64px;\">\r\n<td style=\"width: 41.2671%; height: 136px; text-align: center; vertical-align: middle;\" rowspan=\"2\"><a href=\"https:\/\/afopriego.com\/wp-content\/uploads\/2023\/03\/Convocatoria-3.jpg\"><img loading=\"lazy\" decoding=\"async\" class=\"alignnone  wp-image-8658\" src=\"https:\/\/afopriego.com\/wp-content\/uploads\/2023\/03\/Convocatoria-3-300x212.jpg\" alt=\"\" width=\"192\" height=\"138\" \/><\/a><\/td>\r\n<td style=\"width: 58.7329%; text-align: center; vertical-align: middle; height: 64px;\"><a href=\"https:\/\/afopriego.com\/?page_id=8777\"><strong><span style=\"font-size: 10pt;\">Galer\u00eda PARTNER Convocatoria Naturaleza<\/span><\/strong><\/a><\/td>\r\n<\/tr>\r\n<tr style=\"height: 72px;\">\r\n<td style=\"width: 58.7329%; text-align: center; vertical-align: middle; height: 72px;\"><a href=\"https:\/\/afopriego.com\/?page_id=8780\"><span style=\"font-size: 10pt;\"><strong>Galer\u00eda OPEN 3\u00ba Convocatoria Tema libre<\/strong><\/span><\/a><\/td>\r\n<\/tr>\r\n<\/tbody>\r\n<\/table>\r\n<table style=\"border-collapse: collapse; width: 100%; height: 34px;\">\r\n<tbody>\r\n<tr style=\"height: 24px;\">\r\n<td style=\"width: 37.5%; height: 34px; text-align: center; vertical-align: middle;\" rowspan=\"2\"><a href=\"https:\/\/afopriego.com\/wp-content\/uploads\/2023\/02\/Convocatoria-2.jpg\"><img loading=\"lazy\" decoding=\"async\" class=\"alignnone  wp-image-8497\" src=\"https:\/\/afopriego.com\/wp-content\/uploads\/2023\/02\/Convocatoria-2-300x212.jpg\" alt=\"\" width=\"213\" height=\"154\" \/><\/a><\/td>\r\n<td style=\"width: 62.5%; height: 10px; text-align: center; vertical-align: middle;\"><a href=\"https:\/\/afopriego.com\/?page_id=8663\"><strong><span style=\"font-size: 10pt;\">Galer\u00eda PARTNER Convocatoria Blanco y Negro<\/span><\/strong><\/a><\/td>\r\n<\/tr>\r\n<tr style=\"height: 24px;\">\r\n<td style=\"width: 62.5%; height: 24px; text-align: center; vertical-align: middle;\"><a href=\"https:\/\/afopriego.com\/?page_id=8669\"><span style=\"font-size: 10pt;\"><strong>Galer\u00eda OPEN 2\u00ba Convocatoria Tema libre<\/strong><\/span><\/a><\/td>\r\n<\/tr>\r\n<\/tbody>\r\n<\/table>\r\n<p>&nbsp;<\/p>\r\n<table style=\"border-collapse: collapse; width: 91.4384%; height: 63px;\">\r\n<tbody>\r\n<tr style=\"height: 24px;\">\r\n<td style=\"width: 38.8699%; height: 63px; text-align: center; vertical-align: middle;\" rowspan=\"2\"><a href=\"https:\/\/afopriego.com\/wp-content\/uploads\/2023\/02\/Convocatoria-1-e1677231229258.jpg\"><img loading=\"lazy\" decoding=\"async\" class=\"alignnone size-medium wp-image-8485\" src=\"https:\/\/afopriego.com\/wp-content\/uploads\/2023\/02\/Convocatoria-1-300x212.jpg\" alt=\"\" width=\"300\" height=\"212\" \/><\/a><\/td>\r\n<td style=\"width: 52.5685%; text-align: center; vertical-align: middle; height: 24px;\"><span style=\"font-size: 10pt;\"><a href=\"https:\/\/afopriego.com\/?page_id=8410\"><strong>Galer\u00eda PARTNER Convocatoria COLOR<\/strong><\/a><\/span><\/td>\r\n<\/tr>\r\n<tr style=\"height: 39px;\">\r\n<td style=\"width: 52.5685%; text-align: center; vertical-align: middle; height: 39px;\"><a href=\"https:\/\/afopriego.com\/?page_id=8339\"><strong><span style=\"font-size: 18pt;\"><span style=\"font-size: 10pt;\">Galer\u00eda OPEN 1\u00ba Convocatoria Tema libre<\/span><\/span><\/strong><\/a><\/td>\r\n<\/tr>\r\n<\/tbody>\r\n<\/table>\r\n<p>Ver Liga anteriores <a href=\"https:\/\/afopriego.com\/?page_id=8469\">2022<\/a> &#8211;\u00a0<\/p>","protected":false},"excerpt":{"rendered":"<p>Galer\u00eda PARTNER Convocatoria Retrato Entra en El Rinc\u00f3n del socio para ver c\u00f3mo se ha organizado la LIGA y ver el Acta, en el apartado &gt; Ligas fotogr\u00e1ficas\u00a0 \u00a0 \u00a0 \u00a0 \u00a0Ir a CLASIFICACION Galer\u00eda OPEN 6\u00ba Convocatoria Tema libre &hellip; <a href=\"https:\/\/afopriego.com\/?page_id=7328\">Sigue leyendo <span class=\"meta-nav\">&rarr;<\/span><\/a><\/p>\n","protected":false},"author":1,"featured_media":8435,"parent":6866,"menu_order":3,"comment_status":"closed","ping_status":"closed","template":"","meta":{"_crdt_document":"","pagelayer_contact_templates":[],"_pagelayer_content":"","footnotes":""},"class_list":["post-7328","page","type-page","status-publish","has-post-thumbnail","hentry"],"_links":{"self":[{"href":"https:\/\/afopriego.com\/index.php?rest_route=\/wp\/v2\/pages\/7328","targetHints":{"allow":["GET"]}}],"collection":[{"href":"https:\/\/afopriego.com\/index.php?rest_route=\/wp\/v2\/pages"}],"about":[{"href":"https:\/\/afopriego.com\/index.php?rest_route=\/wp\/v2\/types\/page"}],"author":[{"embeddable":true,"href":"https:\/\/afopriego.com\/index.php?rest_route=\/wp\/v2\/users\/1"}],"replies":[{"embeddable":true,"href":"https:\/\/afopriego.com\/index.php?rest_route=%2Fwp%2Fv2%2Fcomments&post=7328"}],"version-history":[{"count":0,"href":"https:\/\/afopriego.com\/index.php?rest_route=\/wp\/v2\/pages\/7328\/revisions"}],"up":[{"embeddable":true,"href":"https:\/\/afopriego.com\/index.php?rest_route=\/wp\/v2\/pages\/6866"}],"wp:featuredmedia":[{"embeddable":true,"href":"https:\/\/afopriego.com\/index.php?rest_route=\/wp\/v2\/media\/8435"}],"wp:attachment":[{"href":"https:\/\/afopriego.com\/index.php?rest_route=%2Fwp%2Fv2%2Fmedia&parent=7328"}],"curies":[{"name":"wp","href":"https:\/\/api.w.org\/{rel}","templated":true}]}}