{"id":6797,"date":"2021-12-16T15:28:49","date_gmt":"2021-12-16T14:28:49","guid":{"rendered":"https:\/\/afopriego.com\/?page_id=6797"},"modified":"2025-12-21T22:07:36","modified_gmt":"2025-12-21T21:07:36","slug":"registrate","status":"publish","type":"page","link":"https:\/\/afopriego.com\/?page_id=6797","title":{"rendered":"Reg\u00edstrate"},"content":{"rendered":"<p><\/p>\r\n<table style=\"border-collapse: collapse; width: 100%; height: 245px;\">\r\n<tbody>\r\n<tr style=\"height: 197px;\">\r\n<td style=\"width: 100%; height: 197px;\" colspan=\"2\">\r\n<p class=\"wp-block-paragraph\" style=\"text-align: center;\">Para solicitar registro en AFOPRIEGO, debe rellenar el formulario con los siguientes datos:<\/p>\r\n<p style=\"text-align: center;\"><strong><em>Nombre y Apellidos,\u00a0Fecha de Nacimiento, Correo electr\u00f3nico, Tel\u00e9fono, Direcci\u00f3n y Poblaci\u00f3n. Breve descripci\u00f3n del por qu\u00e9 quieres pertenecer a Afopriego.<\/em><\/strong><\/p>\r\n<p style=\"text-align: center;\"><span style=\"font-size: 12px;\">Recibir\u00e1s en unos d\u00edas un correo de confirmaci\u00f3n con los datos para hacer el ingreso en cuenta de la cuota. (30\u20ac\/a\u00f1o)<\/span><\/p>\r\n<p style=\"text-align: center;\">Para el registro de un concurso solamente rellene el formulario<\/p>\r\n<\/td>\r\n<\/tr>\r\n<tr style=\"height: 24px;\">\r\n<td style=\"width: 100%; text-align: center; height: 24px;\" colspan=\"2\"><strong>Tipo de registro:\u00a0<\/strong><\/td>\r\n<\/tr>\r\n<tr style=\"height: 24px;\">\r\n<td style=\"width: 50%; height: 24px; background-color: #b9edc8; text-align: center;\"><span style=\"font-size: 18px;\"><a href=\"https:\/\/afopriego.com\/concursos\" target=\"_blank\" rel=\"noopener\"><strong>Registro para concurso<\/strong><\/a><\/span><\/td>\r\n<td style=\"width: 50%; height: 24px; background-color: #fafab4; text-align: center;\"><span style=\"font-size: 18px;\"><a href=\"https:\/\/afopriego.com\/?page_id=16860\" target=\"_blank\" rel=\"noopener\"><strong>Asociarse a Afopriego<\/strong><\/a><\/span><\/td>\r\n<\/tr>\r\n<\/tbody>\r\n<\/table>\r\n<p style=\"text-align: center;\">\u00a0<\/p>\r\n\r\n\r\n<p>&nbsp;<\/p>\n","protected":false},"excerpt":{"rendered":"<p>Para solicitar registro en AFOPRIEGO, debe rellenar el formulario con los siguientes datos: Nombre y Apellidos,\u00a0Fecha de Nacimiento, Correo electr\u00f3nico, Tel\u00e9fono, Direcci\u00f3n y Poblaci\u00f3n. Breve descripci\u00f3n del por qu\u00e9 quieres pertenecer a Afopriego. Recibir\u00e1s en unos d\u00edas un correo de &hellip; <a href=\"https:\/\/afopriego.com\/?page_id=6797\">Sigue leyendo <span class=\"meta-nav\">&rarr;<\/span><\/a><\/p>\n","protected":false},"author":1,"featured_media":0,"parent":6788,"menu_order":1,"comment_status":"closed","ping_status":"closed","template":"","meta":{"_crdt_document":"","pagelayer_contact_templates":[],"_pagelayer_content":"","footnotes":""},"class_list":["post-6797","page","type-page","status-publish","hentry"],"_links":{"self":[{"href":"https:\/\/afopriego.com\/index.php?rest_route=\/wp\/v2\/pages\/6797","targetHints":{"allow":["GET"]}}],"collection":[{"href":"https:\/\/afopriego.com\/index.php?rest_route=\/wp\/v2\/pages"}],"about":[{"href":"https:\/\/afopriego.com\/index.php?rest_route=\/wp\/v2\/types\/page"}],"author":[{"embeddable":true,"href":"https:\/\/afopriego.com\/index.php?rest_route=\/wp\/v2\/users\/1"}],"replies":[{"embeddable":true,"href":"https:\/\/afopriego.com\/index.php?rest_route=%2Fwp%2Fv2%2Fcomments&post=6797"}],"version-history":[{"count":7,"href":"https:\/\/afopriego.com\/index.php?rest_route=\/wp\/v2\/pages\/6797\/revisions"}],"predecessor-version":[{"id":20856,"href":"https:\/\/afopriego.com\/index.php?rest_route=\/wp\/v2\/pages\/6797\/revisions\/20856"}],"up":[{"embeddable":true,"href":"https:\/\/afopriego.com\/index.php?rest_route=\/wp\/v2\/pages\/6788"}],"wp:attachment":[{"href":"https:\/\/afopriego.com\/index.php?rest_route=%2Fwp%2Fv2%2Fmedia&parent=6797"}],"curies":[{"name":"wp","href":"https:\/\/api.w.org\/{rel}","templated":true}]}}