{"id":6543,"date":"2021-10-26T15:46:38","date_gmt":"2021-10-26T13:46:38","guid":{"rendered":"https:\/\/afopriego.com\/?page_id=6543"},"modified":"2022-01-06T19:13:15","modified_gmt":"2022-01-06T18:13:15","slug":"i-encuentro-presentacion-clausura","status":"publish","type":"page","link":"https:\/\/afopriego.com\/?page_id=6543","title":{"rendered":"I Encuentro: Presentaci\u00f3n y Clausura."},"content":{"rendered":"\n<p><\/p><iframe width=\"560\" height=\"315\" src=\"https:\/\/www.youtube.com\/embed\/ZGQdKt8nbLQ\" title=\"YouTube video player\" frameborder=\"0\" allow=\"accelerometer; autoplay; clipboard-write; encrypted-media; gyroscope; picture-in-picture\" allowfullscreen=\"\"><\/iframe>\n\n\n\n<p class=\"wp-block-paragraph\"><strong><span style=\"color:#a30016\" class=\"tadv-color\">Presentaci\u00f3n del encuentro<\/span><\/strong><\/p>\n\n\n\n<p><\/p><p><\/p><iframe width=\"560\" height=\"315\" src=\"https:\/\/www.youtube.com\/embed\/ry0dFTKgrCs\" title=\"YouTube video player\" frameborder=\"0\" allow=\"accelerometer; autoplay; clipboard-write; encrypted-media; gyroscope; picture-in-picture\" allowfullscreen=\"\"><\/iframe>\n\n\n\n<p class=\"wp-block-paragraph\"><strong><span style=\"color:#a30016\" class=\"tadv-color\">Acto de inauguraci\u00f3n y entrevista a los ponentes<\/span><\/strong><\/p>\n\n\n\n<figure class=\"wp-block-image size-large\"><a href=\"https:\/\/www.flickr.com\/gp\/afopriego\/yL9m5i\" target=\"_blank\" rel=\"noopener noreferrer\"><img fetchpriority=\"high\" decoding=\"async\" width=\"1024\" height=\"575\" src=\"https:\/\/afopriego.com\/wp-content\/uploads\/2021\/09\/IMG_20210927_210326_974-1024x575.jpg\" alt=\"\" class=\"wp-image-6513\" srcset=\"https:\/\/afopriego.com\/wp-content\/uploads\/2021\/09\/IMG_20210927_210326_974-1024x575.jpg 1024w, https:\/\/afopriego.com\/wp-content\/uploads\/2021\/09\/IMG_20210927_210326_974-300x169.jpg 300w, https:\/\/afopriego.com\/wp-content\/uploads\/2021\/09\/IMG_20210927_210326_974-768x432.jpg 768w, https:\/\/afopriego.com\/wp-content\/uploads\/2021\/09\/IMG_20210927_210326_974-1536x863.jpg 1536w, https:\/\/afopriego.com\/wp-content\/uploads\/2021\/09\/IMG_20210927_210326_974-500x281.jpg 500w, https:\/\/afopriego.com\/wp-content\/uploads\/2021\/09\/IMG_20210927_210326_974.jpg 1913w\" sizes=\"(max-width: 1024px) 100vw, 1024px\" \/><\/a><figcaption><em><strong><span style=\"color:#a3000d\" class=\"tadv-color\">&#8220;Clica&#8221; aqu\u00ed para ver m\u00e1s im\u00e1genes.<\/span><\/strong><\/em><\/figcaption><\/figure>\n\n\n\n<p class=\"wp-block-paragraph\"><strong><span style=\"color:#a30016\" class=\"tadv-color\">Clausura del encuentro y foto de grupo<\/span><\/strong><\/p>\n","protected":false},"excerpt":{"rendered":"<p>Presentaci\u00f3n del encuentro Acto de inauguraci\u00f3n y entrevista a los ponentes Clausura del encuentro y foto de grupo<\/p>\n","protected":false},"author":1,"featured_media":7163,"parent":6071,"menu_order":1,"comment_status":"closed","ping_status":"closed","template":"","meta":{"_crdt_document":"","pagelayer_contact_templates":[],"_pagelayer_content":"","footnotes":""},"class_list":["post-6543","page","type-page","status-publish","has-post-thumbnail","hentry"],"_links":{"self":[{"href":"https:\/\/afopriego.com\/index.php?rest_route=\/wp\/v2\/pages\/6543","targetHints":{"allow":["GET"]}}],"collection":[{"href":"https:\/\/afopriego.com\/index.php?rest_route=\/wp\/v2\/pages"}],"about":[{"href":"https:\/\/afopriego.com\/index.php?rest_route=\/wp\/v2\/types\/page"}],"author":[{"embeddable":true,"href":"https:\/\/afopriego.com\/index.php?rest_route=\/wp\/v2\/users\/1"}],"replies":[{"embeddable":true,"href":"https:\/\/afopriego.com\/index.php?rest_route=%2Fwp%2Fv2%2Fcomments&post=6543"}],"version-history":[{"count":0,"href":"https:\/\/afopriego.com\/index.php?rest_route=\/wp\/v2\/pages\/6543\/revisions"}],"up":[{"embeddable":true,"href":"https:\/\/afopriego.com\/index.php?rest_route=\/wp\/v2\/pages\/6071"}],"wp:featuredmedia":[{"embeddable":true,"href":"https:\/\/afopriego.com\/index.php?rest_route=\/wp\/v2\/media\/7163"}],"wp:attachment":[{"href":"https:\/\/afopriego.com\/index.php?rest_route=%2Fwp%2Fv2%2Fmedia&parent=6543"}],"curies":[{"name":"wp","href":"https:\/\/api.w.org\/{rel}","templated":true}]}}