{"id":6152,"date":"2021-08-21T10:15:53","date_gmt":"2021-08-21T08:15:53","guid":{"rendered":"https:\/\/afopriego.com\/?page_id=6152"},"modified":"2022-01-06T19:08:09","modified_gmt":"2022-01-06T18:08:09","slug":"jose-benito-ruiz-2","status":"publish","type":"page","link":"https:\/\/afopriego.com\/?page_id=6152","title":{"rendered":"Jos\u00e9 Benito Ruiz"},"content":{"rendered":"\n<p><strong><img fetchpriority=\"high\" decoding=\"async\" class=\" wp-image-6106 alignleft\" src=\"https:\/\/afopriego.com\/wp-content\/uploads\/2021\/08\/Jose-Benito-Ruiz.jpg\" alt=\"\" width=\"261\" height=\"301\" \/><span style=\"color: #800000;\"><em>Jos\u00e9 B. Ruiz. Alicante, Espa\u00f1a, 1966.<\/em><\/span><\/strong><\/p>\n<p>Fot\u00f3grafo profesional y escritor especializado en la naturaleza y su conservaci\u00f3n. Autor de numerosos libros sobre estas tem\u00e1ticas.<\/p>\n<p>Fot\u00f3grafo formador, imparto cursos y ponencias a nivel internacional para asociaciones, colectivos y festivales de fotograf\u00eda. Trabajo en activo para diversas agencias de stock y servicios editoriales.<\/p>\n<p>Jurado en concursos internacionales de fotograf\u00eda y formador de jueces.<\/p>\n<p>He desarrollado diversos proyectos en fotograf\u00eda a nivel nacional e internacional; muchos de ellos basados en la conservaci\u00f3n de la Naturaleza.<\/p>\n<p>En el campo cinematogr\u00e1fico he sido guionista, director de fotograf\u00eda y operador de c\u00e1mara de varios documentales y series de televisi\u00f3n sobre temas ambientales.<\/p>\n<p>Fui nombrado embajador de la <strong>Confederaci\u00f3n Espa\u00f1ola de Fotograf\u00eda<\/strong>.<\/p>\n<p>Mis im\u00e1genes, trayectoria y actividades pueden verse en:<\/p>\n<p><a href=\"http:\/\/www.josebruiz.com\">www.josebruiz.com<\/a>.<\/p>\n<p><a href=\"http:\/\/es.wikipedia.org\/wiki\/Jos\u00e9_Benito_Ruiz\">http:\/\/es.wikipedia.org\/wiki\/Jos\u00e9_Benito_Ruiz<\/a><\/p>\n","protected":false},"excerpt":{"rendered":"<p>Jos\u00e9 B. Ruiz. Alicante, Espa\u00f1a, 1966. Fot\u00f3grafo profesional y escritor especializado en la naturaleza y su conservaci\u00f3n. Autor de numerosos libros sobre estas tem\u00e1ticas. Fot\u00f3grafo formador, imparto cursos y ponencias a nivel internacional para asociaciones, colectivos y festivales de fotograf\u00eda. &hellip; <a href=\"https:\/\/afopriego.com\/?page_id=6152\">Sigue leyendo <span class=\"meta-nav\">&rarr;<\/span><\/a><\/p>\n","protected":false},"author":1,"featured_media":7163,"parent":6076,"menu_order":5,"comment_status":"closed","ping_status":"closed","template":"","meta":{"_crdt_document":"","pagelayer_contact_templates":[],"_pagelayer_content":"","footnotes":""},"class_list":["post-6152","page","type-page","status-publish","has-post-thumbnail","hentry"],"_links":{"self":[{"href":"https:\/\/afopriego.com\/index.php?rest_route=\/wp\/v2\/pages\/6152","targetHints":{"allow":["GET"]}}],"collection":[{"href":"https:\/\/afopriego.com\/index.php?rest_route=\/wp\/v2\/pages"}],"about":[{"href":"https:\/\/afopriego.com\/index.php?rest_route=\/wp\/v2\/types\/page"}],"author":[{"embeddable":true,"href":"https:\/\/afopriego.com\/index.php?rest_route=\/wp\/v2\/users\/1"}],"replies":[{"embeddable":true,"href":"https:\/\/afopriego.com\/index.php?rest_route=%2Fwp%2Fv2%2Fcomments&post=6152"}],"version-history":[{"count":0,"href":"https:\/\/afopriego.com\/index.php?rest_route=\/wp\/v2\/pages\/6152\/revisions"}],"up":[{"embeddable":true,"href":"https:\/\/afopriego.com\/index.php?rest_route=\/wp\/v2\/pages\/6076"}],"wp:featuredmedia":[{"embeddable":true,"href":"https:\/\/afopriego.com\/index.php?rest_route=\/wp\/v2\/media\/7163"}],"wp:attachment":[{"href":"https:\/\/afopriego.com\/index.php?rest_route=%2Fwp%2Fv2%2Fmedia&parent=6152"}],"curies":[{"name":"wp","href":"https:\/\/api.w.org\/{rel}","templated":true}]}}