{"id":6149,"date":"2021-08-21T10:08:14","date_gmt":"2021-08-21T08:08:14","guid":{"rendered":"https:\/\/afopriego.com\/?page_id=6149"},"modified":"2022-01-06T19:08:38","modified_gmt":"2022-01-06T18:08:38","slug":"hani-latif-zaloum-2","status":"publish","type":"page","link":"https:\/\/afopriego.com\/?page_id=6149","title":{"rendered":"Hani Latif Zaloum"},"content":{"rendered":"\n<p><strong><img fetchpriority=\"high\" decoding=\"async\" class=\" wp-image-6105 alignleft\" src=\"https:\/\/afopriego.com\/wp-content\/uploads\/2021\/08\/Hani-Latif-Zaloum.png\" alt=\"\" width=\"251\" height=\"251\" srcset=\"https:\/\/afopriego.com\/wp-content\/uploads\/2021\/08\/Hani-Latif-Zaloum.png 392w, https:\/\/afopriego.com\/wp-content\/uploads\/2021\/08\/Hani-Latif-Zaloum-300x300.png 300w, https:\/\/afopriego.com\/wp-content\/uploads\/2021\/08\/Hani-Latif-Zaloum-150x150.png 150w\" sizes=\"(max-width: 251px) 100vw, 251px\" \/><span style=\"color: #800000;\"><em>Hani Latif\u00a0 Zaloum<\/em><\/span><\/strong><\/p>\n<p><em>Soy Experto Certificado por Adobe en PHOTOSHOP, y estudi\u00e9 la carrera de Fotograf\u00eda en la Universidad de Napier, en Edimburgo, aunque me hab\u00edan preparado desde muy joven para ser m\u00e9dico. Pero mi pasi\u00f3n era y es la Fotograf\u00eda y la Edici\u00f3n Digital con Photoshop y Lightroom. Todo ello para conseguir la imagen completa, o lo que yo percib\u00eda al apretar el bot\u00f3n de la c\u00e1mara. No &#8220;traduzco&#8221; literalmente lo que veo. <\/em><\/p>\n<p><em>Lo interpreto. Invento lo que no existe. <\/em><\/p>\n<p><em>Esta es mi visi\u00f3n.<\/em><\/p>\n<p><strong>Curr\u00edculo profesional:<\/strong><\/p>\n<ul>\n<li>Carrera de Fotograf\u00eda en la <strong><em>Universidad de Napier<\/em><\/strong>, en Edimburgo, en el Reino Unido<\/li>\n<li>Fot\u00f3grafo profesional desde 1982<\/li>\n<li><strong><em>Experto Certificado en Photoshop<\/em><\/strong> por Adobe<\/li>\n<li>Nombrado <strong><em>Educador Creativo<\/em><\/strong> por Adobe<\/li>\n<li>Ponente en <strong><em>Photoquivir<\/em><\/strong>, Sevilla<\/li>\n<li>Participante en la exposici\u00f3n <strong>\u201cARTBOX PROJECTS\u201d<\/strong> en Nueva York 2018<\/li>\n<li>Articles en la prestigiosa revista online \u201c<strong><em>Landscape Photography Magazine<\/em><\/strong>\u201d<\/li>\n<li>Nombrado en el <strong><em>Muro de la Fama<\/em><\/strong> de <strong><em>Landscape Photography Magazine<\/em><\/strong><\/li>\n<li>Formador de fot\u00f3grafos aficionados, freelance y profesionales en la edici\u00f3n digital en <em><strong>Photoshop y Lightroom.<\/strong><\/em><\/li>\n<\/ul>\n<p>Puede ver su trabajo en <a href=\"https:\/\/www.hani7up.com\"><strong><em>https:\/\/www.hani7up.com<\/em><\/strong><\/a><\/p>\n","protected":false},"excerpt":{"rendered":"<p>Hani Latif\u00a0 Zaloum Soy Experto Certificado por Adobe en PHOTOSHOP, y estudi\u00e9 la carrera de Fotograf\u00eda en la Universidad de Napier, en Edimburgo, aunque me hab\u00edan preparado desde muy joven para ser m\u00e9dico. Pero mi pasi\u00f3n era y es la &hellip; <a href=\"https:\/\/afopriego.com\/?page_id=6149\">Sigue leyendo <span class=\"meta-nav\">&rarr;<\/span><\/a><\/p>\n","protected":false},"author":1,"featured_media":7163,"parent":6076,"menu_order":4,"comment_status":"closed","ping_status":"closed","template":"","meta":{"_crdt_document":"","pagelayer_contact_templates":[],"_pagelayer_content":"","footnotes":""},"class_list":["post-6149","page","type-page","status-publish","has-post-thumbnail","hentry"],"_links":{"self":[{"href":"https:\/\/afopriego.com\/index.php?rest_route=\/wp\/v2\/pages\/6149","targetHints":{"allow":["GET"]}}],"collection":[{"href":"https:\/\/afopriego.com\/index.php?rest_route=\/wp\/v2\/pages"}],"about":[{"href":"https:\/\/afopriego.com\/index.php?rest_route=\/wp\/v2\/types\/page"}],"author":[{"embeddable":true,"href":"https:\/\/afopriego.com\/index.php?rest_route=\/wp\/v2\/users\/1"}],"replies":[{"embeddable":true,"href":"https:\/\/afopriego.com\/index.php?rest_route=%2Fwp%2Fv2%2Fcomments&post=6149"}],"version-history":[{"count":0,"href":"https:\/\/afopriego.com\/index.php?rest_route=\/wp\/v2\/pages\/6149\/revisions"}],"up":[{"embeddable":true,"href":"https:\/\/afopriego.com\/index.php?rest_route=\/wp\/v2\/pages\/6076"}],"wp:featuredmedia":[{"embeddable":true,"href":"https:\/\/afopriego.com\/index.php?rest_route=\/wp\/v2\/media\/7163"}],"wp:attachment":[{"href":"https:\/\/afopriego.com\/index.php?rest_route=%2Fwp%2Fv2%2Fmedia&parent=6149"}],"curies":[{"name":"wp","href":"https:\/\/api.w.org\/{rel}","templated":true}]}}