{"id":6145,"date":"2021-08-21T09:55:12","date_gmt":"2021-08-21T07:55:12","guid":{"rendered":"https:\/\/afopriego.com\/?page_id=6145"},"modified":"2022-01-06T19:09:04","modified_gmt":"2022-01-06T18:09:04","slug":"katy-gomez-catalina-2","status":"publish","type":"page","link":"https:\/\/afopriego.com\/?page_id=6145","title":{"rendered":"Katy G\u00f3mez catalina"},"content":{"rendered":"\n<p><img fetchpriority=\"high\" decoding=\"async\" class=\" wp-image-6104 alignleft\" src=\"https:\/\/afopriego.com\/wp-content\/uploads\/2021\/08\/Katy-Gomez-Catalina.jpg\" alt=\"\" width=\"301\" height=\"202\" \/>Nacida en \u00dabeda, Doctora en Veterinaria y apasionada fot\u00f3grafa.\u00a0 Actualmente trabajo como Veterinaria de Salud P\u00fablica en la Consejer\u00eda de Salud de la Junta de Andaluc\u00eda.<\/p>\n<p>\u201cPara m\u00ed la fotograf\u00eda es una forma de disfrutar la vida m\u00e1s intensamente. Me divierte desvelar fragmentos de la vida y disfrutar del placer de ver, sentir y fotografiar. Mi trabajo, enmarcado en el ensayo fotogr\u00e1fico, expresa una perspectiva personal, un punto de vista, una interpretaci\u00f3n de la realidad. Los viajes son el nexo com\u00fan de toda mi obra. La c\u00e1mara se ha convertido en mi inseparable compa\u00f1era de viaje, con ella voy narrando mi viaje como lo har\u00eda un escritor con su diario. Me siento profundamente seducida por el elemento humano\u201d.<\/p>\n<p>Su trabajo fotogr\u00e1fico ha sido reconocido en numerosos concursos nacionales e internacionales, algunos de los m\u00e1s recientes: Medalla de oro Trierenberg Super circuit, 2021 Austria;\u00a0 Finalista Alpha Female Awards en los Sony World photography award 2020, Londres;\u00a0 Ganadora absoluta Travel photographer of the year TPOTY, 2019 Londres;\u00a0 Premio Nacional de los Sony World Photography Award 2018, Londres;\u00a0 Tokyo International Foto Award TIFA, 2019; Le prix de la Photographie 2019 y 2018, Par\u00eds;\u00a0 MIFA (Moscow International Photo Award) Mosc\u00fa 2020;\u00a0 Nominada premio Nacional mejor fot\u00f3grafo por la Confederaci\u00f3n Espa\u00f1ola de la Fotograf\u00eda, 2017;\u00a0 Hadam Bin Mohammed Bin Rashid Al Maktoum International Photography Award\u00a0 HIPA 2021, 2020 y 2019, Dubai; ASISA internacional, 2020, 2018, 1016, Espa\u00f1a&#8230;<\/p>\n<p>Ha realizado proyectos fotogr\u00e1ficos en m\u00e1s de 60 pa\u00edses y su obra ha sido expuesta en Par\u00eds, Perpignan, Mosc\u00fa, Teher\u00e1n, Emiratos Arabes, Berl\u00edn, Londres, Agra, Colombia, y casi toda la geograf\u00eda espa\u00f1ola.<\/p>\n<p>Jurado en n\u00fameros concursos de fotograf\u00eda nacionales e internacionales, participaci\u00f3n en mesas redondas, ponencias en congresos fotogr\u00e1ficos, docencia en cursos y talleres de fotograf\u00eda.<\/p>\n<p><strong>Exposiciones fotogr\u00e1ficas individuales:<\/strong> XV Bienal fotogr\u00e1fica C\u00f3rdoba, Festimatge, 2019 Calella, Universidad de Ja\u00e9n, Antequera, Universidad Internacional de Andaluc\u00eda, Priego de C\u00f3rdoba, Puerto Real, M\u00e1laga, I Bienal fotogr\u00e1fica de \u00dabeda, Festival Igualada, Cazorla, Navarra, etc,<\/p>\n<ul>\n<li style=\"list-style-type: none;\">\n<ul>\n<li>Ir y venir entre vereas<\/li>\n<li>El Escultor de guitarras<\/li>\n<li>Ellas, Elles, Ellos&#8230;<\/li>\n<li>12 horas en el Louvre<\/li>\n<li>Siria, el oasis exhausto<\/li>\n<\/ul>\n<\/li>\n<\/ul>\n<p><strong>Es autora del libro de fotograf\u00edas<\/strong><a href=\"https:\/\/editorial.ujaen.es\/libro\/ellas-elles-they_93485\/\"><strong> Ellas<\/strong><\/a><a href=\"https:\/\/editorial.ujaen.es\/libro\/ellas-elles-they_93485\/\"><strong>, <\/strong><\/a><a href=\"https:\/\/editorial.ujaen.es\/libro\/ellas-elles-they_93485\/\"><strong>Elles<\/strong><\/a><a href=\"https:\/\/editorial.ujaen.es\/libro\/ellas-elles-they_93485\/\"><strong>, They\u2026<\/strong><\/a> , ISBN 978-84-9159-196-2. Editorial Universidad de Ja\u00e9n, 2019 reconocido como<strong> mejor libro de fotograf\u00eda, 2021 por la Confederaci\u00f3n Espa\u00f1ola de Fotograf\u00eda<\/strong> y <a href=\"https:\/\/www.blurb.com\/b\/7333214-12-horas-en-el-louvre-1\"><strong><u>12 horas <\/u><\/strong><\/a><a href=\"https:\/\/www.blurb.com\/b\/7333214-12-horas-en-el-louvre-1\"><strong><u>en<\/u><\/strong><\/a><a href=\"https:\/\/www.blurb.com\/b\/7333214-12-horas-en-el-louvre-1\"><strong><u> el<\/u><\/strong><\/a><a href=\"https:\/\/www.blurb.com\/b\/7333214-12-horas-en-el-louvre-1\"><strong><u> Louvre<\/u><\/strong><\/a> ISBN 9781367268593. Editorial Blurb, 2016.<\/p>\n<p><strong>Su trabajo ha sido publicado en:<\/strong> The Sun, <a href=\"https:\/\/culturainquieta.com\/es\/foto\/item\/14135-12-horas-en-el-louvre-el-multipremiado-proyecto-fotografico-de-katy-gomez.html\"><u>Cultura<\/u><\/a><a href=\"https:\/\/culturainquieta.com\/es\/foto\/item\/14135-12-horas-en-el-louvre-el-multipremiado-proyecto-fotografico-de-katy-gomez.html\"><u> inquieta<\/u><\/a>, <a href=\"https:\/\/www.photolari.com\/portfolio-trashumancia-ir-y-venir-entre-vereas-por-katy-gomez\/\"><u>Photolari<\/u><\/a>, <a href=\"https:\/\/www.thetimes.co.uk\/article\/gallery-travel-photographer-of-the-year-2019-xcqj7rmrb\"><u>The Sunday Time<\/u><\/a>, Dailymail, Huffpost, <a href=\"https:\/\/cnnespanol.cnn.com\/2020\/01\/23\/estos-son-los-ganadores-de-los-premios-mejor-fotografo-de-viajes-de-2019\/\"><u>CNN travel,<\/u><\/a> DPreview, el ojo <a href=\"https:\/\/loeildelaphotographie.com\/en\/catalina-gomez-lopez-pp\/\"><u>de<\/u><\/a> la <a href=\"https:\/\/loeildelaphotographie.com\/en\/catalina-gomez-lopez-pp\/\"><u>fotograf\u00eda,<\/u><\/a> <a href=\"https:\/\/www.xatakafoto.com\/concursos\/katy-gomez-catalina-podria-ser-fotografa-ano-2020-ganando-alpha-female-award-sony-world-photography-awards\"><u>Xataka,<\/u><\/a><a href=\"https:\/\/www.photolari.com\/la-espanola-katy-gomez-catalina-se-alza-con-el-premio-travel-photographer-of-the-year\/\"><u>\u00a0Photolari<\/u><\/a>, <a href=\"https:\/\/www.elmundo.es\/album\/viajes\/el-baul\/2020\/01\/28\/5e2eed2dfc6c83d77c8b4616_1.html\"><u>El\u00a0\u00a0 <\/u><\/a><a href=\"https:\/\/www.elmundo.es\/album\/viajes\/el-baul\/2020\/01\/28\/5e2eed2dfc6c83d77c8b4616_1.html\"><u>mundo<\/u><\/a>,\u00a0\u00a0 El\u00a0\u00a0 pa\u00eds,\u00a0\u00a0 Superfoto\u00a0\u00a0 Digital,\u00a0\u00a0 La\u00a0\u00a0 Vanguardia,\u00a0\u00a0 ABC, <a href=\"https:\/\/cnnespanol.cnn.com\/2020\/01\/23\/estos-son-los-ganadores-de-los-premios-mejor-fotografo-de-viajes-de-2019\/\"><u>Diario <\/u><\/a><a href=\"https:\/\/cnnespanol.cnn.com\/2020\/01\/23\/estos-son-los-ganadores-de-los-premios-mejor-fotografo-de-viajes-de-2019\/\"><u>\u00a0Vet<\/u><\/a><a href=\"https:\/\/cnnespanol.cnn.com\/2020\/01\/23\/estos-son-los-ganadores-de-los-premios-mejor-fotografo-de-viajes-de-2019\/\"><u>erinario<\/u><\/a>, <a href=\"https:\/\/www.afoco.com\/revistas\/?fbclid=IwAR1MGV2GEjt-BhcY6i80ehFSoy0HDeTsk2T9b6NmmhcEraoQ8KgWZSAGjww\"><u>News AFOCO<\/u><\/a>, <a href=\"https:\/\/issuu.com\/afudigital\/docs\/revista_afudigital_24_issuu\"><u>AFU digital<\/u><\/a>, <a href=\"https:\/\/www.forbes.com\/sites\/ceciliarodriguez\/2020\/01\/26\/25-stunning-images-winners-of-travel-photographer-of-the-year\/#4faf3ed31fc4\"><u>Revista<\/u><\/a><a href=\"https:\/\/www.forbes.com\/sites\/ceciliarodriguez\/2020\/01\/26\/25-stunning-images-winners-of-travel-photographer-of-the-year\/#4faf3ed31fc4\"><u> Forbes<\/u><\/a>, <a href=\"https:\/\/www.geo.fr\/voyage\/les-plus-belles-photos-de-voyage-de-2019-primees-par-le-travel-photographer-of-the-year-199633\"><u>GEO France<\/u><\/a>, Revista viajeros de Barcel\u00f3, <a href=\"https:\/\/www.nationalgeographic.com.es\/fotografia\/mejores-fotos-viajes-2019_15155\/1\"><u>National Geographic<\/u><\/a>&#8230;<\/p>\n<p><strong>Web:<\/strong> <a href=\"http:\/\/www.katygomez.es\/\"><u>www.katygomez.es &#8211; <\/u><\/a><strong><u>Facebook<\/u>:<\/strong>\u00a0 <a href=\"http:\/\/www.facebook.com\/katy.gomezlopez.7\">https:\/\/www.facebook.com\/katy.gomezlopez.7 &#8211; <\/a><strong><u>instragram<\/u>:<\/strong> <a href=\"https:\/\/www.instagram.com\/katygomezcatalina\/\">instagram.com\/katygomezcatalina<\/a><\/p>\n","protected":false},"excerpt":{"rendered":"<p>Nacida en \u00dabeda, Doctora en Veterinaria y apasionada fot\u00f3grafa.\u00a0 Actualmente trabajo como Veterinaria de Salud P\u00fablica en la Consejer\u00eda de Salud de la Junta de Andaluc\u00eda. \u201cPara m\u00ed la fotograf\u00eda es una forma de disfrutar la vida m\u00e1s intensamente. Me &hellip; <a href=\"https:\/\/afopriego.com\/?page_id=6145\">Sigue leyendo <span class=\"meta-nav\">&rarr;<\/span><\/a><\/p>\n","protected":false},"author":1,"featured_media":7163,"parent":6076,"menu_order":3,"comment_status":"closed","ping_status":"closed","template":"","meta":{"_crdt_document":"","pagelayer_contact_templates":[],"_pagelayer_content":"","footnotes":""},"class_list":["post-6145","page","type-page","status-publish","has-post-thumbnail","hentry"],"_links":{"self":[{"href":"https:\/\/afopriego.com\/index.php?rest_route=\/wp\/v2\/pages\/6145","targetHints":{"allow":["GET"]}}],"collection":[{"href":"https:\/\/afopriego.com\/index.php?rest_route=\/wp\/v2\/pages"}],"about":[{"href":"https:\/\/afopriego.com\/index.php?rest_route=\/wp\/v2\/types\/page"}],"author":[{"embeddable":true,"href":"https:\/\/afopriego.com\/index.php?rest_route=\/wp\/v2\/users\/1"}],"replies":[{"embeddable":true,"href":"https:\/\/afopriego.com\/index.php?rest_route=%2Fwp%2Fv2%2Fcomments&post=6145"}],"version-history":[{"count":0,"href":"https:\/\/afopriego.com\/index.php?rest_route=\/wp\/v2\/pages\/6145\/revisions"}],"up":[{"embeddable":true,"href":"https:\/\/afopriego.com\/index.php?rest_route=\/wp\/v2\/pages\/6076"}],"wp:featuredmedia":[{"embeddable":true,"href":"https:\/\/afopriego.com\/index.php?rest_route=\/wp\/v2\/media\/7163"}],"wp:attachment":[{"href":"https:\/\/afopriego.com\/index.php?rest_route=%2Fwp%2Fv2%2Fmedia&parent=6145"}],"curies":[{"name":"wp","href":"https:\/\/api.w.org\/{rel}","templated":true}]}}