{"id":6140,"date":"2021-08-21T09:38:49","date_gmt":"2021-08-21T07:38:49","guid":{"rendered":"https:\/\/afopriego.com\/?page_id=6140"},"modified":"2022-01-06T19:09:30","modified_gmt":"2022-01-06T18:09:30","slug":"frederic-garrido-villajuana-2","status":"publish","type":"page","link":"https:\/\/afopriego.com\/?page_id=6140","title":{"rendered":"Frederic Garrido Villajuana"},"content":{"rendered":"\n<p><img fetchpriority=\"high\" decoding=\"async\" class=\" wp-image-6103 alignleft\" src=\"https:\/\/afopriego.com\/wp-content\/uploads\/2021\/08\/Frederic-Garrido-Villajuana.jpg\" alt=\"\" width=\"234\" height=\"234\" srcset=\"https:\/\/afopriego.com\/wp-content\/uploads\/2021\/08\/Frederic-Garrido-Villajuana.jpg 406w, https:\/\/afopriego.com\/wp-content\/uploads\/2021\/08\/Frederic-Garrido-Villajuana-300x300.jpg 300w, https:\/\/afopriego.com\/wp-content\/uploads\/2021\/08\/Frederic-Garrido-Villajuana-150x150.jpg 150w\" sizes=\"(max-width: 234px) 100vw, 234px\" \/>P<em>artiendo de la premisa de que todo ser humano es creativo por naturaleza, s\u00f3lo hay que sintonizar y estar atento, al mismo tiempo que descubrimos nuestro gran potencial que todos sin excepci\u00f3n tenemos en nuestro interior.<\/em><\/p>\n<p style=\"text-align: left;\"><em>Iremos desplegando por un largo recorrido del mundo de la creatividad interior de cada uno de nosotros mismos, y aprenderemos como canalizarla y reconducirla, para encontrar nuestra postura y personalidad creadora.<\/em><\/p>\n<p style=\"text-align: left;\"><em>Agudizando y potenciando todos los sentidos desde la serenidad del momento presente nos podremos focalizar en la atenci\u00f3n plena y consciente disfrutando de las emociones positivas y controlando las negativas.<\/em><\/p>\n<p style=\"text-align: left;\"><em>Este potencial sale de nuestra mente, el intelecto nos hace ser como somos y crea nuestra realidad. La realidad es neutra, vemos las cosas como las pensamos, no como son en realidad. <\/em><\/p>\n<p style=\"text-align: left;\"><strong>Formaci\u00f3n Fotogr\u00e1fica:<\/strong> En 1977 inicio un curso fotogr\u00e1fico en Terrassa y desde entonces he tenido el placer de aprender al lado de grandes maestros de la fotograf\u00eda: Manel Serra, Michael Bennet, Angel Font, Manolo Laguillo, Xavier Bienzorbas, Manuel Zambrana, Judith Vizcarra, Lucien Clergue, Franco Fontana, Chema Madoz, Jordi D. Garzon, Josep M\u00aa Cosialls, Mamem, David Jim\u00e9nez, Enric Mira, Isabel Flores, I\u00f1aki Relanzon, Tino Soriano, Sandra Sue, Tanit Plana, Jes\u00fas Jaime Mota, German Sergio Tello, Isabel Diez San Vicente, Raul Villalba, Rebeca Saray, Gabriel Brau, Guillermo Luijk, Albert Punti, Santos Moreno, Flo Tucci, Joseba Zabalza, Eduardo Mome\u00f1e, Joan Tomas, Cristina Mu\u00f1oz, Laura Len, Manel Esclusa, Eduard Frances, Jos\u00e9 A. Andres Ferriz, Martin Gallego, Sergi Boix, Javier Arcenillas, Raimon Moreno, M\u00f3nica Lozano, Rosa Isabel Vazquez y Jordi Bernad\u00f3.<\/p>\n<p style=\"text-align: left;\"><strong>Reconocimientos<\/strong><\/p>\n<ul style=\"text-align: left;\">\n<li>Premio Nacional de Fotograf\u00eda CEF 2013<\/li>\n<li>Premi Catalunya de Fotografia FCF 2010<\/li>\n<li>MFIAP Maestro por la Federation Internationale de l&#8217;Art Photographique<\/li>\n<li>EsFIAP Excelencia FIAP por Servicios Prestados<\/li>\n<li>MCEF\/o Maestro Oro por la Confederaci\u00f3n Espa\u00f1ola de Fotograf\u00eda<\/li>\n<li>JBCEF Jurado de Bronce por la Confederaci\u00f3n Espa\u00f1ola de Fotograf\u00eda<\/li>\n<li>M4*FCF Maestro 4* por la Federaci\u00f3 Catalana de Fotografia<\/li>\n<li>JAFCF Jurado de Plata por la Federaci\u00f3 Catalana de Fotografia<\/li>\n<\/ul>\n<p style=\"text-align: left;\">Ver curr\u00edculo completo en: <a href=\"https:\/\/www.fededigital.com\">https:\/\/www.fededigital.com<\/a>\/<\/p>\n","protected":false},"excerpt":{"rendered":"<p>Partiendo de la premisa de que todo ser humano es creativo por naturaleza, s\u00f3lo hay que sintonizar y estar atento, al mismo tiempo que descubrimos nuestro gran potencial que todos sin excepci\u00f3n tenemos en nuestro interior. Iremos desplegando por un &hellip; <a href=\"https:\/\/afopriego.com\/?page_id=6140\">Sigue leyendo <span class=\"meta-nav\">&rarr;<\/span><\/a><\/p>\n","protected":false},"author":1,"featured_media":7163,"parent":6076,"menu_order":2,"comment_status":"closed","ping_status":"closed","template":"","meta":{"_crdt_document":"","pagelayer_contact_templates":[],"_pagelayer_content":"","footnotes":""},"class_list":["post-6140","page","type-page","status-publish","has-post-thumbnail","hentry"],"_links":{"self":[{"href":"https:\/\/afopriego.com\/index.php?rest_route=\/wp\/v2\/pages\/6140","targetHints":{"allow":["GET"]}}],"collection":[{"href":"https:\/\/afopriego.com\/index.php?rest_route=\/wp\/v2\/pages"}],"about":[{"href":"https:\/\/afopriego.com\/index.php?rest_route=\/wp\/v2\/types\/page"}],"author":[{"embeddable":true,"href":"https:\/\/afopriego.com\/index.php?rest_route=\/wp\/v2\/users\/1"}],"replies":[{"embeddable":true,"href":"https:\/\/afopriego.com\/index.php?rest_route=%2Fwp%2Fv2%2Fcomments&post=6140"}],"version-history":[{"count":0,"href":"https:\/\/afopriego.com\/index.php?rest_route=\/wp\/v2\/pages\/6140\/revisions"}],"up":[{"embeddable":true,"href":"https:\/\/afopriego.com\/index.php?rest_route=\/wp\/v2\/pages\/6076"}],"wp:featuredmedia":[{"embeddable":true,"href":"https:\/\/afopriego.com\/index.php?rest_route=\/wp\/v2\/media\/7163"}],"wp:attachment":[{"href":"https:\/\/afopriego.com\/index.php?rest_route=%2Fwp%2Fv2%2Fmedia&parent=6140"}],"curies":[{"name":"wp","href":"https:\/\/api.w.org\/{rel}","templated":true}]}}