{"id":6110,"date":"2021-08-20T21:21:36","date_gmt":"2021-08-20T19:21:36","guid":{"rendered":"https:\/\/afopriego.com\/?page_id=6110"},"modified":"2022-01-06T19:09:55","modified_gmt":"2022-01-06T18:09:55","slug":"pedro-j-alcazar-nino-de-las-luces","status":"publish","type":"page","link":"https:\/\/afopriego.com\/?page_id=6110","title":{"rendered":"Pedro J. Alc\u00e1zar (Ni\u00f1o de las luces)"},"content":{"rendered":"\n<p><img fetchpriority=\"high\" decoding=\"async\" class=\" wp-image-6102 alignleft\" src=\"https:\/\/afopriego.com\/wp-content\/uploads\/2021\/08\/Javier-Alcazar-Perez.jpg\" alt=\"\" width=\"323\" height=\"217\" \/><span style=\"color: #800000;\"><em><strong>Pedro Javier Alc\u00e1zar<\/strong><\/em><\/span><\/p>\n<p>Lorquino (Lorca-Murcia) conocido con el pseud\u00f3nimo \u201cEl ni\u00f1o de las luces\u201d.<\/p>\n<p>Fot\u00f3grafo reconocido a nivel nacional por ser referente dentro de la fotograf\u00eda nocturna y pintura de luz comenzando su investigaci\u00f3n en el a\u00f1o 2009.<\/p>\n<p>LA FOTOGRAF\u00cdA es apasionante, pero en la oscuridad todo se transforma. Pedro, el Ni\u00f1o de las luces nos acercar\u00e1 una fotograf\u00eda que se transforma gracias a la luz en la oscuridad. Tratar la luz y manejarla con sentido es la clave, y en esta charla podr\u00e1s descubrir todo eso.<\/p>\n<p>En la naturaleza hay millones de paisajes incre\u00edbles, con la pintura de luz puedes crear atm\u00f3sferas y efectos totalmente diferentes aportando grandes y frescas ideas al mundo fotogr\u00e1fico.\u00a0<\/p>\n<p>Esta nueva t\u00e9cnica (Pintura de luz) se basa en la fotograf\u00eda nocturna, y es en este ambiente fotogr\u00e1fico donde Pedro ha destacado por su creatividad y en el desarrollo de nuevas t\u00e9cnicas con el manejo de herramientas de luz. Llega a construir sus fotograf\u00edas utilizando su expresi\u00f3n corporal y el manejo de sus herramientas de luz, dando como resultado im\u00e1genes que se transforman paralelas a la realidad y muestran personajes, escenas y formas de luz creadas en su totalidad con la manipulaci\u00f3n de herramientas lum\u00ednicas.<\/p>\n<p>Gracias a su progresi\u00f3n su trabajo ha destacado hasta el punto que en la actualidad imparte cursos de fotograf\u00eda nocturna y pintura de luz por todo el pa\u00eds, tanto presenciales como ON LINE. Ha sido docente en talleres y convecciones fotogr\u00e1ficas compartiendo su filosof\u00eda de la fotograf\u00eda nocturna.<\/p>\n<p>Ha estado presente en Congresos fotogr\u00e1ficos de la talla de FOTOGENIO (Mazarr\u00f3n) http:\/\/fotogenio.net, compartiendo cartel con fot\u00f3grafos reconocidos y premiados a nivel internacional.<\/p>\n<p>El ni\u00f1o de las luces es un amante de la pintura de luz, una nueva t\u00e9cnica fotogr\u00e1fica que se ha dado a conocer en todo el mundo, ahora es el momento de compartirla con todos mostrando un mundo lleno de posibilidades y en donde el fot\u00f3grafo participa en su totalidad en la realizaci\u00f3n de su proyecto fotogr\u00e1fico.<\/p>\n<p>Ahora es el momento para conocer el maravilloso mundo de la fotograf\u00eda de una manera divertida y participativa, desarrollando la creatividad.<\/p>\n<p>ACTIVIDAD FOTOGRAFICA:<\/p>\n<p>Caer\u00e1 la noche y ser\u00e1 el momento de sacar los tr\u00edpodes para trabajar y conocer la fotograf\u00eda nocturna y pintura de luz. Esta actividad te ayuda a conocer c\u00f3mo realizar una fotograf\u00eda nocturna desde cero y a la vez podr\u00e1s entender de primera mano todos los secretos para generar im\u00e1genes bonitas y bien expuestas.<\/p>\n<p>Pedro te ayudar\u00e1 en todo momento a acaparar todas las dudas que puedas tener.<\/p>\n<p>Puedes encontrar sus trabajos y evoluci\u00f3n en la web de \u201cEl ni\u00f1o de las luces\u201d, www.elni\u00f1odelasluces.es , sitio web en donde se muestra una idea muy clara de lo que significa la pintura de luz real.<\/p>\n<p>Ver curr\u00edculo completo en <a href=\"https:\/\/xn--elniodelasluces-1qb.es\/%20\">https:\/\/xn--elniodelasluces-1qb.es\/<\/a><\/p>\n","protected":false},"excerpt":{"rendered":"<p>Pedro Javier Alc\u00e1zar Lorquino (Lorca-Murcia) conocido con el pseud\u00f3nimo \u201cEl ni\u00f1o de las luces\u201d. Fot\u00f3grafo reconocido a nivel nacional por ser referente dentro de la fotograf\u00eda nocturna y pintura de luz comenzando su investigaci\u00f3n en el a\u00f1o 2009. LA FOTOGRAF\u00cdA &hellip; <a href=\"https:\/\/afopriego.com\/?page_id=6110\">Sigue leyendo <span class=\"meta-nav\">&rarr;<\/span><\/a><\/p>\n","protected":false},"author":1,"featured_media":7163,"parent":6076,"menu_order":1,"comment_status":"closed","ping_status":"closed","template":"","meta":{"_crdt_document":"","pagelayer_contact_templates":[],"_pagelayer_content":"","footnotes":""},"class_list":["post-6110","page","type-page","status-publish","has-post-thumbnail","hentry"],"_links":{"self":[{"href":"https:\/\/afopriego.com\/index.php?rest_route=\/wp\/v2\/pages\/6110","targetHints":{"allow":["GET"]}}],"collection":[{"href":"https:\/\/afopriego.com\/index.php?rest_route=\/wp\/v2\/pages"}],"about":[{"href":"https:\/\/afopriego.com\/index.php?rest_route=\/wp\/v2\/types\/page"}],"author":[{"embeddable":true,"href":"https:\/\/afopriego.com\/index.php?rest_route=\/wp\/v2\/users\/1"}],"replies":[{"embeddable":true,"href":"https:\/\/afopriego.com\/index.php?rest_route=%2Fwp%2Fv2%2Fcomments&post=6110"}],"version-history":[{"count":0,"href":"https:\/\/afopriego.com\/index.php?rest_route=\/wp\/v2\/pages\/6110\/revisions"}],"up":[{"embeddable":true,"href":"https:\/\/afopriego.com\/index.php?rest_route=\/wp\/v2\/pages\/6076"}],"wp:featuredmedia":[{"embeddable":true,"href":"https:\/\/afopriego.com\/index.php?rest_route=\/wp\/v2\/media\/7163"}],"wp:attachment":[{"href":"https:\/\/afopriego.com\/index.php?rest_route=%2Fwp%2Fv2%2Fmedia&parent=6110"}],"curies":[{"name":"wp","href":"https:\/\/api.w.org\/{rel}","templated":true}]}}