{"id":6076,"date":"2021-08-17T17:00:17","date_gmt":"2021-08-17T15:00:17","guid":{"rendered":"https:\/\/afopriego.com\/?page_id=6076"},"modified":"2022-01-06T19:10:25","modified_gmt":"2022-01-06T18:10:25","slug":"resena-curso-lozano-sidro","status":"publish","type":"page","link":"https:\/\/afopriego.com\/?page_id=6076","title":{"rendered":"I Encuentro &#8211; Ponencias y Talleres"},"content":{"rendered":"\n<figure class=\"wp-block-image size-large\"><a href=\"https:\/\/www.flickr.com\/gp\/afopriego\/274or4\" target=\"_blank\" rel=\"noopener noreferrer\"><img fetchpriority=\"high\" decoding=\"async\" width=\"1024\" height=\"669\" src=\"https:\/\/afopriego.com\/wp-content\/uploads\/2021\/10\/Taller-019-1024x669.jpg\" alt=\"\" class=\"wp-image-6591\" srcset=\"https:\/\/afopriego.com\/wp-content\/uploads\/2021\/10\/Taller-019-1024x669.jpg 1024w, https:\/\/afopriego.com\/wp-content\/uploads\/2021\/10\/Taller-019-300x196.jpg 300w, https:\/\/afopriego.com\/wp-content\/uploads\/2021\/10\/Taller-019-768x502.jpg 768w, https:\/\/afopriego.com\/wp-content\/uploads\/2021\/10\/Taller-019-459x300.jpg 459w, https:\/\/afopriego.com\/wp-content\/uploads\/2021\/10\/Taller-019.jpg 1181w\" sizes=\"(max-width: 1024px) 100vw, 1024px\" \/><\/a><figcaption><strong><em><span style=\"color:#a30009\" class=\"tadv-color\">Para ver m\u00e1s im\u00e1genes del taller, &#8220;clica&#8221; aqu\u00ed.<\/span><\/em><\/strong><\/figcaption><\/figure>\n\n\n\n<figure class=\"wp-block-image size-large\"><a href=\"https:\/\/www.flickr.com\/gp\/afopriego\/XzPmLG\" target=\"_blank\" rel=\"noopener noreferrer\"><img decoding=\"async\" width=\"1016\" height=\"1024\" src=\"https:\/\/afopriego.com\/wp-content\/uploads\/2021\/09\/Cartel-intervenciones-1016x1024.jpg\" alt=\"\" class=\"wp-image-6508\" srcset=\"https:\/\/afopriego.com\/wp-content\/uploads\/2021\/09\/Cartel-intervenciones-1016x1024.jpg 1016w, https:\/\/afopriego.com\/wp-content\/uploads\/2021\/09\/Cartel-intervenciones-298x300.jpg 298w, https:\/\/afopriego.com\/wp-content\/uploads\/2021\/09\/Cartel-intervenciones-150x150.jpg 150w, https:\/\/afopriego.com\/wp-content\/uploads\/2021\/09\/Cartel-intervenciones-768x774.jpg 768w, https:\/\/afopriego.com\/wp-content\/uploads\/2021\/09\/Cartel-intervenciones.jpg 1124w\" sizes=\"(max-width: 1016px) 100vw, 1016px\" \/><\/a><figcaption><strong><em><span style=\"color:#a3000d\" class=\"tadv-color\">&#8220;Clica sobre el cartel para ver las fotograf\u00edas tomadas durante las conferencias<\/span><\/em><\/strong><\/figcaption><\/figure>\n\n\n\n<p class=\"has-text-color wp-block-paragraph\" style=\"color:#eb0b0b;font-size:25px\"><strong><em><span style=\"color:#ec1c09\" class=\"tadv-color\">Para entrar en el perfil del ponente<\/span>, clica sobre la imagen<\/em><\/strong>.<\/p>\n\n\n\n<div class=\"wp-block-columns is-layout-flex wp-container-core-columns-is-layout-8f761849 wp-block-columns-is-layout-flex\">\n<div class=\"wp-block-column is-layout-flow wp-block-column-is-layout-flow\">\n<figure class=\"wp-block-image size-large\"><a href=\"https:\/\/afopriego.com\/?page_id=6110\" target=\"_blank\" rel=\"noopener noreferrer\"><img decoding=\"async\" width=\"739\" height=\"493\" src=\"https:\/\/afopriego.com\/wp-content\/uploads\/2021\/08\/Javier-Alcazar-Perez.jpg\" alt=\"\" class=\"wp-image-6102\" srcset=\"https:\/\/afopriego.com\/wp-content\/uploads\/2021\/08\/Javier-Alcazar-Perez.jpg 739w, https:\/\/afopriego.com\/wp-content\/uploads\/2021\/08\/Javier-Alcazar-Perez-300x200.jpg 300w, https:\/\/afopriego.com\/wp-content\/uploads\/2021\/08\/Javier-Alcazar-Perez-450x300.jpg 450w\" sizes=\"(max-width: 739px) 100vw, 739px\" \/><\/a><\/figure>\n<\/div>\n\n\n\n<div class=\"wp-block-column is-layout-flow wp-block-column-is-layout-flow\">\n<p class=\"wp-block-paragraph\"><em><strong><span style=\"color:#a30004\" class=\"tadv-color\">Pedro Javier Alc\u00e1zar<\/span><\/strong><\/em><\/p>\n\n\n\n<p class=\"wp-block-paragraph\">Natural de Lorca (Murcia)<\/p>\n\n\n\n<p class=\"wp-block-paragraph\">Conocido con el pseud\u00f3nimo de \u201cEl ni\u00f1o de las luces\u201d.<\/p>\n<\/div>\n<\/div>\n\n\n\n<div class=\"wp-block-columns is-layout-flex wp-container-core-columns-is-layout-8f761849 wp-block-columns-is-layout-flex\">\n<div class=\"wp-block-column is-layout-flow wp-block-column-is-layout-flow\">\n<figure class=\"wp-block-image size-large\"><a href=\"https:\/\/afopriego.com\/?page_id=6140\" target=\"_blank\" rel=\"noopener noreferrer\"><img loading=\"lazy\" decoding=\"async\" width=\"406\" height=\"406\" src=\"https:\/\/afopriego.com\/wp-content\/uploads\/2021\/08\/Frederic-Garrido-Villajuana.jpg\" alt=\"\" class=\"wp-image-6103\" srcset=\"https:\/\/afopriego.com\/wp-content\/uploads\/2021\/08\/Frederic-Garrido-Villajuana.jpg 406w, https:\/\/afopriego.com\/wp-content\/uploads\/2021\/08\/Frederic-Garrido-Villajuana-300x300.jpg 300w, https:\/\/afopriego.com\/wp-content\/uploads\/2021\/08\/Frederic-Garrido-Villajuana-150x150.jpg 150w\" sizes=\"(max-width: 406px) 100vw, 406px\" \/><\/a><\/figure>\n<\/div>\n\n\n\n<div class=\"wp-block-column is-layout-flow wp-block-column-is-layout-flow\">\n<p class=\"wp-block-paragraph\"><em><strong><span style=\"color:#a30012\" class=\"tadv-color\">Frederic Garrido Vilajuana<\/span><\/strong><\/em><\/p>\n\n\n\n<p class=\"wp-block-paragraph\">Natural de Berga (Barcelona) &#8211; 1957<\/p>\n\n\n\n<p class=\"wp-block-paragraph\">&#8220;P<em>artiendo de la premisa de que todo ser humano es creativo por naturaleza, s\u00f3lo hay que sintonizar y estar atento, al mismo tiempo que descubrimos nuestro gran potencial que todos sin excepci\u00f3n tenemos en nuestro interior.&#8221;<\/em><\/p>\n<\/div>\n<\/div>\n\n\n\n<div class=\"wp-block-columns is-layout-flex wp-container-core-columns-is-layout-8f761849 wp-block-columns-is-layout-flex\">\n<div class=\"wp-block-column is-layout-flow wp-block-column-is-layout-flow\">\n<figure class=\"wp-block-image size-large\"><a href=\"https:\/\/afopriego.com\/?page_id=6145\" target=\"_blank\" rel=\"noopener noreferrer\"><img loading=\"lazy\" decoding=\"async\" width=\"582\" height=\"387\" src=\"https:\/\/afopriego.com\/wp-content\/uploads\/2021\/08\/Katy-Gomez-Catalina.jpg\" alt=\"\" class=\"wp-image-6104\" srcset=\"https:\/\/afopriego.com\/wp-content\/uploads\/2021\/08\/Katy-Gomez-Catalina.jpg 582w, https:\/\/afopriego.com\/wp-content\/uploads\/2021\/08\/Katy-Gomez-Catalina-300x199.jpg 300w, https:\/\/afopriego.com\/wp-content\/uploads\/2021\/08\/Katy-Gomez-Catalina-451x300.jpg 451w\" sizes=\"(max-width: 582px) 100vw, 582px\" \/><\/a><\/figure>\n<\/div>\n\n\n\n<div class=\"wp-block-column is-layout-flow wp-block-column-is-layout-flow\">\n<p class=\"wp-block-paragraph\"><em><strong><span style=\"color:#a30016\" class=\"tadv-color\">Katy G\u00f3mez Catalina<\/span><\/strong><\/em><\/p>\n\n\n\n<p class=\"wp-block-paragraph\">Natural de \u00dabeda (Ja\u00e9n)<\/p>\n\n\n\n<p class=\"wp-block-paragraph\">Doctora en Veterinaria y apasionada fot\u00f3grafa. \u201cPara m\u00ed la fotograf\u00eda es una forma de disfrutar la vida m\u00e1s intensamente&#8230;&#8221;<\/p>\n<\/div>\n<\/div>\n\n\n\n<div class=\"wp-block-columns is-layout-flex wp-container-core-columns-is-layout-8f761849 wp-block-columns-is-layout-flex\">\n<div class=\"wp-block-column is-layout-flow wp-block-column-is-layout-flow\">\n<figure class=\"wp-block-image size-large\"><a href=\"https:\/\/afopriego.com\/?page_id=6149\" target=\"_blank\" rel=\"noopener noreferrer\"><img loading=\"lazy\" decoding=\"async\" width=\"392\" height=\"392\" src=\"https:\/\/afopriego.com\/wp-content\/uploads\/2021\/08\/Hani-Latif-Zaloum.png\" alt=\"\" class=\"wp-image-6105\" srcset=\"https:\/\/afopriego.com\/wp-content\/uploads\/2021\/08\/Hani-Latif-Zaloum.png 392w, https:\/\/afopriego.com\/wp-content\/uploads\/2021\/08\/Hani-Latif-Zaloum-300x300.png 300w, https:\/\/afopriego.com\/wp-content\/uploads\/2021\/08\/Hani-Latif-Zaloum-150x150.png 150w\" sizes=\"(max-width: 392px) 100vw, 392px\" \/><\/a><\/figure>\n<\/div>\n\n\n\n<div class=\"wp-block-column is-layout-flow wp-block-column-is-layout-flow\">\n<p class=\"wp-block-paragraph\"><em><strong><span style=\"color:#a30016\" class=\"tadv-color\">Hani Latif&nbsp; Zaloum<\/span><\/strong><\/em><\/p>\n\n\n\n<p class=\"wp-block-paragraph\"><em>Experto Certificado por Adobe en PHOTOSHOP. Estudi\u00f3 la carrera de Fotograf\u00eda en la Universidad de Napier, en Edimburgo.<\/em><\/p>\n<\/div>\n<\/div>\n\n\n\n<div class=\"wp-block-columns is-layout-flex wp-container-core-columns-is-layout-8f761849 wp-block-columns-is-layout-flex\">\n<div class=\"wp-block-column is-layout-flow wp-block-column-is-layout-flow\">\n<figure class=\"wp-block-image size-large\"><a href=\"https:\/\/afopriego.com\/?page_id=6152\" target=\"_blank\" rel=\"noopener noreferrer\"><img loading=\"lazy\" decoding=\"async\" width=\"534\" height=\"623\" src=\"https:\/\/afopriego.com\/wp-content\/uploads\/2021\/08\/Jose-Benito-Ruiz.jpg\" alt=\"\" class=\"wp-image-6106\" srcset=\"https:\/\/afopriego.com\/wp-content\/uploads\/2021\/08\/Jose-Benito-Ruiz.jpg 534w, https:\/\/afopriego.com\/wp-content\/uploads\/2021\/08\/Jose-Benito-Ruiz-257x300.jpg 257w\" sizes=\"(max-width: 534px) 100vw, 534px\" \/><\/a><\/figure>\n<\/div>\n\n\n\n<div class=\"wp-block-column is-layout-flow wp-block-column-is-layout-flow\">\n<p class=\"wp-block-paragraph\"><strong><em><span style=\"color:#a30016\" class=\"tadv-color\">Jos\u00e9 Benito Ruiz<\/span><\/em><\/strong><\/p>\n\n\n\n<p class=\"wp-block-paragraph\">Natural de Alicante &#8211; 1966<\/p>\n\n\n\n<p class=\"wp-block-paragraph\">Fot\u00f3grafo profesional y escritor especializado en la naturaleza y su conservaci\u00f3n. Autor de numerosos libros sobre estas tem\u00e1ticas.<\/p>\n<\/div>\n<\/div>\n","protected":false},"excerpt":{"rendered":"<p>Para entrar en el perfil del ponente, clica sobre la imagen. Pedro Javier Alc\u00e1zar Natural de Lorca (Murcia) Conocido con el pseud\u00f3nimo de \u201cEl ni\u00f1o de las luces\u201d. Frederic Garrido Vilajuana Natural de Berga (Barcelona) &#8211; 1957 &#8220;Partiendo de la &hellip; <a href=\"https:\/\/afopriego.com\/?page_id=6076\">Sigue leyendo <span class=\"meta-nav\">&rarr;<\/span><\/a><\/p>\n","protected":false},"author":1,"featured_media":7163,"parent":6071,"menu_order":2,"comment_status":"closed","ping_status":"closed","template":"","meta":{"_crdt_document":"","pagelayer_contact_templates":[],"_pagelayer_content":"","footnotes":""},"class_list":["post-6076","page","type-page","status-publish","has-post-thumbnail","hentry"],"_links":{"self":[{"href":"https:\/\/afopriego.com\/index.php?rest_route=\/wp\/v2\/pages\/6076","targetHints":{"allow":["GET"]}}],"collection":[{"href":"https:\/\/afopriego.com\/index.php?rest_route=\/wp\/v2\/pages"}],"about":[{"href":"https:\/\/afopriego.com\/index.php?rest_route=\/wp\/v2\/types\/page"}],"author":[{"embeddable":true,"href":"https:\/\/afopriego.com\/index.php?rest_route=\/wp\/v2\/users\/1"}],"replies":[{"embeddable":true,"href":"https:\/\/afopriego.com\/index.php?rest_route=%2Fwp%2Fv2%2Fcomments&post=6076"}],"version-history":[{"count":0,"href":"https:\/\/afopriego.com\/index.php?rest_route=\/wp\/v2\/pages\/6076\/revisions"}],"up":[{"embeddable":true,"href":"https:\/\/afopriego.com\/index.php?rest_route=\/wp\/v2\/pages\/6071"}],"wp:featuredmedia":[{"embeddable":true,"href":"https:\/\/afopriego.com\/index.php?rest_route=\/wp\/v2\/media\/7163"}],"wp:attachment":[{"href":"https:\/\/afopriego.com\/index.php?rest_route=%2Fwp%2Fv2%2Fmedia&parent=6076"}],"curies":[{"name":"wp","href":"https:\/\/api.w.org\/{rel}","templated":true}]}}