{"id":544,"date":"2018-08-07T17:47:23","date_gmt":"2018-08-07T17:47:23","guid":{"rendered":"https:\/\/afopriego.com\/?page_id=544"},"modified":"2022-03-15T13:34:33","modified_gmt":"2022-03-15T12:34:33","slug":"radio-priego","status":"publish","type":"page","link":"https:\/\/afopriego.com\/?page_id=544","title":{"rendered":"Televisi\u00f3n Priego"},"content":{"rendered":"\n<p class=\"has-text-color wp-block-paragraph\" style=\"color:#812807\"><strong>El Mirador<\/strong> de <strong><em>TelePriego<\/em><\/strong>. Marzo de 2020. <a rel=\"noreferrer noopener\" href=\"https:\/\/www.facebook.com\/laura.serranosanchez?__cft__[0]=AZX1XmNfN43qVHja1uu8IStBRNRM1J6qS83KgPnTRcVQYR2b3b0JcIB2StaaIUqSPS-N2RJG-2QBCH2vYcZ6ovfDUDu5FxNh1n9UqYAj1ICSc9ekG5Z1QEEVvKCyP2cmvYs&amp;__tn__=-]K-R\" target=\"_blank\"><strong>Laura Serrano S\u00e1nchez<\/strong><\/a>, nos presenta la muestra fotogr\u00e1fica <em>&#8220;NAMASTE&#8221;<\/em> expuesta en la sala AfoPriego de la Sociedad Cultural Casino de Priego, as\u00ed como las fotograf\u00edas seleccionadas del concurso nacional del 25\u00ba aniversario de la fundaci\u00f3n de la D.O.P. Priego de C\u00f3rdoba expuestas en las Carnicerias Reales. <\/p>\n\n\n\n<iframe width=\"560\" height=\"315\" src=\"https:\/\/www.youtube.com\/embed\/0xPsZ7YE3r8\" title=\"YouTube video player\" frameborder=\"0\" allow=\"accelerometer; autoplay; clipboard-write; encrypted-media; gyroscope; picture-in-picture\" allowfullscreen=\"\"><\/iframe>\n\n\n\n<p class=\"has-text-color wp-block-paragraph\" style=\"color:#812807\"><strong>El Mirador<\/strong> de <strong><em>TelePriego<\/em><\/strong>. Jueves 20 de octubre de 2020. <a rel=\"noreferrer noopener\" href=\"https:\/\/www.facebook.com\/laura.serranosanchez?__cft__[0]=AZX1XmNfN43qVHja1uu8IStBRNRM1J6qS83KgPnTRcVQYR2b3b0JcIB2StaaIUqSPS-N2RJG-2QBCH2vYcZ6ovfDUDu5FxNh1n9UqYAj1ICSc9ekG5Z1QEEVvKCyP2cmvYs&amp;__tn__=-]K-R\" target=\"_blank\"><strong>Laura Serrano S\u00e1nchez<\/strong><\/a>, nos presenta la exposici\u00f3n de Fotograf\u00eda Anal\u00f3gica:<strong> Maestros Andaluces de la FIAP.<\/strong> Organiza La <strong>FAF<\/strong> y <strong><em>Afopriego<\/em><\/strong> en la <strong>Casa Museo Alcal\u00e1 Zamora<\/strong> de <strong><em>Priego de C\u00f3rdoba<\/em><\/strong>.<\/p>\n\n\n\n<p><\/p><iframe width=\"560\" height=\"315\" src=\"https:\/\/www.youtube.com\/embed\/AQ_fz-x6NCM\" frameborder=\"0\" allow=\"accelerometer; autoplay; clipboard-write; encrypted-media; gyroscope; picture-in-picture\" allowfullscreen=\"\"><\/iframe>\n\n\n\n<p class=\"has-text-align-center wp-block-paragraph\"><strong>__________________________<\/strong><\/p>\n\n\n\n<p class=\"wp-block-paragraph\"><span style=\"color:#214f04\" class=\"tadv-color\">El jueves d\u00eda 17 de septiembre de 2020, Laura Serrano, en su programa de <strong>TelePriego<\/strong> <strong><em>EL MIRADOR<\/em><\/strong> se hizo eco de la exposici\u00f3n, organizada por <strong>AfoPriego<\/strong>, que presenta los trabajos fotogr\u00e1ficos ganadores de la <strong>II Liga Fotogr\u00e1fica de la Federaci\u00f3n Andaluza de Fotograf\u00eda<\/strong> y que estar\u00e1, durante el mes de septiembre, en la la sala expositiva de la <strong>Casa Museo Niceto Alcal\u00e1 Zamora <\/strong>de Priego de C\u00f3rdoba.<\/span><\/p>\n\n\n\n<p><\/p><iframe width=\"560\" height=\"315\" src=\"https:\/\/www.youtube.com\/embed\/DCiYSJRF-2o\" frameborder=\"0\" allow=\"accelerometer; autoplay; clipboard-write; encrypted-media; gyroscope; picture-in-picture\" allowfullscreen=\"\"><\/iframe>\n\n\n\n<p class=\"has-text-align-center wp-block-paragraph\"><strong>__________________________<\/strong><\/p>\n\n\n\n<p class=\"wp-block-paragraph\"><strong><em>TelePriego<\/em><\/strong> se hace eco en su magaz\u00edn semanal <strong>&#8220;EL MIRADOR&#8221;<\/strong> de dos acontecimientos relacionados con nuestra asociaci\u00f3n: El Ayto. de Priego hace entrega de las salas del Centro Asociativo Calle Molinos &#8211; AfoPriego presenta su exposici\u00f3n <strong>&#8220;BLANCO Y NEGRO&#8221;<\/strong> en la sala expositiva de la <strong>Casa Museo Niceto Alcal\u00e1 Zamora de Priego de C\u00f3rdoba.<\/strong><\/p>\n\n\n\n<p><\/p><iframe width=\"560\" height=\"315\" src=\"https:\/\/www.youtube.com\/embed\/eRk6K-INi6w\" frameborder=\"0\" allow=\"accelerometer; autoplay; clipboard-write; encrypted-media; gyroscope; picture-in-picture\" allowfullscreen=\"\"><\/iframe>\n\n\n\n<p class=\"has-text-align-center wp-block-paragraph\"><strong>__________________________<\/strong><\/p>\n\n\n\n<p class=\"wp-block-paragraph\"><span style=\"color:#08319b\" class=\"tadv-color\"><strong>TelePriego<\/strong> se hace eco en su programa <strong><em>EL MIRADOR<\/em><\/strong>, magaz\u00edn conducido por Laura Serrano, sobre la exposici\u00f3n virtual <strong>MAYO 2020<\/strong> realizada por <strong>AfoPriego<\/strong>.<\/span><\/p>\n\n\n\n<p><\/p><iframe width=\"560\" height=\"315\" src=\"https:\/\/www.youtube.com\/embed\/YZ6-xK9anc0\" frameborder=\"0\" allow=\"accelerometer; autoplay; encrypted-media; gyroscope; picture-in-picture\" allowfullscreen=\"\"><\/iframe>\n\n\n<p>\u00a0<\/p>\n<p><em><strong><span style=\"color: #993300;\">Reportaje emitido por TelePriego de la inauguraci\u00f3n, en la Casa Museo Niceto Alacal\u00e1-Zamora y Torres de Priego de C\u00f3rdoba, de la exposici\u00f3n colectiva de AfoPriego sobre Iluminaci\u00f3n y retrato.\u00a0<\/span><\/strong><\/em><\/p>\n<p><iframe src=\"https:\/\/www.youtube.com\/embed\/HmUihb1DuAY\" width=\"956\" height=\"538\" frameborder=\"0\" allowfullscreen=\"allowfullscreen\"><\/iframe><\/p>\n<p><span style=\"color: #0000ff;\"><em><strong>28 de junio de 2018<\/strong><\/em><\/span><\/p>\n<p><span style=\"color: #800000;\"><em><strong>Entrevista realizada por Laura Serrano a Miguel Hidalgo y Jer\u00f3nimo Villena (Presidentes de AfoPriego y de la Federaci\u00f3n Andaluza de Fotograf\u00eda, respectivamente), con motivo de la presentaci\u00f3n oficial de la Asociaci\u00f3n Fotogr\u00e1fica de Priego de C\u00f3rdoba, ma\u00f1ana 29 de junio de 2018 en el Teatro Victoria de nuestra ciudad.\u00a0<\/strong><\/em><\/span><\/p>\n<p><iframe src=\"https:\/\/www.youtube.com\/embed\/xD339UWMCOA?ecver=1\" width=\"854\" height=\"480\" frameborder=\"0\" allowfullscreen=\"allowfullscreen\"><\/iframe><\/p>","protected":false},"excerpt":{"rendered":"<p>El Mirador de TelePriego. Marzo de 2020. Laura Serrano S\u00e1nchez, nos presenta la muestra fotogr\u00e1fica &#8220;NAMASTE&#8221; expuesta en la sala AfoPriego de la Sociedad Cultural Casino de Priego, as\u00ed como las fotograf\u00edas seleccionadas del concurso nacional del 25\u00ba aniversario de &hellip; <a href=\"https:\/\/afopriego.com\/?page_id=544\">Sigue leyendo <span class=\"meta-nav\">&rarr;<\/span><\/a><\/p>\n","protected":false},"author":1,"featured_media":7112,"parent":310,"menu_order":2,"comment_status":"closed","ping_status":"closed","template":"","meta":{"_crdt_document":"","pagelayer_contact_templates":[],"_pagelayer_content":"","footnotes":""},"class_list":["post-544","page","type-page","status-publish","has-post-thumbnail","hentry"],"_links":{"self":[{"href":"https:\/\/afopriego.com\/index.php?rest_route=\/wp\/v2\/pages\/544","targetHints":{"allow":["GET"]}}],"collection":[{"href":"https:\/\/afopriego.com\/index.php?rest_route=\/wp\/v2\/pages"}],"about":[{"href":"https:\/\/afopriego.com\/index.php?rest_route=\/wp\/v2\/types\/page"}],"author":[{"embeddable":true,"href":"https:\/\/afopriego.com\/index.php?rest_route=\/wp\/v2\/users\/1"}],"replies":[{"embeddable":true,"href":"https:\/\/afopriego.com\/index.php?rest_route=%2Fwp%2Fv2%2Fcomments&post=544"}],"version-history":[{"count":0,"href":"https:\/\/afopriego.com\/index.php?rest_route=\/wp\/v2\/pages\/544\/revisions"}],"up":[{"embeddable":true,"href":"https:\/\/afopriego.com\/index.php?rest_route=\/wp\/v2\/pages\/310"}],"wp:featuredmedia":[{"embeddable":true,"href":"https:\/\/afopriego.com\/index.php?rest_route=\/wp\/v2\/media\/7112"}],"wp:attachment":[{"href":"https:\/\/afopriego.com\/index.php?rest_route=%2Fwp%2Fv2%2Fmedia&parent=544"}],"curies":[{"name":"wp","href":"https:\/\/api.w.org\/{rel}","templated":true}]}}