{"id":533,"date":"2018-08-07T17:14:02","date_gmt":"2018-08-07T17:14:02","guid":{"rendered":"https:\/\/afopriego.com\/?page_id=533"},"modified":"2022-01-06T18:24:23","modified_gmt":"2022-01-06T17:24:23","slug":"adarve","status":"publish","type":"page","link":"https:\/\/afopriego.com\/?page_id=533","title":{"rendered":"Adarve"},"content":{"rendered":"<table border=\"1\">\n<tbody>\n<tr>\n<td style=\"width: 50%; text-align: left; vertical-align: top;\"><span style=\"color: #0000ff;\">15 de octubre de 2018<\/span><\/p>\n<p><span style=\"color: #008000;\"><em><strong><span style=\"font-size: 14pt;\">III QUEDADA DE FOT\u00d3GRAFOS ANDALUCES EN PRIEGO DE C\u00d3RDOBA<\/span><\/strong><\/em><\/span><\/p>\n<p><a href=\"https:\/\/drive.google.com\/file\/d\/1-URf62m_-0TUzov-m62URDxxayaRvFuX\/view?usp=sharing\" target=\"_blank\" rel=\"noopener\"><em><span style=\"color: #ff0000;\">Desc\u00e1rgalo en pdf<\/span><\/em><\/a><\/td>\n<td style=\"width: 50%; text-align: center; vertical-align: top;\"><a href=\"https:\/\/drive.google.com\/file\/d\/1-URf62m_-0TUzov-m62URDxxayaRvFuX\/view?usp=sharing\" target=\"_blank\" rel=\"noopener\"><img fetchpriority=\"high\" decoding=\"async\" class=\"alignright wp-image-1051 size-full\" src=\"https:\/\/afopriego.com\/wp-content\/uploads\/2018\/10\/IMG-20181018-WA0000-1.jpg\" alt=\"\" width=\"2480\" height=\"3508\" srcset=\"https:\/\/afopriego.com\/wp-content\/uploads\/2018\/10\/IMG-20181018-WA0000-1.jpg 2480w, https:\/\/afopriego.com\/wp-content\/uploads\/2018\/10\/IMG-20181018-WA0000-1-212x300.jpg 212w, https:\/\/afopriego.com\/wp-content\/uploads\/2018\/10\/IMG-20181018-WA0000-1-768x1086.jpg 768w, https:\/\/afopriego.com\/wp-content\/uploads\/2018\/10\/IMG-20181018-WA0000-1-724x1024.jpg 724w\" sizes=\"(max-width: 2480px) 100vw, 2480px\" \/><\/a><\/td>\n<\/tr>\n<\/tbody>\n<\/table>\n<table style=\"border-collapse: collapse; width: 100%;\" border=\"1\">\n<tbody>\n<tr>\n<td style=\"width: 50%; text-align: left; vertical-align: top;\"><span style=\"color: #0000ff;\">1 de agosto de 2018<\/span><\/p>\n<p><span style=\"font-size: 18pt;\"><em><strong><span style=\"font-family: verdana, geneva, sans-serif; color: #800000;\">Entrevista:<\/span><\/strong><\/em><\/span><\/p>\n<p><span style=\"font-size: 18pt; color: #008000;\"><em><strong><span style=\"font-family: verdana, geneva, sans-serif;\">Miguel Hidalgo<\/span><\/strong><\/em><\/span><\/p>\n<p><span style=\"color: #0000ff;\"><strong><em>presidente de AfoPriego<\/em><\/strong><\/span><\/p>\n<p><a href=\"https:\/\/drive.google.com\/file\/d\/1T36U5SzV76MI4_lENSNrqyfH5h6q-HRs\/view?usp=sharing\" target=\"_blank\" rel=\"noopener\"><em><span style=\"color: #ff0000;\">Desc\u00e1rgalo en pdf<\/span><\/em><\/a><\/td>\n<td style=\"width: 50%; text-align: center; vertical-align: top;\"><a href=\"https:\/\/drive.google.com\/file\/d\/1T36U5SzV76MI4_lENSNrqyfH5h6q-HRs\/view?usp=sharing\" target=\"_blank\" rel=\"noopener\"><img decoding=\"async\" class=\"alignright wp-image-538 size-full\" src=\"https:\/\/afopriego.com\/wp-content\/uploads\/2018\/08\/Adarve-1013_14.jpg\" alt=\"\" width=\"2468\" height=\"3508\" srcset=\"https:\/\/afopriego.com\/wp-content\/uploads\/2018\/08\/Adarve-1013_14.jpg 2468w, https:\/\/afopriego.com\/wp-content\/uploads\/2018\/08\/Adarve-1013_14-211x300.jpg 211w, https:\/\/afopriego.com\/wp-content\/uploads\/2018\/08\/Adarve-1013_14-768x1092.jpg 768w, https:\/\/afopriego.com\/wp-content\/uploads\/2018\/08\/Adarve-1013_14-720x1024.jpg 720w\" sizes=\"(max-width: 2468px) 100vw, 2468px\" \/><\/a><\/td>\n<\/tr>\n<\/tbody>\n<\/table>\n<table style=\"border-collapse: collapse; width: 100%;\" border=\"1\">\n<tbody>\n<tr>\n<td style=\"width: 50%; text-align: left; vertical-align: top;\"><span style=\"color: #0000ff;\">15 de julio de 2018<\/span><\/p>\n<p><span style=\"color: #800000;\"><em><span style=\"font-family: verdana, geneva, sans-serif; font-size: 14pt;\"><strong>Inauguraci\u00f3n<\/strong><\/span><\/em><\/span><\/p>\n<p><span style=\"color: #800000;\"><em><span style=\"font-family: verdana, geneva, sans-serif; font-size: 14pt;\"><strong> I\u00aa Exposici\u00f3n<\/strong><\/span><\/em><\/span><\/p>\n<p><span style=\"color: #008000; font-size: 18pt;\"><em><span style=\"font-family: verdana, geneva, sans-serif;\"><strong>AfoPriego<\/strong><\/span><\/em><\/span><\/p>\n<p><a href=\"https:\/\/drive.google.com\/file\/d\/11yunMP0ZcVcUXrhx_BK1mLWHT9jP3maf\/view?usp=sharing\" target=\"_blank\" rel=\"noopener\"><em><span style=\"color: #ff0000;\">Desc\u00e1rgalo en pdf<\/span><\/em><\/a><\/td>\n<td style=\"width: 50%; text-align: center; vertical-align: top;\"><a href=\"https:\/\/drive.google.com\/file\/d\/11yunMP0ZcVcUXrhx_BK1mLWHT9jP3maf\/view?usp=sharing\" target=\"_blank\" rel=\"noopener\"><img decoding=\"async\" class=\"alignright wp-image-535 size-full\" src=\"https:\/\/afopriego.com\/wp-content\/uploads\/2018\/08\/portada-fotografos.jpg\" alt=\"\" width=\"646\" height=\"836\" srcset=\"https:\/\/afopriego.com\/wp-content\/uploads\/2018\/08\/portada-fotografos.jpg 646w, https:\/\/afopriego.com\/wp-content\/uploads\/2018\/08\/portada-fotografos-232x300.jpg 232w\" sizes=\"(max-width: 646px) 100vw, 646px\" \/><\/a><\/td>\n<\/tr>\n<\/tbody>\n<\/table>\n","protected":false},"excerpt":{"rendered":"<p>15 de octubre de 2018 III QUEDADA DE FOT\u00d3GRAFOS ANDALUCES EN PRIEGO DE C\u00d3RDOBA Desc\u00e1rgalo en pdf 1 de agosto de 2018 Entrevista: Miguel Hidalgo presidente de AfoPriego Desc\u00e1rgalo en pdf 15 de julio de 2018 Inauguraci\u00f3n I\u00aa Exposici\u00f3n AfoPriego &hellip; <a href=\"https:\/\/afopriego.com\/?page_id=533\">Sigue leyendo <span class=\"meta-nav\">&rarr;<\/span><\/a><\/p>\n","protected":false},"author":1,"featured_media":7112,"parent":310,"menu_order":1,"comment_status":"closed","ping_status":"closed","template":"","meta":{"_crdt_document":"","pagelayer_contact_templates":[],"_pagelayer_content":"","footnotes":""},"class_list":["post-533","page","type-page","status-publish","has-post-thumbnail","hentry"],"_links":{"self":[{"href":"https:\/\/afopriego.com\/index.php?rest_route=\/wp\/v2\/pages\/533","targetHints":{"allow":["GET"]}}],"collection":[{"href":"https:\/\/afopriego.com\/index.php?rest_route=\/wp\/v2\/pages"}],"about":[{"href":"https:\/\/afopriego.com\/index.php?rest_route=\/wp\/v2\/types\/page"}],"author":[{"embeddable":true,"href":"https:\/\/afopriego.com\/index.php?rest_route=\/wp\/v2\/users\/1"}],"replies":[{"embeddable":true,"href":"https:\/\/afopriego.com\/index.php?rest_route=%2Fwp%2Fv2%2Fcomments&post=533"}],"version-history":[{"count":0,"href":"https:\/\/afopriego.com\/index.php?rest_route=\/wp\/v2\/pages\/533\/revisions"}],"up":[{"embeddable":true,"href":"https:\/\/afopriego.com\/index.php?rest_route=\/wp\/v2\/pages\/310"}],"wp:featuredmedia":[{"embeddable":true,"href":"https:\/\/afopriego.com\/index.php?rest_route=\/wp\/v2\/media\/7112"}],"wp:attachment":[{"href":"https:\/\/afopriego.com\/index.php?rest_route=%2Fwp%2Fv2%2Fmedia&parent=533"}],"curies":[{"name":"wp","href":"https:\/\/api.w.org\/{rel}","templated":true}]}}