{"id":4567,"date":"2021-01-20T23:43:31","date_gmt":"2021-01-20T22:43:31","guid":{"rendered":"https:\/\/afopriego.com\/?page_id=4567"},"modified":"2022-01-06T19:21:09","modified_gmt":"2022-01-06T18:21:09","slug":"actividades-2019","status":"publish","type":"page","link":"https:\/\/afopriego.com\/?page_id=4567","title":{"rendered":"Actividades 2019"},"content":{"rendered":"\n<div class=\"wp-block-columns has-2-columns is-layout-flex wp-container-core-columns-is-layout-8f761849 wp-block-columns-is-layout-flex\">\n<div class=\"wp-block-column is-layout-flow wp-block-column-is-layout-flow\">\n<figure class=\"wp-block-image size-large\"><img fetchpriority=\"high\" decoding=\"async\" width=\"701\" height=\"1024\" src=\"https:\/\/afopriego.com\/wp-content\/uploads\/2019\/01\/49608143_2052231088205458_2618334818101886976_o-701x1024.jpg\" alt=\"\" class=\"wp-image-2768\" srcset=\"https:\/\/afopriego.com\/wp-content\/uploads\/2019\/01\/49608143_2052231088205458_2618334818101886976_o-701x1024.jpg 701w, https:\/\/afopriego.com\/wp-content\/uploads\/2019\/01\/49608143_2052231088205458_2618334818101886976_o-206x300.jpg 206w, https:\/\/afopriego.com\/wp-content\/uploads\/2019\/01\/49608143_2052231088205458_2618334818101886976_o-768x1121.jpg 768w, https:\/\/afopriego.com\/wp-content\/uploads\/2019\/01\/49608143_2052231088205458_2618334818101886976_o.jpg 1307w\" sizes=\"(max-width: 701px) 100vw, 701px\" \/><\/figure>\n<\/div>\n\n\n\n<div class=\"wp-block-column is-layout-flow wp-block-column-is-layout-flow\">\n<p class=\"has-text-color wp-block-paragraph\" style=\"color:#a32700;font-size:25px\"><strong><em>Masculino Singular<\/em><\/strong><\/p>\n\n\n\n<p class=\"wp-block-paragraph\">Exposici\u00f3n de Jos\u00e9 M\u00aa Pino en la sala expositiva de la casa-museo Niceto Alcal\u00e1-Zamora de Priego de C\u00f3rdoba<\/p>\n<\/div>\n<\/div>\n\n\n\n<div class=\"wp-block-columns has-2-columns is-layout-flex wp-container-core-columns-is-layout-8f761849 wp-block-columns-is-layout-flex\">\n<div class=\"wp-block-column is-layout-flow wp-block-column-is-layout-flow\">\n<figure class=\"wp-block-image size-large\"><img decoding=\"async\" width=\"724\" height=\"1024\" src=\"https:\/\/afopriego.com\/wp-content\/uploads\/2019\/03\/IMG-20190301-WA0001-724x1024.jpg\" alt=\"\" class=\"wp-image-2890\" srcset=\"https:\/\/afopriego.com\/wp-content\/uploads\/2019\/03\/IMG-20190301-WA0001.jpg 724w, https:\/\/afopriego.com\/wp-content\/uploads\/2019\/03\/IMG-20190301-WA0001-212x300.jpg 212w\" sizes=\"(max-width: 724px) 100vw, 724px\" \/><\/figure>\n<\/div>\n\n\n\n<div class=\"wp-block-column is-layout-flow wp-block-column-is-layout-flow\">\n<p class=\"has-blue-color has-text-color wp-block-paragraph\" style=\"font-size:35px\"><strong><em>Agua<\/em><\/strong><\/p>\n\n\n\n<p class=\"wp-block-paragraph\">Con motivo de la XII Fiesta del Agua en Andaluc\u00eda, AfoPriego ha preparado una exposici\u00f3n colectiva.<\/p>\n<\/div>\n<\/div>\n\n\n\n<div class=\"wp-block-columns has-2-columns is-layout-flex wp-container-core-columns-is-layout-8f761849 wp-block-columns-is-layout-flex\">\n<div class=\"wp-block-column is-layout-flow wp-block-column-is-layout-flow\">\n<figure class=\"wp-block-image size-large\"><img decoding=\"async\" width=\"720\" height=\"480\" src=\"https:\/\/afopriego.com\/wp-content\/uploads\/2021\/01\/FB_IMG_1556014579538.jpg\" alt=\"\" class=\"wp-image-4577\" srcset=\"https:\/\/afopriego.com\/wp-content\/uploads\/2021\/01\/FB_IMG_1556014579538.jpg 720w, https:\/\/afopriego.com\/wp-content\/uploads\/2021\/01\/FB_IMG_1556014579538-300x200.jpg 300w, https:\/\/afopriego.com\/wp-content\/uploads\/2021\/01\/FB_IMG_1556014579538-450x300.jpg 450w\" sizes=\"(max-width: 720px) 100vw, 720px\" \/><\/figure>\n<\/div>\n\n\n\n<div class=\"wp-block-column is-layout-flow wp-block-column-is-layout-flow\">\n<p class=\"has-text-color wp-block-paragraph\" style=\"color:#9519d2;font-size:35px\"><strong><em>Carnaval 2019<\/em><\/strong><\/p>\n\n\n\n<p class=\"wp-block-paragraph\">Celebraci\u00f3n del Carnaval-2019<\/p>\n<\/div>\n<\/div>\n\n\n\n<div class=\"wp-block-columns has-2-columns is-layout-flex wp-container-core-columns-is-layout-8f761849 wp-block-columns-is-layout-flex\">\n<div class=\"wp-block-column is-layout-flow wp-block-column-is-layout-flow\">\n<figure class=\"wp-block-image size-large\"><a href=\"https:\/\/photos.app.goo.gl\/BCnQ3uaoVj8PUbvZ6\" target=\"_blank\" rel=\"noreferrer noopener\"><img loading=\"lazy\" decoding=\"async\" width=\"741\" height=\"1024\" src=\"https:\/\/afopriego.com\/wp-content\/uploads\/2020\/01\/20190430-Taller-Revelado-B\u00e1sico-01-741x1024.jpg\" alt=\"\" class=\"wp-image-3427\" srcset=\"https:\/\/afopriego.com\/wp-content\/uploads\/2020\/01\/20190430-Taller-Revelado-B\u00e1sico-01-741x1024.jpg 741w, https:\/\/afopriego.com\/wp-content\/uploads\/2020\/01\/20190430-Taller-Revelado-B\u00e1sico-01-217x300.jpg 217w, https:\/\/afopriego.com\/wp-content\/uploads\/2020\/01\/20190430-Taller-Revelado-B\u00e1sico-01-768x1061.jpg 768w, https:\/\/afopriego.com\/wp-content\/uploads\/2020\/01\/20190430-Taller-Revelado-B\u00e1sico-01-1112x1536.jpg 1112w, https:\/\/afopriego.com\/wp-content\/uploads\/2020\/01\/20190430-Taller-Revelado-B\u00e1sico-01.jpg 1158w\" sizes=\"(max-width: 741px) 100vw, 741px\" \/><\/a><\/figure>\n<\/div>\n\n\n\n<div class=\"wp-block-column is-layout-flow wp-block-column-is-layout-flow\">\n<p class=\"has-text-color has-medium-font-size wp-block-paragraph\" style=\"color:#a32700\"><strong>Taller de revelado digital b\u00e1sico en Lightroom y Photoshop<\/strong><\/p>\n\n\n\n<p class=\"wp-block-paragraph\">El 30 de abril de 2019 se  celebr\u00f3 en los locales del CIE de Priego de C\u00f3rdoba el 1\u00ba taller, impartido por Pedro H. Rojas Parras, sobre t\u00e9cnicas de revelado digital.<\/p>\n<\/div>\n<\/div>\n\n\n\n<div class=\"wp-block-columns has-2-columns is-layout-flex wp-container-core-columns-is-layout-8f761849 wp-block-columns-is-layout-flex\">\n<div class=\"wp-block-column is-layout-flow wp-block-column-is-layout-flow\">\n<figure class=\"wp-block-image size-large\"><a href=\"https:\/\/photos.app.goo.gl\/46snwYDqXePQ4nUF9\" target=\"_blank\" rel=\"noreferrer noopener\"><img loading=\"lazy\" decoding=\"async\" width=\"720\" height=\"994\" src=\"https:\/\/afopriego.com\/wp-content\/uploads\/2020\/01\/IMG-20190424-WA0043.jpg\" alt=\"\" class=\"wp-image-3428\" srcset=\"https:\/\/afopriego.com\/wp-content\/uploads\/2020\/01\/IMG-20190424-WA0043.jpg 720w, https:\/\/afopriego.com\/wp-content\/uploads\/2020\/01\/IMG-20190424-WA0043-217x300.jpg 217w\" sizes=\"(max-width: 720px) 100vw, 720px\" \/><\/a><\/figure>\n<\/div>\n\n\n\n<div class=\"wp-block-column is-layout-flow wp-block-column-is-layout-flow\">\n<p class=\"has-text-align-left has-text-color wp-block-paragraph\" style=\"color:#4800a3;font-size:28px\"><strong><em>Curso de iniciaci\u00f3n a la fotograf\u00eda<\/em><\/strong><\/p>\n\n\n\n<p class=\"wp-block-paragraph\">Durante el mes de mayo, Pedro Rojas Parras ha impartido un curso de iniciaci\u00f3n a la fotograf\u00eda, dirigido a los alumnos de 1\u00ba y 2\u00ba de bachillerato de Artes del Instituto \u00c1lvarez Cubero de Priego de C\u00f3rdoba.<\/p>\n<\/div>\n<\/div>\n\n\n\n<div class=\"wp-block-columns has-2-columns is-layout-flex wp-container-core-columns-is-layout-8f761849 wp-block-columns-is-layout-flex\">\n<div class=\"wp-block-column is-layout-flow wp-block-column-is-layout-flow\">\n<figure class=\"wp-block-image size-large\"><a href=\"https:\/\/photos.app.goo.gl\/w8be9UNFMSdoJvKj9\" target=\"_blank\" rel=\"noreferrer noopener\"><img loading=\"lazy\" decoding=\"async\" width=\"741\" height=\"1024\" src=\"https:\/\/afopriego.com\/wp-content\/uploads\/2020\/01\/WhatsApp-Image-2019-04-21-at-15.03.34-741x1024.jpeg\" alt=\"\" class=\"wp-image-3429\" srcset=\"https:\/\/afopriego.com\/wp-content\/uploads\/2020\/01\/WhatsApp-Image-2019-04-21-at-15.03.34-741x1024.jpeg 741w, https:\/\/afopriego.com\/wp-content\/uploads\/2020\/01\/WhatsApp-Image-2019-04-21-at-15.03.34-217x300.jpeg 217w, https:\/\/afopriego.com\/wp-content\/uploads\/2020\/01\/WhatsApp-Image-2019-04-21-at-15.03.34-768x1061.jpeg 768w, https:\/\/afopriego.com\/wp-content\/uploads\/2020\/01\/WhatsApp-Image-2019-04-21-at-15.03.34.jpeg 850w\" sizes=\"(max-width: 741px) 100vw, 741px\" \/><\/a><\/figure>\n<\/div>\n\n\n\n<div class=\"wp-block-column is-layout-flow wp-block-column-is-layout-flow\">\n<p class=\"has-medium-gray-color has-text-color wp-block-paragraph\" style=\"font-size:27px\"><strong><em>Taller de Conversi\u00f3n a Blanco y Negro<\/em><\/strong><\/p>\n\n\n\n<p class=\"wp-block-paragraph\">El d\u00eda 18 de mayo, en los locales del CIE de Priego de C\u00f3rdoba, Pedro Rojas Parras ha impartido un taller sobre las diferentes t\u00e9cnicas para la conversi\u00f3n de las fotograf\u00edas en Color a Blanco y Negro.<\/p>\n<\/div>\n<\/div>\n\n\n\n<div class=\"wp-block-columns has-2-columns is-layout-flex wp-container-core-columns-is-layout-8f761849 wp-block-columns-is-layout-flex\">\n<div class=\"wp-block-column is-layout-flow wp-block-column-is-layout-flow\">\n<figure class=\"wp-block-image size-large\"><a href=\"https:\/\/photos.app.goo.gl\/bKFJKzLvFzLaNMsE8\" target=\"_blank\" rel=\"noreferrer noopener\"><img loading=\"lazy\" decoding=\"async\" width=\"731\" height=\"1024\" src=\"https:\/\/afopriego.com\/wp-content\/uploads\/2020\/01\/20190525_Tour-01.jpg\" alt=\"\" class=\"wp-image-3430\" srcset=\"https:\/\/afopriego.com\/wp-content\/uploads\/2020\/01\/20190525_Tour-01.jpg 731w, https:\/\/afopriego.com\/wp-content\/uploads\/2020\/01\/20190525_Tour-01-214x300.jpg 214w\" sizes=\"(max-width: 731px) 100vw, 731px\" \/><\/a><\/figure>\n<\/div>\n\n\n\n<div class=\"wp-block-column is-layout-flow wp-block-column-is-layout-flow\">\n<p class=\"has-text-color wp-block-paragraph\" style=\"color:#a30500;font-size:30px\"><strong><em>Tour Nacional de Fotograf\u00eda<\/em><\/strong><\/p>\n\n\n\n<p class=\"wp-block-paragraph\">Durante el d\u00eda 25 de mayo de 2019, en el sal\u00f3n de actos de la Casa Museo Niceto Alcal\u00e1 Zamora de Priego de C\u00f3rdoba y dentro del Tour Nacional de Fotograf\u00eda, se ha desarrollado un curso sobre  mantenimiento t\u00e9cnico de las c\u00e1maras y las lentes fotogr\u00e1ficas, nuevas t\u00e9cnica de revelado en Photoshop y fotograf\u00eda nocturna.<\/p>\n<\/div>\n<\/div>\n\n\n\n<div class=\"wp-block-columns has-2-columns is-layout-flex wp-container-core-columns-is-layout-8f761849 wp-block-columns-is-layout-flex\">\n<div class=\"wp-block-column is-layout-flow wp-block-column-is-layout-flow\">\n<figure class=\"wp-block-image size-large\"><a href=\"https:\/\/photos.app.goo.gl\/UvvgtCTnVARDNqad8\" target=\"_blank\" rel=\"noreferrer noopener\"><img loading=\"lazy\" decoding=\"async\" width=\"695\" height=\"960\" src=\"https:\/\/afopriego.com\/wp-content\/uploads\/2020\/01\/Julio_8_6_19-01.jpg\" alt=\"\" class=\"wp-image-3431\" srcset=\"https:\/\/afopriego.com\/wp-content\/uploads\/2020\/01\/Julio_8_6_19-01.jpg 695w, https:\/\/afopriego.com\/wp-content\/uploads\/2020\/01\/Julio_8_6_19-01-217x300.jpg 217w\" sizes=\"(max-width: 695px) 100vw, 695px\" \/><\/a><\/figure>\n<\/div>\n\n\n\n<div class=\"wp-block-column is-layout-flow wp-block-column-is-layout-flow\">\n<p class=\"wp-block-paragraph\" style=\"font-size:28px\"><strong><span style=\"color:#1c00a3\" class=\"tadv-color\"><em>Taller de Photoshop para fot\u00f3grafos<\/em><\/span><\/strong><\/p>\n\n\n\n<p class=\"wp-block-paragraph\">El d\u00eda 8 de junio de 2019, nuestro compa\u00f1ero de AfoPriego, Julio D\u00edaz Onieva, ha impartido en los locales del CIE de Priego de C\u00f3rdoba un curso sobre t\u00e9cnicas de Photoshop para fot\u00f3grafos.<\/p>\n\n\n\n\n\n<div class=\"wp-block-columns is-layout-flex wp-container-core-columns-is-layout-8f761849 wp-block-columns-is-layout-flex\">\n<div class=\"wp-block-column is-layout-flow wp-block-column-is-layout-flow\"><\/div>\n\n\n\n<div class=\"wp-block-column is-layout-flow wp-block-column-is-layout-flow\"><\/div>\n<\/div>\n<\/div>\n<\/div>\n\n\n\n<div class=\"wp-block-columns has-2-columns is-layout-flex wp-container-core-columns-is-layout-8f761849 wp-block-columns-is-layout-flex\">\n<div class=\"wp-block-column is-layout-flow wp-block-column-is-layout-flow\">\n<figure class=\"wp-block-image size-large\"><img loading=\"lazy\" decoding=\"async\" width=\"1024\" height=\"768\" src=\"https:\/\/afopriego.com\/wp-content\/uploads\/2021\/01\/IMG-20190602-WA0003-1024x768.jpg\" alt=\"\" class=\"wp-image-4586\" srcset=\"https:\/\/afopriego.com\/wp-content\/uploads\/2021\/01\/IMG-20190602-WA0003-1024x768.jpg 1024w, https:\/\/afopriego.com\/wp-content\/uploads\/2021\/01\/IMG-20190602-WA0003-300x225.jpg 300w, https:\/\/afopriego.com\/wp-content\/uploads\/2021\/01\/IMG-20190602-WA0003-768x576.jpg 768w, https:\/\/afopriego.com\/wp-content\/uploads\/2021\/01\/IMG-20190602-WA0003-400x300.jpg 400w, https:\/\/afopriego.com\/wp-content\/uploads\/2021\/01\/IMG-20190602-WA0003.jpg 1320w\" sizes=\"(max-width: 1024px) 100vw, 1024px\" \/><\/figure>\n<\/div>\n\n\n\n<div class=\"wp-block-column is-layout-flow wp-block-column-is-layout-flow\">\n<p class=\"wp-block-paragraph\" style=\"font-size:28px\"><strong><em><span style=\"color:#a36f00\" class=\"tadv-color\">Salida de fotograf\u00eda nocturna<\/span><\/em><\/strong><\/p>\n\n\n\n<p class=\"wp-block-paragraph\">El d\u00eda 19 de junio de 2019, nuestros compa\u00f1ero de AfoPriego,<\/p>\n\n\n\n\n\n<div class=\"wp-block-columns is-layout-flex wp-container-core-columns-is-layout-8f761849 wp-block-columns-is-layout-flex\">\n<div class=\"wp-block-column is-layout-flow wp-block-column-is-layout-flow\"><\/div>\n\n\n\n<div class=\"wp-block-column is-layout-flow wp-block-column-is-layout-flow\"><\/div>\n<\/div>\n<\/div>\n<\/div>\n\n\n\n<div class=\"wp-block-columns has-2-columns is-layout-flex wp-container-core-columns-is-layout-8f761849 wp-block-columns-is-layout-flex\">\n<div class=\"wp-block-column is-layout-flow wp-block-column-is-layout-flow\">\n<figure class=\"wp-block-image size-large\"><img loading=\"lazy\" decoding=\"async\" width=\"900\" height=\"625\" src=\"https:\/\/afopriego.com\/wp-content\/uploads\/2021\/01\/IMG-20190709-WA0032.jpg\" alt=\"\" class=\"wp-image-4588\" srcset=\"https:\/\/afopriego.com\/wp-content\/uploads\/2021\/01\/IMG-20190709-WA0032.jpg 900w, https:\/\/afopriego.com\/wp-content\/uploads\/2021\/01\/IMG-20190709-WA0032-300x208.jpg 300w, https:\/\/afopriego.com\/wp-content\/uploads\/2021\/01\/IMG-20190709-WA0032-768x533.jpg 768w, https:\/\/afopriego.com\/wp-content\/uploads\/2021\/01\/IMG-20190709-WA0032-432x300.jpg 432w\" sizes=\"(max-width: 900px) 100vw, 900px\" \/><\/figure>\n<\/div>\n\n\n\n<div class=\"wp-block-column is-layout-flow wp-block-column-is-layout-flow\">\n<p class=\"wp-block-paragraph\" style=\"font-size:28px\"><strong><em><span style=\"color:#a36f00\" class=\"tadv-color\">Salida de fotograf\u00eda nocturna<\/span><\/em><\/strong><\/p>\n\n\n\n<p class=\"wp-block-paragraph\">El d\u00eda 9 de julio de 2019, nuestros compa\u00f1ero de AfoPriego,<\/p>\n\n\n\n\n\n<div class=\"wp-block-columns is-layout-flex wp-container-core-columns-is-layout-8f761849 wp-block-columns-is-layout-flex\">\n<div class=\"wp-block-column is-layout-flow wp-block-column-is-layout-flow\"><\/div>\n\n\n\n<div class=\"wp-block-column is-layout-flow wp-block-column-is-layout-flow\"><\/div>\n<\/div>\n<\/div>\n<\/div>\n\n\n\n<div class=\"wp-block-columns has-2-columns is-layout-flex wp-container-core-columns-is-layout-8f761849 wp-block-columns-is-layout-flex\">\n<div class=\"wp-block-column is-layout-flow wp-block-column-is-layout-flow\">\n<figure class=\"wp-block-image\"><a href=\"https:\/\/photos.app.goo.gl\/BUFW9CrRPBz8iQ9Q8\" target=\"_blank\" rel=\"noreferrer noopener\"><img loading=\"lazy\" decoding=\"async\" width=\"683\" height=\"1024\" src=\"https:\/\/afopriego.com\/wp-content\/uploads\/2019\/09\/Taller-fotografia-paisaje-683x1024.jpg\" alt=\"\" class=\"wp-image-3230\" srcset=\"https:\/\/afopriego.com\/wp-content\/uploads\/2019\/09\/Taller-fotografia-paisaje-683x1024.jpg 683w, https:\/\/afopriego.com\/wp-content\/uploads\/2019\/09\/Taller-fotografia-paisaje-200x300.jpg 200w, https:\/\/afopriego.com\/wp-content\/uploads\/2019\/09\/Taller-fotografia-paisaje-768x1152.jpg 768w, https:\/\/afopriego.com\/wp-content\/uploads\/2019\/09\/Taller-fotografia-paisaje.jpg 1000w\" sizes=\"(max-width: 683px) 100vw, 683px\" \/><\/a><\/figure>\n\n\n<\/div>\n\n\n\n<div class=\"wp-block-column is-layout-flow wp-block-column-is-layout-flow\">\n<p class=\"wp-block-paragraph\" style=\"font-size:28px\"><strong><em><span style=\"color:#a33600\" class=\"tadv-color\">Fotograf\u00eda de Paisaje<\/span><\/em><\/strong><\/p>\n\n\n\n<p class=\"has-black-color has-text-color wp-block-paragraph\">El d\u00eda 5 de octubre de 2019, nuestro compa\u00f1ero de AfoPriego, Antonio J. Ortiz Ruiz imparti\u00f3 en los locales del CIE de Priego de C\u00f3rdoba un curso sobre<strong> <\/strong><span style=\"color:#223306\" class=\"tadv-color\"><strong>&#8220;PLANIFICACI\u00d3N Y T\u00c9CNICA PARA LA FOTOGRAF\u00cdA DE PAISAJE&#8221;<\/strong><\/span>. El domingo, desde el balc\u00f3n del Adarve tuvieron lugar las pr\u00e1cticas del taller<\/p>\n\n\n<\/div>\n<\/div>\n\n\n\n<div class=\"wp-block-columns has-2-columns is-layout-flex wp-container-core-columns-is-layout-8f761849 wp-block-columns-is-layout-flex\">\n<div class=\"wp-block-column is-layout-flow wp-block-column-is-layout-flow\">\n<figure class=\"wp-block-image size-large\"><a href=\"https:\/\/photos.app.goo.gl\/VCpWXPAQqQE4ueEm8\" target=\"_blank\" rel=\"noreferrer noopener\"><img loading=\"lazy\" decoding=\"async\" width=\"741\" height=\"1024\" src=\"https:\/\/afopriego.com\/wp-content\/uploads\/2020\/01\/01-Cartel-741x1024.jpg\" alt=\"\" class=\"wp-image-3432\" srcset=\"https:\/\/afopriego.com\/wp-content\/uploads\/2020\/01\/01-Cartel-741x1024.jpg 741w, https:\/\/afopriego.com\/wp-content\/uploads\/2020\/01\/01-Cartel-217x300.jpg 217w, https:\/\/afopriego.com\/wp-content\/uploads\/2020\/01\/01-Cartel-768x1061.jpg 768w, https:\/\/afopriego.com\/wp-content\/uploads\/2020\/01\/01-Cartel-1112x1536.jpg 1112w, https:\/\/afopriego.com\/wp-content\/uploads\/2020\/01\/01-Cartel.jpg 1158w\" sizes=\"(max-width: 741px) 100vw, 741px\" \/><\/a><\/figure>\n\n\n<\/div>\n\n\n\n<div class=\"wp-block-column is-layout-flow wp-block-column-is-layout-flow\">\n<p class=\"wp-block-paragraph\" style=\"font-size:28px\"><strong><em><span style=\"color:#810648\" class=\"tadv-color\">Taller de Retrato e Iluminaci\u00f3n<\/span><\/em><\/strong><\/p>\n\n\n\n<p class=\"has-text-color wp-block-paragraph\" style=\"color:#032a04\">El d\u00eda 31 de octubre de 2019, nuestro compa\u00f1ero de AfoPriego, Pepe Pino imparti\u00f3 en los locales del CIE de Priego un taller sobre <span style=\"color:#223306\" class=\"tadv-color\">&#8220;<strong>Historia del retrato y t\u00e9cnicas de realizaci\u00f3n e iluminaci\u00f3n<\/strong><\/span>&#8220;, con la asistencia de numerosos aficionados a la fotograf\u00eda.<\/p>\n\n\n<\/div>\n<\/div>\n\n\n\n<div class=\"wp-block-columns has-2-columns is-layout-flex wp-container-core-columns-is-layout-8f761849 wp-block-columns-is-layout-flex\">\n<div class=\"wp-block-column is-layout-flow wp-block-column-is-layout-flow\">\n<figure class=\"wp-block-image size-large\"><a href=\"https:\/\/photos.app.goo.gl\/Advsd2AQ5dyQFLLr8\" target=\"_blank\" rel=\"noreferrer noopener\"><img loading=\"lazy\" decoding=\"async\" width=\"694\" height=\"960\" src=\"https:\/\/afopriego.com\/wp-content\/uploads\/2020\/01\/Taller_1_11_19-01.jpg\" alt=\"\" class=\"wp-image-3433\" srcset=\"https:\/\/afopriego.com\/wp-content\/uploads\/2020\/01\/Taller_1_11_19-01.jpg 694w, https:\/\/afopriego.com\/wp-content\/uploads\/2020\/01\/Taller_1_11_19-01-217x300.jpg 217w\" sizes=\"(max-width: 694px) 100vw, 694px\" \/><\/a><\/figure>\n\n\n<\/div>\n\n\n\n<div class=\"wp-block-column is-layout-flow wp-block-column-is-layout-flow\">\n<p class=\"wp-block-paragraph\" style=\"font-size:28px\"><strong><em><span style=\"color:#810648\" class=\"tadv-color\">Pr\u00e1cticas de Retrato e Iluminaci\u00f3n<\/span><\/em><\/strong>.<\/p>\n\n\n\n<p class=\"has-text-color wp-block-paragraph\" style=\"color:#032a04\">Los d\u00edas 1 y 2 de noviembre de 2019, en la sala expositiva del edificio Palenque de Priego de C\u00f3rdoba, nuestro compa\u00f1ero Pepe Pino dirigi\u00f3 el taller de pr\u00e1cticas de retrato en el plat\u00f3 montado a tal efecto con motivo de la fiesta de Holloween, donde vecinos de nuestra ciudad pudieron posar ante las c\u00e1maras de los socios de AfoPriego.<\/p>\n\n\n<\/div>\n<\/div>\n\n\n\n<div class=\"wp-block-columns has-2-columns is-layout-flex wp-container-core-columns-is-layout-8f761849 wp-block-columns-is-layout-flex\">\n<div class=\"wp-block-column is-layout-flow wp-block-column-is-layout-flow\">\n<figure class=\"wp-block-image size-large\"><a href=\"https:\/\/photos.app.goo.gl\/DGWh8RBWww4c7dhM6\" target=\"_blank\" rel=\"noreferrer noopener\"><img loading=\"lazy\" decoding=\"async\" width=\"741\" height=\"1024\" src=\"https:\/\/afopriego.com\/wp-content\/uploads\/2020\/01\/IMG-20191126-WA0014-741x1024.jpg\" alt=\"\" class=\"wp-image-3494\" srcset=\"https:\/\/afopriego.com\/wp-content\/uploads\/2020\/01\/IMG-20191126-WA0014-741x1024.jpg 741w, https:\/\/afopriego.com\/wp-content\/uploads\/2020\/01\/IMG-20191126-WA0014-217x300.jpg 217w, https:\/\/afopriego.com\/wp-content\/uploads\/2020\/01\/IMG-20191126-WA0014-768x1061.jpg 768w, https:\/\/afopriego.com\/wp-content\/uploads\/2020\/01\/IMG-20191126-WA0014-1112x1536.jpg 1112w, https:\/\/afopriego.com\/wp-content\/uploads\/2020\/01\/IMG-20191126-WA0014.jpg 1390w\" sizes=\"(max-width: 741px) 100vw, 741px\" \/><\/a><\/figure>\n\n\n<\/div>\n\n\n\n<div class=\"wp-block-column is-layout-flow wp-block-column-is-layout-flow\">\n<p class=\"wp-block-paragraph\" style=\"font-size:25px\"><strong><em><span style=\"color:#2b5304\" class=\"tadv-color\">Revelado por zonas: Fine Art<\/span><\/em><\/strong><\/p>\n\n\n\n<p class=\"has-text-color wp-block-paragraph\" style=\"color:#032a04\">Durante los d\u00edas 9 y 10 de diciembre de 2019 en el CIE de Priego, Pedro Rojas Parras ha impartido un taller sobre el Revelado fotogr\u00e1fico por zonas.<\/p>\n\n\n<\/div>\n<\/div>\n\n\n","protected":false},"excerpt":{"rendered":"<p>Masculino Singular Exposici\u00f3n de Jos\u00e9 M\u00aa Pino en la sala expositiva de la casa-museo Niceto Alcal\u00e1-Zamora de Priego de C\u00f3rdoba Agua Con motivo de la XII Fiesta del Agua en Andaluc\u00eda, AfoPriego ha preparado una exposici\u00f3n colectiva. Carnaval 2019 Celebraci\u00f3n &hellip; <a href=\"https:\/\/afopriego.com\/?page_id=4567\">Sigue leyendo <span class=\"meta-nav\">&rarr;<\/span><\/a><\/p>\n","protected":false},"author":1,"featured_media":7166,"parent":1537,"menu_order":3,"comment_status":"closed","ping_status":"closed","template":"","meta":{"_crdt_document":"","pagelayer_contact_templates":[],"_pagelayer_content":"","footnotes":""},"class_list":["post-4567","page","type-page","status-publish","has-post-thumbnail","hentry"],"_links":{"self":[{"href":"https:\/\/afopriego.com\/index.php?rest_route=\/wp\/v2\/pages\/4567","targetHints":{"allow":["GET"]}}],"collection":[{"href":"https:\/\/afopriego.com\/index.php?rest_route=\/wp\/v2\/pages"}],"about":[{"href":"https:\/\/afopriego.com\/index.php?rest_route=\/wp\/v2\/types\/page"}],"author":[{"embeddable":true,"href":"https:\/\/afopriego.com\/index.php?rest_route=\/wp\/v2\/users\/1"}],"replies":[{"embeddable":true,"href":"https:\/\/afopriego.com\/index.php?rest_route=%2Fwp%2Fv2%2Fcomments&post=4567"}],"version-history":[{"count":0,"href":"https:\/\/afopriego.com\/index.php?rest_route=\/wp\/v2\/pages\/4567\/revisions"}],"up":[{"embeddable":true,"href":"https:\/\/afopriego.com\/index.php?rest_route=\/wp\/v2\/pages\/1537"}],"wp:featuredmedia":[{"embeddable":true,"href":"https:\/\/afopriego.com\/index.php?rest_route=\/wp\/v2\/media\/7166"}],"wp:attachment":[{"href":"https:\/\/afopriego.com\/index.php?rest_route=%2Fwp%2Fv2%2Fmedia&parent=4567"}],"curies":[{"name":"wp","href":"https:\/\/api.w.org\/{rel}","templated":true}]}}