{"id":4426,"date":"2020-12-14T15:22:43","date_gmt":"2020-12-14T14:22:43","guid":{"rendered":"https:\/\/afopriego.com\/?page_id=4426"},"modified":"2022-01-06T18:48:49","modified_gmt":"2022-01-06T17:48:49","slug":"1a-liga-fotografica-de-afopriego","status":"publish","type":"page","link":"https:\/\/afopriego.com\/?page_id=4426","title":{"rendered":"1\u00aa LIGA LOCAL DE FOTOGRAF\u00cdA"},"content":{"rendered":"\n<p class=\"wp-block-paragraph\" style=\"font-size:42px\"><strong><em><span style=\"color:#a30400\" class=\"tadv-color\">V\u00eddeo promocional<\/span><\/em><\/strong><\/p>\n\n\n\n<p><\/p><iframe width=\"560\" height=\"315\" src=\"https:\/\/www.youtube.com\/embed\/S8ClQpEGrNQ\" title=\"YouTube video player\" frameborder=\"0\" allow=\"accelerometer; autoplay; clipboard-write; encrypted-media; gyroscope; picture-in-picture\" allowfullscreen=\"\"><\/iframe>\n\n\n\n<p class=\"has-text-align-center wp-block-paragraph\" style=\"font-size:35px\"><strong><em><span style=\"color:#a31b00\" class=\"tadv-color\">Resultados de las convocatorias<\/span><\/em><\/strong><\/p>\n\n\n\n<div class=\"wp-block-columns is-layout-flex wp-container-core-columns-is-layout-8f761849 wp-block-columns-is-layout-flex\">\n<div class=\"wp-block-column is-layout-flow wp-block-column-is-layout-flow\">\n<p class=\"has-text-align-center has-large-font-size wp-block-paragraph\"><strong><span style=\"color:#a31f00\" class=\"tadv-color\"><a href=\"https:\/\/afopriego.com\/?page_id=5952\" target=\"_blank\" rel=\"noreferrer noopener\">Partner<\/a><\/span><\/strong><\/p>\n<\/div>\n\n\n\n<div class=\"wp-block-column is-layout-flow wp-block-column-is-layout-flow\">\n<p class=\"has-text-align-center has-large-font-size wp-block-paragraph\"><strong><span style=\"color:#1f6c03\" class=\"tadv-color\"><a href=\"https:\/\/afopriego.com\/?page_id=5954\" target=\"_blank\" rel=\"noreferrer noopener\">Open<\/a><\/span><\/strong><\/p>\n<\/div>\n\n\n\n<div class=\"wp-block-column is-layout-flow wp-block-column-is-layout-flow\">\n<p class=\"has-text-align-center has-large-font-size wp-block-paragraph\"><strong><span style=\"color:#a30073\" class=\"tadv-color\"><a href=\"https:\/\/afopriego.com\/?page_id=5956\" target=\"_blank\" rel=\"noreferrer noopener\">Youth<\/a><\/span><\/strong><\/p>\n<\/div>\n<\/div>\n\n\n\n<figure class=\"wp-block-image size-large\"><a href=\"https:\/\/afopriego.com\/?page_id=4868\" target=\"_blank\" rel=\"noopener noreferrer\"><img fetchpriority=\"high\" decoding=\"async\" width=\"724\" height=\"1024\" src=\"https:\/\/afopriego.com\/wp-content\/uploads\/2021\/01\/Premios-afopriego-724x1024.jpg\" alt=\"\" class=\"wp-image-4488\" srcset=\"https:\/\/afopriego.com\/wp-content\/uploads\/2021\/01\/Premios-afopriego-724x1024.jpg 724w, https:\/\/afopriego.com\/wp-content\/uploads\/2021\/01\/Premios-afopriego-212x300.jpg 212w, https:\/\/afopriego.com\/wp-content\/uploads\/2021\/01\/Premios-afopriego-768x1086.jpg 768w, https:\/\/afopriego.com\/wp-content\/uploads\/2021\/01\/Premios-afopriego-1086x1536.jpg 1086w, https:\/\/afopriego.com\/wp-content\/uploads\/2021\/01\/Premios-afopriego-1448x2048.jpg 1448w, https:\/\/afopriego.com\/wp-content\/uploads\/2021\/01\/Premios-afopriego-scaled.jpg 1810w\" sizes=\"(max-width: 724px) 100vw, 724px\" \/><\/a><figcaption><strong><em>Pulsar sobre la imagen para acceder al enlace de las galer\u00edas fotogr\u00e1ficas<\/em><\/strong><\/figcaption><\/figure>\n\n\n<p class=\"fonts-plugin-block \" style=\"font-family: calibri;font-size: 24px;text-align: center\">En colaboraci\u00f3n con la Diputaci\u00f3n de C\u00f3rdoba. <\/p>\n\n\n<div class=\"wp-block-image\"><figure class=\"aligncenter size-full is-resized\"><a href=\"https:\/\/afopriego.com\/wp-content\/uploads\/2021\/11\/Diputacion-de-Cordoba-png.png\"><img decoding=\"async\" src=\"https:\/\/afopriego.com\/wp-content\/uploads\/2021\/11\/Diputacion-de-Cordoba-png.png\" alt=\"\" class=\"wp-image-6620\" width=\"206\" height=\"76\"\/><\/a><\/figure><\/div>\n\n\n\n<p class=\"has-text-align-center wp-block-paragraph\" style=\"font-size:29px\"><strong><em><span style=\"color:#a33e00\" class=\"tadv-color\"><a rel=\"noreferrer noopener\" href=\"https:\/\/drive.google.com\/file\/d\/15hmZz_SiEiLNu3dNNi-TKlbe4RagbXPZ\/view?usp=sharing\" target=\"_blank\">BASES DE LA 1\u00aa LIGA LOCAL DE FOTOGRAF\u00cdA<\/a><\/span><\/em><\/strong><\/p>\n","protected":false},"excerpt":{"rendered":"<p>V\u00eddeo promocional Resultados de las convocatorias Partner Open Youth BASES DE LA 1\u00aa LIGA LOCAL DE FOTOGRAF\u00cdA<\/p>\n","protected":false},"author":1,"featured_media":7158,"parent":0,"menu_order":3,"comment_status":"closed","ping_status":"closed","template":"","meta":{"_crdt_document":"","pagelayer_contact_templates":[],"_pagelayer_content":"","footnotes":""},"class_list":["post-4426","page","type-page","status-publish","has-post-thumbnail","hentry"],"_links":{"self":[{"href":"https:\/\/afopriego.com\/index.php?rest_route=\/wp\/v2\/pages\/4426","targetHints":{"allow":["GET"]}}],"collection":[{"href":"https:\/\/afopriego.com\/index.php?rest_route=\/wp\/v2\/pages"}],"about":[{"href":"https:\/\/afopriego.com\/index.php?rest_route=\/wp\/v2\/types\/page"}],"author":[{"embeddable":true,"href":"https:\/\/afopriego.com\/index.php?rest_route=\/wp\/v2\/users\/1"}],"replies":[{"embeddable":true,"href":"https:\/\/afopriego.com\/index.php?rest_route=%2Fwp%2Fv2%2Fcomments&post=4426"}],"version-history":[{"count":0,"href":"https:\/\/afopriego.com\/index.php?rest_route=\/wp\/v2\/pages\/4426\/revisions"}],"wp:featuredmedia":[{"embeddable":true,"href":"https:\/\/afopriego.com\/index.php?rest_route=\/wp\/v2\/media\/7158"}],"wp:attachment":[{"href":"https:\/\/afopriego.com\/index.php?rest_route=%2Fwp%2Fv2%2Fmedia&parent=4426"}],"curies":[{"name":"wp","href":"https:\/\/api.w.org\/{rel}","templated":true}]}}