{"id":4005,"date":"2020-09-16T12:22:13","date_gmt":"2020-09-16T10:22:13","guid":{"rendered":"https:\/\/afopriego.com\/?page_id=4005"},"modified":"2025-05-18T16:16:07","modified_gmt":"2025-05-18T14:16:07","slug":"formacion-cursos-y-talleres","status":"publish","type":"page","link":"https:\/\/afopriego.com\/?page_id=4005","title":{"rendered":"Formaci\u00f3n"},"content":{"rendered":"\r\n<p class=\"wp-block-paragraph\" style=\"text-align: center;\"><strong>Iniciamos una nueva secci\u00f3n, con la colaboraci\u00f3n de la Diputaci\u00f3n de C\u00f3rdoba, donde intentaremos dar una respuesta a la formaci\u00f3n fotogr\u00e1fica, colgando v\u00eddeos y enlaces a temas formativos que esperamos sean de vuestro agrado. Si est\u00e1s interesado en alg\u00fan tema en particular, comunicamos tu deseo y lo buscamos.<\/strong><\/p>\r\n\r\n\r\n\r\n<p><a href=\"mailto: asociacion@afopriego.com\">Env\u00edanos tus sugerencias a nuestro correo<\/a><\/p>\r\n\r\n\r\n\r\n<div class=\"wp-block-columns is-layout-flex wp-container-core-columns-is-layout-8f761849 wp-block-columns-is-layout-flex\">\r\n<div class=\"wp-block-column is-layout-flow wp-block-column-is-layout-flow\"><img fetchpriority=\"high\" decoding=\"async\" class=\"alignnone  wp-image-9785\" src=\"https:\/\/afopriego.com\/wp-content\/uploads\/2024\/01\/Portada-curso.jpg\" alt=\"\" width=\"554\" height=\"313\" \/><\/div>\r\n<div style=\"text-align: center;\"><a href=\"https:\/\/afopriego.com\/wp-content\/uploads\/2024\/01\/Curso-fotografia-de-paisaje-AFOPRIEGO.pdf\">Informaci\u00f3n del Curso<\/a><\/div>\r\n<\/div>\r\n\r\n\r\n\r\n<p class=\"has-text-color has-medium-font-size wp-block-paragraph\" style=\"color: #802e0a;\"><strong>Taller fotogr\u00e1fico sobre panor\u00e1micas &#8211; Primera parte<\/strong><\/p>\r\n\r\n\r\n\r\n<p>&nbsp;<\/p>\r\n<p><iframe src=\"https:\/\/www.youtube.com\/embed\/qTSKwC2tiOo\" width=\"560\" height=\"315\" frameborder=\"0\" allowfullscreen=\"allowfullscreen\"><\/iframe><\/p>\r\n\r\n\r\n\r\n<p class=\"has-text-color has-medium-font-size wp-block-paragraph\" style=\"color: #802e0a;\"><strong>Taller fotogr\u00e1fico sobre panor\u00e1micas &#8211; Segunda parte<\/strong><\/p>\r\n\r\n\r\n\r\n<p>&nbsp;<\/p>\r\n<p><iframe src=\"https:\/\/www.youtube.com\/embed\/X6DtaCUmWaA\" width=\"560\" height=\"315\" frameborder=\"0\" allowfullscreen=\"allowfullscreen\"><\/iframe><\/p>\r\n\r\n\r\n\r\n<p class=\"has-text-align-center wp-block-paragraph\" style=\"font-size: 24px;\"><span class=\"tadv-color\" style=\"color: #a32200;\">______________________<\/span><\/p>\r\n\r\n\r\n\r\n<p class=\"has-text-align-center has-medium-font-size wp-block-paragraph\"><strong><em><span class=\"tadv-color\" style=\"color: #a30000;\">XATAKAFOTO presenta un nuevo m\u00e9todo para hacer fotograf\u00edas en B\/N con ayuda de las m\u00e1scaras de luminosidad en cuatro interesantes art\u00edculos:<\/span><\/em><\/strong><\/p>\r\n\r\n\r\n\r\n<p class=\"has-text-align-center wp-block-paragraph\" style=\"font-size: 60px;\"><strong><a href=\"https:\/\/www.xatakafoto.com\/tutoriales\/como-hacer-blanco-negro-increible-ayuda-mascaras-luminosidad-i\" target=\"_blank\" rel=\"noreferrer noopener\">(I)<\/a><\/strong> &#8211; <strong><a href=\"https:\/\/www.xatakafoto.com\/tutoriales\/nuevo-metodo-hacer-fotografias-blanco-negro-ayuda-mascaras-luminosidad-ii\" target=\"_blank\" rel=\"noreferrer noopener\">(II)<\/a><\/strong> &#8211; <strong><a href=\"https:\/\/www.xatakafoto.com\/tutoriales\/nuevo-metodo-hacer-fotografias-blanco-negro-ayuda-mascaras-luminosidad-iii\" target=\"_blank\" rel=\"noreferrer noopener\">(III)<\/a><\/strong> &#8211; <strong><a href=\"https:\/\/www.xatakafoto.com\/tutoriales\/nuevo-metodo-hacer-fotografias-blanco-negro-ayuda-mascaras-luminosidad-iv\" target=\"_blank\" rel=\"noreferrer noopener\">(IV)<\/a><\/strong><\/p>\r\n\r\n\r\n\r\n\r\n\r\n<p>&nbsp;<\/p>\r\n<p><iframe src=\"https:\/\/www.youtube.com\/embed\/IqXcmy-5aAE\" width=\"560\" height=\"315\" frameborder=\"0\" allowfullscreen=\"allowfullscreen\"><\/iframe><\/p>\r\n\r\n\r\n\r\n<p>&nbsp;<\/p>\r\n<p><iframe src=\"https:\/\/www.youtube.com\/embed\/5PPLe5Wnwk4\" width=\"560\" height=\"315\" frameborder=\"0\" allowfullscreen=\"allowfullscreen\"><\/iframe><\/p>\r\n\r\n\r\n\r\n<p>&nbsp;<\/p>\r\n<p><iframe src=\"https:\/\/www.youtube.com\/embed\/RhI2W0uCH6Q\" width=\"560\" height=\"315\" frameborder=\"0\" allowfullscreen=\"allowfullscreen\"><\/iframe><\/p>\r\n","protected":false},"excerpt":{"rendered":"<p>Iniciamos una nueva secci\u00f3n, con la colaboraci\u00f3n de la Diputaci\u00f3n de C\u00f3rdoba, donde intentaremos dar una respuesta a la formaci\u00f3n fotogr\u00e1fica, colgando v\u00eddeos y enlaces a temas formativos que esperamos sean de vuestro agrado. Si est\u00e1s interesado en alg\u00fan tema &hellip; <a href=\"https:\/\/afopriego.com\/?page_id=4005\">Sigue leyendo <span class=\"meta-nav\">&rarr;<\/span><\/a><\/p>\n","protected":false},"author":1,"featured_media":7107,"parent":0,"menu_order":6,"comment_status":"closed","ping_status":"closed","template":"showcase.php","meta":{"_crdt_document":"","pagelayer_contact_templates":[],"_pagelayer_content":"","footnotes":""},"class_list":["post-4005","page","type-page","status-publish","has-post-thumbnail","hentry"],"_links":{"self":[{"href":"https:\/\/afopriego.com\/index.php?rest_route=\/wp\/v2\/pages\/4005","targetHints":{"allow":["GET"]}}],"collection":[{"href":"https:\/\/afopriego.com\/index.php?rest_route=\/wp\/v2\/pages"}],"about":[{"href":"https:\/\/afopriego.com\/index.php?rest_route=\/wp\/v2\/types\/page"}],"author":[{"embeddable":true,"href":"https:\/\/afopriego.com\/index.php?rest_route=\/wp\/v2\/users\/1"}],"replies":[{"embeddable":true,"href":"https:\/\/afopriego.com\/index.php?rest_route=%2Fwp%2Fv2%2Fcomments&post=4005"}],"version-history":[{"count":1,"href":"https:\/\/afopriego.com\/index.php?rest_route=\/wp\/v2\/pages\/4005\/revisions"}],"predecessor-version":[{"id":14458,"href":"https:\/\/afopriego.com\/index.php?rest_route=\/wp\/v2\/pages\/4005\/revisions\/14458"}],"wp:featuredmedia":[{"embeddable":true,"href":"https:\/\/afopriego.com\/index.php?rest_route=\/wp\/v2\/media\/7107"}],"wp:attachment":[{"href":"https:\/\/afopriego.com\/index.php?rest_route=%2Fwp%2Fv2%2Fmedia&parent=4005"}],"curies":[{"name":"wp","href":"https:\/\/api.w.org\/{rel}","templated":true}]}}