{"id":3691,"date":"2020-02-24T15:13:19","date_gmt":"2020-02-24T14:13:19","guid":{"rendered":"https:\/\/afopriego.com\/?page_id=3691"},"modified":"2022-01-06T18:23:17","modified_gmt":"2022-01-06T17:23:17","slug":"radio-priego-2","status":"publish","type":"page","link":"https:\/\/afopriego.com\/?page_id=3691","title":{"rendered":"Radio Priego"},"content":{"rendered":"\n<div class=\"wp-block-columns is-layout-flex wp-container-core-columns-is-layout-8f761849 wp-block-columns-is-layout-flex\">\n<div class=\"wp-block-column is-layout-flow wp-block-column-is-layout-flow\"><\/div>\n\n\n\n<div class=\"wp-block-column is-layout-flow wp-block-column-is-layout-flow\"><\/div>\n<\/div>\n\n\n\n<p class=\"has-text-color wp-block-paragraph\" style=\"color:#111464\">&nbsp;<strong><em>8 mayo, 2020 Radio Priego FM<\/em><\/strong><\/p>\n\n\n\n<p class=\"wp-block-paragraph\"> La Asociaci\u00f3n de fotograf\u00eda de Priego, \u201cAfopriego\u201d inaugura la exposici\u00f3n virtual, \u201cMayo 2020\u201d, con la participaci\u00f3n de 35 fot\u00f3grafos asociados. En total se podr\u00e1n contemplar 70 fotograf\u00edas de tem\u00e1tica libre en formato digital con el objetivo de acercar la fotograf\u00eda a la ciudadan\u00eda en estas semanas de confinamiento. Hoy en \u201cLa entrevista\u201d compartimos unos minutos con Miguel Hidalgo, presidente de Afopriego que nos invita a disfrutar de esta iniciativa que se presentaba en el d\u00eda de ayer y que estar\u00e1 a disposici\u00f3n del p\u00fablico durante todo el mes de mayo. <\/p>\n\n\n\n<!--[if lt IE 9]><script>document.createElement('audio');<\/script><![endif]-->\n<audio class=\"wp-audio-shortcode\" id=\"audio-3691-1\" preload=\"none\" style=\"width: 100%;\" controls=\"controls\"><source type=\"audio\/mpeg\" src=\"https:\/\/afopriego.com\/wp-content\/uploads\/2020\/05\/La-entrevista-08-05-2020.mp3?_=1\" \/><a href=\"https:\/\/afopriego.com\/wp-content\/uploads\/2020\/05\/La-entrevista-08-05-2020.mp3\">https:\/\/afopriego.com\/wp-content\/uploads\/2020\/05\/La-entrevista-08-05-2020.mp3<\/a><\/audio>\n\n\n\n<p class=\"has-text-align-center wp-block-paragraph\" style=\"font-size:72px\"><span style=\"color:#a32200\" class=\"tadv-color\">______<\/span><\/p>\n\n\n\n<p><span style=\"color: #0000ff;\"><em><strong>24 de febrero de 2020:<\/strong><\/em><\/span><\/p>\n<p>En LA VOZ DE LA CALLE de Radio Priego. Eloy de Valverde&nbsp; entrevista a diferentes asistentes a la <strong>II Gala de AfoPriego<\/strong> que se celebr\u00f3 en el Teatro Victoria de nuestra ciudad el pasado viernes 21 de febrero.<\/p>\n<audio class=\"wp-audio-shortcode\" id=\"audio-3691-2\" preload=\"none\" style=\"width: 100%;\" controls=\"controls\"><source type=\"audio\/mpeg\" src=\"https:\/\/afopriego.com\/wp-content\/uploads\/2020\/02\/La-voz-24-02-2020-II-Gala-de-AfoPriego.mp3?_=2\" \/><a href=\"https:\/\/afopriego.com\/wp-content\/uploads\/2020\/02\/La-voz-24-02-2020-II-Gala-de-AfoPriego.mp3\">https:\/\/afopriego.com\/wp-content\/uploads\/2020\/02\/La-voz-24-02-2020-II-Gala-de-AfoPriego.mp3<\/a><\/audio>\n<p><img fetchpriority=\"high\" decoding=\"async\" class=\"alignright size-full wp-image-3713\" src=\"https:\/\/afopriego.com\/wp-content\/uploads\/2020\/02\/Eloy-de-Valverde.jpg\" alt=\"\" width=\"1280\" height=\"720\" srcset=\"https:\/\/afopriego.com\/wp-content\/uploads\/2020\/02\/Eloy-de-Valverde.jpg 1280w, https:\/\/afopriego.com\/wp-content\/uploads\/2020\/02\/Eloy-de-Valverde-300x169.jpg 300w, https:\/\/afopriego.com\/wp-content\/uploads\/2020\/02\/Eloy-de-Valverde-1024x576.jpg 1024w, https:\/\/afopriego.com\/wp-content\/uploads\/2020\/02\/Eloy-de-Valverde-768x432.jpg 768w, https:\/\/afopriego.com\/wp-content\/uploads\/2020\/02\/Eloy-de-Valverde-500x281.jpg 500w\" sizes=\"(max-width: 1280px) 100vw, 1280px\" \/><\/p>\n\n\n\n<p class=\"wp-block-paragraph\"><\/p>\n\n\n\n<p class=\"has-text-align-center wp-block-paragraph\" style=\"font-size:72px\"><span style=\"color:#a32200\" class=\"tadv-color\">______<\/span><\/p>\n\n\n\n<p><em><strong><span style=\"color: #0000ff;\">28 de septiembre de 2018:<\/span><\/strong><\/em><\/p>\n<p>Entrevista que Laura Serrano y Eloy de Valverde realizan a <strong>Antonio Garc\u00eda Redondo<\/strong> con motivo de su exposici\u00f3n <strong>&#8220;COMPLICIDADES&#8221;<\/strong> en La Hospeder\u00eda de San Francisco de Priego de C\u00f3rdoba.<\/p>\n<audio class=\"wp-audio-shortcode\" id=\"audio-3691-3\" preload=\"none\" style=\"width: 100%;\" controls=\"controls\"><source type=\"audio\/mpeg\" src=\"https:\/\/afopriego.com\/wp-content\/uploads\/2018\/10\/La-entrevista-28-09-18.mp3?_=3\" \/><a href=\"https:\/\/afopriego.com\/wp-content\/uploads\/2018\/10\/La-entrevista-28-09-18.mp3\">https:\/\/afopriego.com\/wp-content\/uploads\/2018\/10\/La-entrevista-28-09-18.mp3<\/a><\/audio>\n<p><img decoding=\"async\" class=\"alignright size-full wp-image-2546\" src=\"https:\/\/afopriego.com\/wp-content\/uploads\/2018\/12\/28-2-Expo-Complicidades.jpg\" alt=\"\" width=\"591\" height=\"504\" srcset=\"https:\/\/afopriego.com\/wp-content\/uploads\/2018\/12\/28-2-Expo-Complicidades.jpg 591w, https:\/\/afopriego.com\/wp-content\/uploads\/2018\/12\/28-2-Expo-Complicidades-300x256.jpg 300w, https:\/\/afopriego.com\/wp-content\/uploads\/2018\/12\/28-2-Expo-Complicidades-352x300.jpg 352w\" sizes=\"(max-width: 591px) 100vw, 591px\" \/><\/p>\n\n\n\n<p class=\"has-text-align-center wp-block-paragraph\" style=\"font-size:72px\"><span style=\"color:#a32200\" class=\"tadv-color\">______<\/span><\/p>\n\n\n\n<h1 class=\"wp-block-heading\"><\/h1>\n\n\n<p><span style=\"color: #0000ff;\"><em><strong>29 de junio de 2018:<\/strong><\/em><\/span><\/p>\n<p>Entrevista que Laura Serrano y Eloy de Valverve realizan a Pedro Rojas y Rafael Vilas con motivo de la presentaci\u00f3n de la <strong>I Gala de la Asociaci\u00f3n AfoPriego,<\/strong> que se celebrar\u00e1 esta tarde en el Teatro Victoria de Priego de C\u00f3rdoba.<\/p>\n<audio class=\"wp-audio-shortcode\" id=\"audio-3691-4\" preload=\"none\" style=\"width: 100%;\" controls=\"controls\"><source type=\"audio\/mpeg\" src=\"https:\/\/afopriego.com\/wp-content\/uploads\/2018\/07\/La-entrevista-29-06-2.mp3?_=4\" \/><a href=\"https:\/\/afopriego.com\/wp-content\/uploads\/2018\/07\/La-entrevista-29-06-2.mp3\">https:\/\/afopriego.com\/wp-content\/uploads\/2018\/07\/La-entrevista-29-06-2.mp3<\/a><\/audio>\n<p><img decoding=\"async\" class=\"alignright size-full wp-image-84\" src=\"https:\/\/afopriego.com\/wp-content\/uploads\/2018\/07\/IMG-20180630-WA0018.jpg\" alt=\"\" width=\"720\" height=\"540\" srcset=\"https:\/\/afopriego.com\/wp-content\/uploads\/2018\/07\/IMG-20180630-WA0018.jpg 720w, https:\/\/afopriego.com\/wp-content\/uploads\/2018\/07\/IMG-20180630-WA0018-300x225.jpg 300w, https:\/\/afopriego.com\/wp-content\/uploads\/2018\/07\/IMG-20180630-WA0018-400x300.jpg 400w\" sizes=\"(max-width: 720px) 100vw, 720px\" \/><\/p>\n\n\n<p class=\"wp-block-paragraph\"><\/p>\n","protected":false},"excerpt":{"rendered":"<p>&nbsp;8 mayo, 2020 Radio Priego FM La Asociaci\u00f3n de fotograf\u00eda de Priego, \u201cAfopriego\u201d inaugura la exposici\u00f3n virtual, \u201cMayo 2020\u201d, con la participaci\u00f3n de 35 fot\u00f3grafos asociados. En total se podr\u00e1n contemplar 70 fotograf\u00edas de tem\u00e1tica libre en formato digital con &hellip; <a href=\"https:\/\/afopriego.com\/?page_id=3691\">Sigue leyendo <span class=\"meta-nav\">&rarr;<\/span><\/a><\/p>\n","protected":false},"author":1,"featured_media":7112,"parent":310,"menu_order":3,"comment_status":"closed","ping_status":"closed","template":"","meta":{"_crdt_document":"","pagelayer_contact_templates":[],"_pagelayer_content":"","footnotes":""},"class_list":["post-3691","page","type-page","status-publish","has-post-thumbnail","hentry"],"_links":{"self":[{"href":"https:\/\/afopriego.com\/index.php?rest_route=\/wp\/v2\/pages\/3691","targetHints":{"allow":["GET"]}}],"collection":[{"href":"https:\/\/afopriego.com\/index.php?rest_route=\/wp\/v2\/pages"}],"about":[{"href":"https:\/\/afopriego.com\/index.php?rest_route=\/wp\/v2\/types\/page"}],"author":[{"embeddable":true,"href":"https:\/\/afopriego.com\/index.php?rest_route=\/wp\/v2\/users\/1"}],"replies":[{"embeddable":true,"href":"https:\/\/afopriego.com\/index.php?rest_route=%2Fwp%2Fv2%2Fcomments&post=3691"}],"version-history":[{"count":0,"href":"https:\/\/afopriego.com\/index.php?rest_route=\/wp\/v2\/pages\/3691\/revisions"}],"up":[{"embeddable":true,"href":"https:\/\/afopriego.com\/index.php?rest_route=\/wp\/v2\/pages\/310"}],"wp:featuredmedia":[{"embeddable":true,"href":"https:\/\/afopriego.com\/index.php?rest_route=\/wp\/v2\/media\/7112"}],"wp:attachment":[{"href":"https:\/\/afopriego.com\/index.php?rest_route=%2Fwp%2Fv2%2Fmedia&parent=3691"}],"curies":[{"name":"wp","href":"https:\/\/api.w.org\/{rel}","templated":true}]}}