{"id":17775,"date":"2025-09-27T12:44:32","date_gmt":"2025-09-27T10:44:32","guid":{"rendered":"https:\/\/afopriego.com\/?page_id=17775"},"modified":"2025-09-30T20:36:44","modified_gmt":"2025-09-30T18:36:44","slug":"_-registro-de-concurso","status":"publish","type":"page","link":"https:\/\/afopriego.com\/?page_id=17775","title":{"rendered":"_ Registro de Concurso"},"content":{"rendered":"<p><img fetchpriority=\"high\" decoding=\"async\" class=\"alignnone wp-image-16796 size-full\" src=\"https:\/\/afopriego.com\/wp-content\/uploads\/2025\/07\/Logo-concursos.jpg\" alt=\"\" width=\"1000\" height=\"180\" srcset=\"https:\/\/afopriego.com\/wp-content\/uploads\/2025\/07\/Logo-concursos.jpg 1000w, https:\/\/afopriego.com\/wp-content\/uploads\/2025\/07\/Logo-concursos-300x54.jpg 300w, https:\/\/afopriego.com\/wp-content\/uploads\/2025\/07\/Logo-concursos-500x90.jpg 500w, https:\/\/afopriego.com\/wp-content\/uploads\/2025\/07\/Logo-concursos-768x138.jpg 768w, https:\/\/afopriego.com\/wp-content\/uploads\/2025\/07\/Logo-concursos-100x18.jpg 100w\" sizes=\"(max-width: 1000px) 100vw, 1000px\" \/><\/p>\n<p style=\"text-align: center;\"><span style=\"color: #ff0000;\"><strong>Registro para concurso Fotograf\u00eda la Subb\u00e9tica<\/strong><\/span><\/p>\n<p style=\"text-align: center;\"><pre class='cg_main_pre  cg_10 cg_20'  style='overflow:hidden;visibility: hidden;height:650px;' ><noscript>\n    <div style=\"border: 1px solid purple; padding: 10px\">\n        <span style=\"color:red\">Enable JavaScript to use the form<\/span>\n    <\/div>\n<\/noscript>\n\n<div id=\"cgMessagesContainer\" class=\"cg_hide cg_messages_container cg_fe_controls_style_white cg_border_radius_controls_and_containers\">\n   <div id=\"cgMessagesDiv\">\n       <div id=\"cgMessagesClose\">\n   \n        <\/div>\n       <div id=\"cgMessagesContent\">\n            Photo contest ist over\n        <\/div>\n    <\/div>\n<\/div>\n<div id=\"cgMessagesContainerPro\" class=\"cg_hide cg_messages_container_pro cg_fe_controls_style_white cg_border_radius_controls_and_containers \">\n   <div id=\"cgMessagesDiv\">\n       <div id=\"cgMessagesCloseProContainer\">\n           <div id=\"cgMessagesClose\">\n            <\/div>\n       <\/div>\n       <div id=\"cgMessagesContent\">\n            Photo contest ist over\n        <\/div>\n    <\/div>\n<\/div>\n<div id='cg_user_registry_div' class='cg_user_registry_div mainCGdivUploadForm  mainCGdivUploadFormStatic  cg_border_radius_controls_and_containers cg_fe_controls_style_white' data-cg-gid='0' ><div class='cg_hover_effect cg-close-upload-form cg_fe_controls_style_white cg_hide' data-cg-gid='0' data-cg-tooltip='Close'><\/div><div style='visibility: hidden;' class='mainCGdivUploadFormContainer' ><div id='cg_user_registry_div_before' class='cg_user_registry_div_before'><\/div><input type='hidden' id='cg_check_mail_name_value' class='cg_check_mail_name_value' value='0'><input type='hidden' id='cg_site_url' value='https:\/\/afopriego.com'\/><span id='cg_user_registry_anchor'\/><\/span><form action=\"?cg_register=true\" method=\"post\" id=\"cg_user_registry_form\" class=\"cg_user_registry_form cg_users_reg\" enctype=\"multipart\/form-data\" data-cg-gid=\"$GalleryID\"><input type='hidden' name='cg_current_page_id' id='cg_current_page_id' value='17775'><input type='hidden' name='cg_check' class='cg_check_not_robot_simple' id='cg_check' value='850ffafd9f20b78801746fb62cbdccbfe9bd86028fc193baa26fa66b542020a7'><input type='hidden' name='action' value='post_cg_registry'><input type='hidden' name='cg_gallery_id_registry' id='cg_gallery_id_registry' value='0'><input type='hidden' id='cg_db_version' value='28.12'><div class='cg_row'><div class='cg_row_col '><div id='cg-registry-1' class='cg_form_div'><label for='cg_registry_form_field8' >Categor\u00eda *<\/label><input type='hidden' name='cg_Fields[1][Form_Input_ID]' value='8'><input type='hidden' name='cg_Fields[1][Field_Type]' value='user-select-field'><input type='hidden' class='cg_field_order cg_field_number' name='cg_Fields[1][Field_Order]' data-cg-field-number='1' value='1'><select name='cg_Fields[1][Field_Content]' class='cg-user-select-field' id='cg_registry_form_field8' name='cg_Fields[1][Field_Content]' ><option value=''>Por favor, selecciona<\/option><option value='Fotograf\u00eda La Subb\u00e9tica 2025'>Fotograf\u00eda La Subb\u00e9tica 2025<\/option><option value='VI Liga Afopriego'>VI Liga Afopriego<\/option><\/select><input type='hidden' class='cg_form_required' value='1'><p class='cg_input_error cg_hide' ><\/p><\/div><\/div><\/div><div class='cg_row'><div class='cg_row_col '><div id='cg-registry-2' class='cg_form_div'><label for='cg_registry_form_field7' >Nombre *<\/label><input type='hidden' name='cg_Fields[2][Form_Input_ID]' value='7'><input type='hidden' name='cg_Fields[2][Field_Type]' value='wpfn'><input type='hidden' class='cg_field_order cg_field_number' name='cg_Fields[2][Field_Order]' data-cg-field-number='2' value='2'><input maxlength='25' type='text' placeholder='Nombre' class='cg_registry_form_field cg-wpfn' id='cg_registry_form_field7' name='cg_Fields[2][Field_Content]'><input type='hidden' class='cg_Min_Char' value='3'><input type='hidden' class='cg_Max_Char' value='25'><input type='hidden' class='cg_form_required' value='1'><p class='cg_input_error cg_hide' ><\/p><\/div><\/div><\/div><div class='cg_row'><div class='cg_row_col '><div id='cg-registry-3' class='cg_form_div'><label for='cg_registry_form_field6' >Apellidos *<\/label><input type='hidden' name='cg_Fields[3][Form_Input_ID]' value='6'><input type='hidden' name='cg_Fields[3][Field_Type]' value='wpln'><input type='hidden' class='cg_field_order cg_field_number' name='cg_Fields[3][Field_Order]' data-cg-field-number='3' value='3'><input maxlength='40' type='text' placeholder='Apellidos' class='cg_registry_form_field cg-wpln' id='cg_registry_form_field6' name='cg_Fields[3][Field_Content]'><input type='hidden' class='cg_Min_Char' value='3'><input type='hidden' class='cg_Max_Char' value='40'><input type='hidden' class='cg_form_required' value='1'><p class='cg_input_error cg_hide' ><\/p><\/div><\/div><\/div><div class='cg_row'><div class='cg_row_col '><div id='cg-registry-4' class='cg_form_div'><label for='cg_registry_form_field2' >Seud\u00f3nimo *<\/label><input type='hidden' name='cg_Fields[4][Form_Input_ID]' value='2'><input type='hidden' name='cg_Fields[4][Field_Type]' value='main-nick-name'><input type='hidden' class='cg_field_order cg_field_number' name='cg_Fields[4][Field_Order]' data-cg-field-number='4' value='4'><input type='text' maxlength='20' placeholder='Debe ser un nombre ficticio' class='cg_registry_form_field cg-main-nick-name' id='cg_registry_form_field2' name='cg_Fields[4][Field_Content]'><input type='hidden' class='cg_Min_Char' value='6'><input type='hidden' class='cg_Max_Char' value='20'><input type='hidden' class='cg_form_required' value='1'><p class='cg_input_error cg_hide' id='cg_nick_name_check_alert'><\/p><\/div><\/div><\/div><div class='cg_row'><div class='cg_row_col '><div id='cg-registry-5' class='cg_form_div'><label for='cg_registry_form_field11' >Lugar de residencia *<\/label><input type='hidden' name='cg_Fields[5][Form_Input_ID]' value='11'><input type='hidden' name='cg_Fields[5][Field_Type]' value='user-text-field'><input type='hidden' class='cg_field_order cg_field_number' name='cg_Fields[5][Field_Order]' data-cg-field-number='5' value='5'><input maxlength='50' type='text' placeholder='Lugar de residencia' class='cg_registry_form_field cg-user-text-field' id='cg_registry_form_field11' name='cg_Fields[5][Field_Content]'><input type='hidden' class='cg_Min_Char' value='3'><input type='hidden' class='cg_Max_Char' value='50'><input type='hidden' class='cg_form_required' value='1'><p class='cg_input_error cg_hide' ><\/p><\/div><\/div><\/div><div class='cg_row'><div class='cg_row_col '><div id='cg-registry-6' class='cg_form_div'><label for='cg_registry_form_field13' >Direcci\u00f3n *<\/label><input type='hidden' name='cg_Fields[6][Form_Input_ID]' value='13'><input type='hidden' name='cg_Fields[6][Field_Type]' value='user-text-field'><input type='hidden' class='cg_field_order cg_field_number' name='cg_Fields[6][Field_Order]' data-cg-field-number='6' value='6'><input maxlength='100' type='text' placeholder='Tu Direcci\u00f3n' class='cg_registry_form_field cg-user-text-field' id='cg_registry_form_field13' name='cg_Fields[6][Field_Content]'><input type='hidden' class='cg_Min_Char' value='3'><input type='hidden' class='cg_Max_Char' value='100'><input type='hidden' class='cg_form_required' value='1'><p class='cg_input_error cg_hide' ><\/p><\/div><\/div><\/div><div class='cg_row'><div class='cg_row_col '><div id='cg-registry-7' class='cg_form_div'><label for='cg_registry_form_field9' >Tel\u00e9fono *<\/label><input type='hidden' name='cg_Fields[7][Form_Input_ID]' value='9'><input type='hidden' name='cg_Fields[7][Field_Type]' value='user-text-field'><input type='hidden' class='cg_field_order cg_field_number' name='cg_Fields[7][Field_Order]' data-cg-field-number='7' value='7'><input maxlength='9' type='text' placeholder='Tel\u00e9fono' class='cg_registry_form_field cg-user-text-field' id='cg_registry_form_field9' name='cg_Fields[7][Field_Content]'><input type='hidden' class='cg_Min_Char' value='3'><input type='hidden' class='cg_Max_Char' value='9'><input type='hidden' class='cg_form_required' value='1'><p class='cg_input_error cg_hide' ><\/p><\/div><\/div><\/div><div class='cg_row'><div class='cg_row_col '><div id='cg-registry-9' class='cg_form_div'><label for='cg_registry_form_field1' >Nombre de Usuario para Login *<\/label><input type='hidden' name='cg_Fields[8][Form_Input_ID]' value='1'><input type='hidden' name='cg_Fields[8][Field_Type]' value='main-user-name'><input type='hidden' class='cg_field_order cg_field_number' name='cg_Fields[8][Field_Order]' data-cg-field-number='8' value='9'><input type='text' maxlength='20' placeholder='Nombre de Usuario para Login Puede ser el mismo que el seud\u00f3nimo' class='cg_registry_form_field cg-main-user-name' id='cg_registry_form_field1' name='cg_Fields[8][Field_Content]'><input type='hidden' class='cg_Min_Char' value='6'><input type='hidden' class='cg_Max_Char' value='20'><input type='hidden' class='cg_form_required' value='1'><p class='cg_input_error cg_hide' id='cg_user_name_check_alert'><\/p><\/div><\/div><\/div><div class='cg_row'><div class='cg_row_col '><div id='cg-registry-10' class='cg_form_div'><label for='cg_registry_form_field3' >E-mail (para el login) *<\/label><input type='hidden' name='cg_Fields[9][Form_Input_ID]' value='3'><input type='hidden' name='cg_Fields[9][Field_Type]' value='main-mail'><input type='hidden' class='cg_field_order cg_field_number' name='cg_Fields[9][Field_Order]' data-cg-field-number='9' value='10'><input type='text' placeholder='' class='cg_registry_form_field cg-main-mail' id='cg_registry_form_field3' name='cg_Fields[9][Field_Content]'><input type='hidden' class='cg_Min_Char' value='0'><input type='hidden' class='cg_Max_Char' value='0'><input type='hidden' class='cg_form_required' value='1'><p class='cg_input_error cg_hide' id='cg_mail_check_alert'><\/p><\/div><\/div><\/div><div class='cg_row'><div class='cg_row_col '><div id='cg-registry-11' class='cg_form_div'><label for='cg_registry_form_field4' >Password *<\/label><input type='hidden' name='cg_Fields[10][Form_Input_ID]' value='4'><input type='hidden' name='cg_Fields[10][Field_Type]' value='password'><input type='hidden' class='cg_field_order cg_field_number' name='cg_Fields[10][Field_Order]' data-cg-field-number='10' value='11'><input type='password' maxlength='20' placeholder='Mayor de 8 caract. y una May\u00fascula.' autocomplete='off' class='cg_registry_form_field cg-password' id='cg_registry_form_field4' name='cg_Fields[10][Field_Content]' readonly onfocus='this.removeAttribute(\"readonly\")';><input type='hidden' class='cg_Min_Char' value='8'><input type='hidden' class='cg_Max_Char' value='20'><input type='hidden' class='cg_form_required' value='1'><p class='cg_input_error cg_hide' ><\/p><\/div><\/div><\/div><div class='cg_row'><div class='cg_row_col '><div id='cg-registry-12' class='cg_form_div'><label for='cg_registry_form_field5' >Password confirma *<\/label><input type='hidden' name='cg_Fields[11][Form_Input_ID]' value='5'><input type='hidden' name='cg_Fields[11][Field_Type]' value='password-confirm'><input type='hidden' class='cg_field_order cg_field_number' name='cg_Fields[11][Field_Order]' data-cg-field-number='11' value='12'><input type='password' maxlength='20' placeholder='' autocomplete='off' class='cg_registry_form_field cg-password-confirm' id='cg_registry_form_field5' name='cg_Fields[11][Field_Content]' readonly onfocus='this.removeAttribute(\"readonly\")';><input type='hidden' class='cg_Min_Char' value='8'><input type='hidden' class='cg_Max_Char' value='20'><input type='hidden' class='cg_form_required' value='1'><p class='cg_input_error cg_hide' ><\/p><\/div><\/div><\/div><div class='cg_row'><div class='cg_row_col '><div id='cg-registry-13' class='cg_form_div'><div class='cg_recaptcha_reg_form' id='cgRecaptchaRegFormv14'><\/div><p class='cg_input_error cg_hide cg_recaptcha_not_valid_reg_form_error' id='cgRecaptchaNotValidRegFormErrorv14'><\/p>\n                <script type=\"text\/javascript\">\n                    var ReCaKey = \"6LeHu9IqAAAAAGX7elHSK-hVMrnd7jl0iHdNLjKM\";\n                    var cgRecaptchaNotValidRegFormError = \"cgRecaptchaNotValidRegFormErrorv14\";\n                    var cgRecaptchaRegForm = \"cgRecaptchaRegFormv14\";\n\n                    var cgRecaptchaCallbackRegistryFormRendered = false;\n\n                    if(typeof cgRecaptchaCallbackRendered == 'undefined'){\n\n                        cgRecaptchaCallbackRendered = true;\n                        cgRecaptchaCallbackRegistryFormRendered = true;\n\n                        var cgCaRoReRegCallback = function () {\n                            var element = document.getElementById(cgRecaptchaNotValidRegFormError);\n                            \/\/element.parentNode.removeChild(element);\n                            element.classList.remove(\"cg_recaptcha_not_valid_reg_form_error\");\n                            element.classList.add(\"cg_hide\");\n                        };\n\n                        if(typeof cgRecaptchaFormNormalRendered == 'undefined'){\n                            cgRecaptchaFormNormalRendered = true;\n                            var cgOnloadRegCallback = function () {\n                                grecaptcha.render(cgRecaptchaRegForm, {\n                                    'sitekey': ReCaKey,\n                                    'callback': 'cgCaRoReRegCallback'\n                                });\n                            };\n                        }\n\n                    }\n\n\n                <\/script>\n                <script src=\"https:\/\/www.google.com\/recaptcha\/api.js?onload=cgOnloadRegCallback&render=explicit&hl=es\"\n                        async defer>\n                <\/script>\n\n                <\/div><\/div><\/div><div id='cg_registry_submit_container' class='cg_form_upload_submit_div cg_form_div'><button type=\"submit\" name=\"cg_registry_submit\" id=\"cg_users_registry_check\" class=\"cg_users_registry_check cg_form_upload_submit\" >Registro<\/button><p class='cg_input_error cg_hide' id='cg_registry_manipulation_error'><\/p><div class=\"cg_form_div_image_upload_preview_loader_container cg_hide\"><div class=\"cg_form_div_image_upload_preview_loader cg-lds-dual-ring-gallery-hide cg-lds-dual-ring-gallery-hide-mainCGallery\"><\/div><\/div><\/div><\/form><\/div><div id='cg_user_registry_div_messages' style='height:0;visibility: hidden;'><input type='hidden' id='cg_show_upload' value='1'><input type='hidden' id='cg_file_not_allowed_1' value='Este tipo de archivo no est\u00e1 permitido'><input type='hidden' id='cg_file_size_to_big' value='El archivo seleccionado es demasiado grande, el tama\u00f1o m\u00e1ximo permitido'><input type='hidden' id='cg_to_high_resolution' value='La resoluci\u00f3n de esta imagen es'><input type='hidden' id='cg_max_allowed_resolution_jpg' value='La resoluci\u00f3n m\u00e1xima permitida para JPG es'><input type='hidden' id='cg_max_allowed_width_jpg' value='El ancho m\u00e1ximo permitido para JPG es'><input type='hidden' id='cg_max_allowed_height_jpg' value='La altura m\u00e1xima permitida para JPG es'><input type='hidden' id='cg_max_allowed_resolution_png' value='La resoluci\u00f3n m\u00e1xima permitida para PNG es'><input type='hidden' id='cg_max_allowed_width_png' value='El ancho m\u00e1ximo permitido para PNG es'><input type='hidden' id='cg_max_allowed_height_png' value='La altura m\u00e1xima permitida para PNG es'><input type='hidden' id='cg_max_allowed_resolution_gif' value='La resoluci\u00f3n m\u00e1xima permitida para GIF es'><input type='hidden' id='cg_max_allowed_width_gif' value='El ancho m\u00e1ximo permitido para GIF es'><input type='hidden' id='cg_max_allowed_height_gif' value='La altura m\u00e1xima permitida para GIF es'><input type='hidden' id='cg_check_agreement' value='Tienes que aceptar este acuerdo '><input type='hidden' id='cg_check_email_upload' value='Este correo electr\u00f3nico no es v\u00e1lido'><input type='hidden' id='cg_min_characters_text' value='Cantidad m\u00ednima de caracteres'><input type='hidden' id='cg_max_characters_text' value='Cantidad m\u00e1xima de caracteres'><input type='hidden' id='cg_no_picture_is_choosed' value='Selecciona tu imagen'><input type='hidden' id='cg_language_BulkUploadQuantityIs' value='El n\u00famero m\u00e1ximo de archivos para una subida es'><input type='hidden' id='cg_language_BulkUploadLowQuantityIs' value='El n\u00famero m\u00ednimo de archivos para una subida es'><input type='hidden' id='cg_language_BulkUploadLowQuantityIs' value='El n\u00famero m\u00ednimo de archivos para una subida es'><input type='hidden' id='cg_language_ThisMailAlreadyExists' value='Esta direcci\u00f3n de correo electr\u00f3nico ya est\u00e1 registrada'><input type='hidden' id='cg_language_ThisNicknameAlreadyExists' value='Este alias ya est\u00e1 en uso'><input type='hidden' id='cg_language_ThisUsernameAlreadyExists' value='This username already taken'><input type='hidden' id='cg_language_PleaseFillOut' value='Por favor, rell\u00e9nalo'><input type='hidden' id='cg_language_Required' value='Required'><input type='hidden' id='cg_language_youHaveNotSelected' value='No has seleccionado'><input type='hidden' id='cg_language_PasswordsDoNotMatch' value='Contrase\u00f1as no coinciden'><input type='hidden' id='cg_language_ChooseYourImage' value='Selecciona tu imagen'><input type='hidden' id='cg_language_pleaseConfirm' value='Por favor, conf\u00edrmalo'><input type='hidden' id='cg_language_ThisFileTypeIsNotAllowed' value='Este tipo de archivo no est\u00e1 permitido'><input type='hidden' id='cg_language_TheFileYouChoosedIsToBigMaxAllowedSize' value='El archivo seleccionado es demasiado grande, el tama\u00f1o m\u00e1ximo permitido'><input type='hidden' id='cg_language_ActivationKeyNotFound' value='Activation key not found'><input type='hidden' id='cg_users_registry_check_submit_language' value='Registro'><input type='hidden' id='cg_language_IncorrectPinPleaseTryAgain' value='Incorrect PIN. Please try again.'><\/div><\/div><\/pre>\n","protected":false},"excerpt":{"rendered":"<p>Registro para concurso Fotograf\u00eda la Subb\u00e9tica<\/p>\n","protected":false},"author":3,"featured_media":0,"parent":0,"menu_order":0,"comment_status":"closed","ping_status":"closed","template":"elementor_canvas","meta":{"_crdt_document":"","pagelayer_contact_templates":[],"_pagelayer_content":"","footnotes":""},"class_list":["post-17775","page","type-page","status-publish","hentry"],"_links":{"self":[{"href":"https:\/\/afopriego.com\/index.php?rest_route=\/wp\/v2\/pages\/17775","targetHints":{"allow":["GET"]}}],"collection":[{"href":"https:\/\/afopriego.com\/index.php?rest_route=\/wp\/v2\/pages"}],"about":[{"href":"https:\/\/afopriego.com\/index.php?rest_route=\/wp\/v2\/types\/page"}],"author":[{"embeddable":true,"href":"https:\/\/afopriego.com\/index.php?rest_route=\/wp\/v2\/users\/3"}],"replies":[{"embeddable":true,"href":"https:\/\/afopriego.com\/index.php?rest_route=%2Fwp%2Fv2%2Fcomments&post=17775"}],"version-history":[{"count":16,"href":"https:\/\/afopriego.com\/index.php?rest_route=\/wp\/v2\/pages\/17775\/revisions"}],"predecessor-version":[{"id":17800,"href":"https:\/\/afopriego.com\/index.php?rest_route=\/wp\/v2\/pages\/17775\/revisions\/17800"}],"wp:attachment":[{"href":"https:\/\/afopriego.com\/index.php?rest_route=%2Fwp%2Fv2%2Fmedia&parent=17775"}],"curies":[{"name":"wp","href":"https:\/\/api.w.org\/{rel}","templated":true}]}}