{"id":16860,"date":"2025-07-27T11:24:07","date_gmt":"2025-07-27T09:24:07","guid":{"rendered":"https:\/\/afopriego.com\/?page_id=16860"},"modified":"2025-07-27T11:24:07","modified_gmt":"2025-07-27T09:24:07","slug":"registro-afopriego","status":"publish","type":"page","link":"https:\/\/afopriego.com\/?page_id=16860","title":{"rendered":"Registro Afopriego"},"content":{"rendered":"\n<div class=\"um um-register um-6692\">\n\t<div class=\"um-form\" data-mode=\"register\">\n\t\t<form method=\"post\" action=\"\">\n\t\t\t<div class=\"um-row _um_row_1 \" style=\"margin: 0 0 30px 0;\"><div class=\"um-col-1\"><div  id=\"um_field_6692_user_login\" class=\"um-field um-field-text  um-field-user_login um-field-text um-field-type_text\" data-key=\"user_login\"><div class=\"um-field-label\"><label for=\"user_login-6692\">Usuario<span class=\"um-req\" title=\"Obligatorio\">*<\/span><\/label><div class=\"um-clear\"><\/div><\/div><div class=\"um-field-area\"><input  autocomplete=\"off\" class=\"um-form-field valid \" type=\"text\" name=\"user_login-6692\" id=\"user_login-6692\" value=\"\" placeholder=\"\" data-validate=\"unique_username\" data-key=\"user_login\"  aria-invalid=\"false\" \/>\n\n\t\t\t\t\t\t<\/div><\/div><div  id=\"um_field_6692_first_name\" class=\"um-field um-field-text  um-field-first_name um-field-text um-field-type_text\" data-key=\"first_name\"><div class=\"um-field-label\"><label for=\"first_name-6692\">Nombre<span class=\"um-req\" title=\"Obligatorio\">*<\/span><\/label><div class=\"um-clear\"><\/div><\/div><div class=\"um-field-area\"><input  autocomplete=\"off\" class=\"um-form-field valid \" type=\"text\" name=\"first_name-6692\" id=\"first_name-6692\" value=\"\" placeholder=\"\" data-validate=\"\" data-key=\"first_name\"  aria-invalid=\"false\" \/>\n\n\t\t\t\t\t\t<\/div><\/div><div  id=\"um_field_6692_last_name\" class=\"um-field um-field-text  um-field-last_name um-field-text um-field-type_text\" data-key=\"last_name\"><div class=\"um-field-label\"><label for=\"last_name-6692\">Apellidos<span class=\"um-req\" title=\"Obligatorio\">*<\/span><\/label><div class=\"um-clear\"><\/div><\/div><div class=\"um-field-area\"><input  autocomplete=\"off\" class=\"um-form-field valid \" type=\"text\" name=\"last_name-6692\" id=\"last_name-6692\" value=\"\" placeholder=\"\" data-validate=\"\" data-key=\"last_name\"  aria-invalid=\"false\" \/>\n\n\t\t\t\t\t\t<\/div><\/div><div  id=\"um_field_6692_user_email\" class=\"um-field um-field-text  um-field-user_email um-field-text um-field-type_text\" data-key=\"user_email\"><div class=\"um-field-label\"><label for=\"user_email-6692\">Correo<span class=\"um-req\" title=\"Obligatorio\">*<\/span><\/label><div class=\"um-clear\"><\/div><\/div><div class=\"um-field-area\"><input  autocomplete=\"off\" class=\"um-form-field valid \" type=\"text\" name=\"user_email-6692\" id=\"user_email-6692\" value=\"\" placeholder=\"\" data-validate=\"unique_email\" data-key=\"user_email\"  aria-invalid=\"false\" \/>\n\n\t\t\t\t\t\t<\/div><\/div><div  id=\"um_field_6692_user_direccion\" class=\"um-field um-field-text  um-field-user_direccion um-field-text um-field-type_text\" data-key=\"user_direccion\"><div class=\"um-field-label\"><label for=\"user_direccion-6692\">Direccion<span class=\"um-req\" title=\"Obligatorio\">*<\/span><\/label><div class=\"um-clear\"><\/div><\/div><div class=\"um-field-area\"><input  autocomplete=\"off\" class=\"um-form-field valid \" type=\"text\" name=\"user_direccion-6692\" id=\"user_direccion-6692\" value=\"\" placeholder=\"\" data-validate=\"\" data-key=\"user_direccion\"  aria-invalid=\"false\" \/>\n\n\t\t\t\t\t\t<\/div><\/div><div  id=\"um_field_6692_user_localidad\" class=\"um-field um-field-text  um-field-user_localidad um-field-text um-field-type_text\" data-key=\"user_localidad\"><div class=\"um-field-label\"><label for=\"user_localidad-6692\">Localidad<\/label><div class=\"um-clear\"><\/div><\/div><div class=\"um-field-area\"><input  autocomplete=\"off\" class=\"um-form-field valid not-required \" type=\"text\" name=\"user_localidad-6692\" id=\"user_localidad-6692\" value=\"\" placeholder=\"\" data-validate=\"\" data-key=\"user_localidad\"  aria-invalid=\"false\" \/>\n\n\t\t\t\t\t\t<\/div><\/div><div  id=\"um_field_6692_description\" class=\"um-field um-field-textarea  um-field-description um-field-textarea um-field-type_textarea\" data-key=\"description\"><div class=\"um-field-label\"><label for=\"description-6692\">Tel\u00e9fono<span class=\"um-req\" title=\"Obligatorio\">*<\/span><\/label><div class=\"um-clear\"><\/div><\/div><div class=\"um-field-area\"><textarea    style=\"height: 10px;\" class=\"um-form-field valid \" name=\"description\" id=\"description\" placeholder=\"Cu\u00e9ntanos un poco sobre ti...\"  aria-invalid=\"false\" ><\/textarea><\/div><\/div><div  id=\"um_field_6692_user_FechaNac\" class=\"um-field um-field-text  um-field-user_FechaNac um-field-text um-field-type_text\" data-key=\"user_FechaNac\"><div class=\"um-field-label\"><label for=\"user_FechaNac-6692\">F.Nacimiento<\/label><div class=\"um-clear\"><\/div><\/div><div class=\"um-field-area\"><input  autocomplete=\"off\" class=\"um-form-field valid not-required \" type=\"text\" name=\"user_FechaNac-6692\" id=\"user_FechaNac-6692\" value=\"\" placeholder=\"\" data-validate=\"\" data-key=\"user_FechaNac\"  aria-invalid=\"false\" \/>\n\n\t\t\t\t\t\t<\/div><\/div><div  id=\"um_field_6692_user_password\" class=\"um-field um-field-password  um-field-user_password um-field-password um-field-type_password\" data-key=\"user_password\"><div class=\"um-field-label\"><label for=\"user_password-6692\">Contrase\u00f1a<span class=\"um-req\" title=\"Obligatorio\">*<\/span><\/label><span class=\"um-tip um-tip-w\" title=\"La contrase\u00f1a debe incluir al menos 8 d\u00edgitos una letra may\u00fascula y otra min\u00fascula\"><i class=\"um-icon-help-circled\"><\/i><\/span><div class=\"um-clear\"><\/div><\/div><div class=\"um-field-area\"><input class=\"um-form-field valid \" type=\"password\" name=\"user_password-6692\" id=\"user_password-6692\" value=\"\" placeholder=\"\" data-validate=\"\" data-key=\"user_password\"  aria-invalid=\"false\" \/>\n\n\t\t\t\t\t\t\t<\/div><\/div><div  id=\"um_field_6692_confirm_user_password\" class=\"um-field um-field-password  um-field-user_password um-field-password um-field-type_password\" data-key=\"confirm_user_password\"><div class=\"um-field-label\"><label for=\"confirm_user_password-6692\">Confirmar Contrase\u00f1a<span class=\"um-req\" title=\"Obligatorio\">*<\/span><\/label><div class=\"um-clear\"><\/div><\/div><div class=\"um-field-area\"><input class=\"um-form-field valid \" type=\"password\" name=\"confirm_user_password-6692\" id=\"confirm_user_password-6692\" value=\"\" placeholder=\"Confirmar Contrase\u00f1a\" data-validate=\"\" data-key=\"confirm_user_password\"  aria-invalid=\"false\" \/><\/div><\/div><\/div><\/div>\t<input type=\"hidden\" name=\"form_id\" id=\"form_id_6692\" value=\"6692\" \/>\n\t\t<p class=\"um_request_name\">\n\t\t<label for=\"um_request_6692\">Only fill in if you are not human<\/label>\n\t\t<input type=\"hidden\" name=\"um_request\" id=\"um_request_6692\" class=\"input\" value=\"\" size=\"25\" autocomplete=\"off\" \/>\n\t<\/p>\n\t<input type=\"hidden\" id=\"_wpnonce\" name=\"_wpnonce\" value=\"d04f2a3e70\" \/><input type=\"hidden\" name=\"_wp_http_referer\" value=\"\/index.php?rest_route=%2Fwp%2Fv2%2Fpages%2F16860\" \/>\n<div class=\"um-field\">\n\t<div class=\"g-recaptcha\" id=\"um-6692\" data-type=\"image\" data-size=\"normal\" data-theme=\"light\" data-sitekey=\"6LeHu9IqAAAAAGX7elHSK-hVMrnd7jl0iHdNLjKM\"><\/div>\n<\/div>\n\n\n<script type=\"text\/javascript\">\n\t\n\t\tvar onloadCallback = function () {\n\t\t\tjQuery('.g-recaptcha').each( function (i) {\n\t\t\t\tgrecaptcha.render( jQuery(this).attr('id'), {\n\t\t\t\t\t'sitekey': jQuery(this).attr('data-sitekey'),\n\t\t\t\t\t'theme': jQuery(this).attr('data-theme')\n\t\t\t\t});\n\t\t\t});\n\t\t};\n\n\t\tfunction um_recaptcha_refresh() {\n\t\t\tjQuery('.g-recaptcha').html('');\n\t\t\tgrecaptcha.reset();\n\t\t\tonloadCallback();\n\t\t}\n\n\t<\/script>\n\n\t<div class=\"um-col-alt\">\n\n\t\t\n\t\t\t<div class=\"um-center\">\n\t\t\t\t<input type=\"submit\" value=\"Registro\" class=\"um-button\" id=\"um-submit-btn\" \/>\n\t\t\t<\/div>\n\n\t\t\n\t\t<div class=\"um-clear\"><\/div>\n\n\t<\/div>\n\n\t\t\t<\/form>\n\t<\/div>\n<\/div>\n<style>\n\t\t\t.um-6692.um {\n\t\t\tmax-width: 450px;\n\t\t}\n\t\t<\/style>\n\n","protected":false},"excerpt":{"rendered":"","protected":false},"author":3,"featured_media":0,"parent":0,"menu_order":0,"comment_status":"closed","ping_status":"closed","template":"","meta":{"_crdt_document":"","pagelayer_contact_templates":[],"_pagelayer_content":"","footnotes":""},"class_list":["post-16860","page","type-page","status-publish","hentry"],"_links":{"self":[{"href":"https:\/\/afopriego.com\/index.php?rest_route=\/wp\/v2\/pages\/16860","targetHints":{"allow":["GET"]}}],"collection":[{"href":"https:\/\/afopriego.com\/index.php?rest_route=\/wp\/v2\/pages"}],"about":[{"href":"https:\/\/afopriego.com\/index.php?rest_route=\/wp\/v2\/types\/page"}],"author":[{"embeddable":true,"href":"https:\/\/afopriego.com\/index.php?rest_route=\/wp\/v2\/users\/3"}],"replies":[{"embeddable":true,"href":"https:\/\/afopriego.com\/index.php?rest_route=%2Fwp%2Fv2%2Fcomments&post=16860"}],"version-history":[{"count":1,"href":"https:\/\/afopriego.com\/index.php?rest_route=\/wp\/v2\/pages\/16860\/revisions"}],"predecessor-version":[{"id":16861,"href":"https:\/\/afopriego.com\/index.php?rest_route=\/wp\/v2\/pages\/16860\/revisions\/16861"}],"wp:attachment":[{"href":"https:\/\/afopriego.com\/index.php?rest_route=%2Fwp%2Fv2%2Fmedia&parent=16860"}],"curies":[{"name":"wp","href":"https:\/\/api.w.org\/{rel}","templated":true}]}}