{"id":14146,"date":"2025-04-02T11:29:15","date_gmt":"2025-04-02T09:29:15","guid":{"rendered":"https:\/\/afopriego.com\/?page_id=14146"},"modified":"2025-04-03T21:11:03","modified_gmt":"2025-04-03T19:11:03","slug":"2025-concurso-de-semana-santa","status":"publish","type":"page","link":"https:\/\/afopriego.com\/?page_id=14146","title":{"rendered":"2025 Concurso de Semana Santa"},"content":{"rendered":"<p style=\"text-align: center;\"><span style=\"font-size: 18px; color: #993366;\"><strong>Afopriego lanza su V concurso de Semana Santa 2025.<\/strong><\/span><\/p>\n<p>Tem\u00e1tica <strong>Semana Santa de Priego de C\u00f3rdoba y Domingos de Mayo. Las im\u00e1genes que se incluyen son aquellas referentes a la Semana Santa y todos los actos y procesiones de Mayo de dicha ciudad<\/strong>.<\/p>\n<p>El plazo para enviar fotos finaliza el d\u00eda <strong>15 de Junio del 2025<\/strong>.<\/p>\n<ul>\n<li><strong>Primer Premio TURISMO DE PRIEGO: <\/strong>1 noche de hotel para dos personas, almuerzo y cena en establecimientos de Priego de C\u00f3rdoba y una sesi\u00f3n de ba\u00f1os \u00e1rabes con masaje en los Ba\u00f1os de la Villa., distinci\u00f3n de FAF y medalla de oro AFOPRIEGO<\/li>\n<li><strong>Segundo Premio: ACCA<\/strong> 150 euros en bono euros de ACCA distinci\u00f3n de la FAF y medalla plata AFOPRIEGO<\/li>\n<li><strong>Tercer Premio Centro M\u00e9dico de Priego: 100\u20ac, <\/strong>distinci\u00f3n de FAF y medalla de bronce AFOPRIEGO<\/li>\n<li><strong>1\u00ba Acc\u00e9sit &#8211; Afopriego: <\/strong>50 euros y diploma de la FAF<\/li>\n<li><strong>2\u00ba Acc\u00e9sit &#8211; Afopriego:<\/strong> 50 euros y diploma de la FAF-<\/li>\n<li><strong>Premio especial menor de 21 a\u00f1os MIWECARS: <\/strong>50 euros y diploma de la<\/li>\n<\/ul>\n<p>Todos los premios incluir\u00e1n una botella de aceite Denominaci\u00f3n protegida de Priego de C\u00f3rdoba.<\/p>\n<p>Puedes <a href=\"https:\/\/afopriego.com\/?page_id=14158\" target=\"_blank\" rel=\"noopener\">ver las bases en este enlace<\/a> y para descargarlas haz clic <a href=\"https:\/\/afopriego.com\/wp-content\/uploads\/2025\/04\/Bases-del-concurso-de-Semana-Santa-2025.pdf\" target=\"_blank\" rel=\"noopener\"><img decoding=\"async\" class=\"wp-image-14169 alignnone\" src=\"https:\/\/afopriego.com\/wp-content\/uploads\/2025\/04\/PDF_file_icon.svg_-244x300.png\" alt=\"\" width=\"24\" height=\"28\" \/><\/a><\/p>\n","protected":false},"excerpt":{"rendered":"<p>Afopriego lanza su V concurso de Semana Santa 2025. Tem\u00e1tica Semana Santa de Priego de C\u00f3rdoba y Domingos de Mayo. Las im\u00e1genes que se incluyen son aquellas referentes a la Semana Santa y todos los actos y procesiones de Mayo &hellip; <a href=\"https:\/\/afopriego.com\/?page_id=14146\">Sigue leyendo <span class=\"meta-nav\">&rarr;<\/span><\/a><\/p>\n","protected":false},"author":3,"featured_media":0,"parent":0,"menu_order":0,"comment_status":"closed","ping_status":"closed","template":"","meta":{"_crdt_document":"","pagelayer_contact_templates":[],"_pagelayer_content":"","footnotes":""},"class_list":["post-14146","page","type-page","status-publish","hentry"],"_links":{"self":[{"href":"https:\/\/afopriego.com\/index.php?rest_route=\/wp\/v2\/pages\/14146","targetHints":{"allow":["GET"]}}],"collection":[{"href":"https:\/\/afopriego.com\/index.php?rest_route=\/wp\/v2\/pages"}],"about":[{"href":"https:\/\/afopriego.com\/index.php?rest_route=\/wp\/v2\/types\/page"}],"author":[{"embeddable":true,"href":"https:\/\/afopriego.com\/index.php?rest_route=\/wp\/v2\/users\/3"}],"replies":[{"embeddable":true,"href":"https:\/\/afopriego.com\/index.php?rest_route=%2Fwp%2Fv2%2Fcomments&post=14146"}],"version-history":[{"count":8,"href":"https:\/\/afopriego.com\/index.php?rest_route=\/wp\/v2\/pages\/14146\/revisions"}],"predecessor-version":[{"id":14181,"href":"https:\/\/afopriego.com\/index.php?rest_route=\/wp\/v2\/pages\/14146\/revisions\/14181"}],"wp:attachment":[{"href":"https:\/\/afopriego.com\/index.php?rest_route=%2Fwp%2Fv2%2Fmedia&parent=14146"}],"curies":[{"name":"wp","href":"https:\/\/api.w.org\/{rel}","templated":true}]}}