{"id":13783,"date":"2025-03-10T10:11:21","date_gmt":"2025-03-10T09:11:21","guid":{"rendered":"https:\/\/afopriego.com\/?page_id=13783"},"modified":"2025-03-10T12:01:45","modified_gmt":"2025-03-10T11:01:45","slug":"2025-jurado-v-liga","status":"publish","type":"page","link":"https:\/\/afopriego.com\/?page_id=13783","title":{"rendered":"2025 Jurado V Liga"},"content":{"rendered":"<p style=\"text-align: center;\"><strong>Miembros del Jurado de la V Liga Afopriego<\/strong><\/p>\n<table class=\" aligncenter\" style=\"height: 120px; width: 87.6712%;\" border=\"0\" width=\"87.5%\" cellspacing=\"0\" cellpadding=\"0\">\n<tbody>\n<tr>\n<td style=\"width: 47.089%; text-align: center; vertical-align: middle;\" colspan=\"2\" height=\"21\">M.\u00aa Carmen Oliva Fern\u00e1ndez<\/td>\n<td style=\"width: 15.6311%; text-align: center; vertical-align: middle;\">C\u00e1diz<\/td>\n<td style=\"width: 37.6223%; text-align: center; vertical-align: middle;\">San Dionisio<\/td>\n<\/tr>\n<tr>\n<td style=\"width: 47.089%; text-align: center; vertical-align: middle;\" colspan=\"2\" height=\"21\">Rogelio, Camargo Camacho<\/td>\n<td style=\"width: 15.6311%; text-align: center; vertical-align: middle;\">Sevilla<\/td>\n<td style=\"width: 37.6223%; text-align: center; vertical-align: middle;\">Diagonal3<\/td>\n<\/tr>\n<tr>\n<td style=\"width: 45.3767%; text-align: center; vertical-align: middle;\" height=\"23\">Jos\u00e9 Manuel, Manzano Iglesias<\/td>\n<td style=\"width: 1.71233%; text-align: center; vertical-align: middle;\"><\/td>\n<td style=\"width: 15.6311%; text-align: center; vertical-align: middle;\">C\u00e1diz<\/td>\n<td style=\"width: 37.6223%; text-align: center; vertical-align: middle;\">FO-CAL<\/td>\n<\/tr>\n<\/tbody>\n<\/table>\n","protected":false},"excerpt":{"rendered":"<p>Miembros del Jurado de la V Liga Afopriego M.\u00aa Carmen Oliva Fern\u00e1ndez C\u00e1diz San Dionisio Rogelio, Camargo Camacho Sevilla Diagonal3 Jos\u00e9 Manuel, Manzano Iglesias C\u00e1diz FO-CAL<\/p>\n","protected":false},"author":3,"featured_media":0,"parent":0,"menu_order":0,"comment_status":"closed","ping_status":"closed","template":"","meta":{"_crdt_document":"","pagelayer_contact_templates":[],"_pagelayer_content":"","footnotes":""},"class_list":["post-13783","page","type-page","status-publish","hentry"],"_links":{"self":[{"href":"https:\/\/afopriego.com\/index.php?rest_route=\/wp\/v2\/pages\/13783","targetHints":{"allow":["GET"]}}],"collection":[{"href":"https:\/\/afopriego.com\/index.php?rest_route=\/wp\/v2\/pages"}],"about":[{"href":"https:\/\/afopriego.com\/index.php?rest_route=\/wp\/v2\/types\/page"}],"author":[{"embeddable":true,"href":"https:\/\/afopriego.com\/index.php?rest_route=\/wp\/v2\/users\/3"}],"replies":[{"embeddable":true,"href":"https:\/\/afopriego.com\/index.php?rest_route=%2Fwp%2Fv2%2Fcomments&post=13783"}],"version-history":[{"count":1,"href":"https:\/\/afopriego.com\/index.php?rest_route=\/wp\/v2\/pages\/13783\/revisions"}],"predecessor-version":[{"id":13784,"href":"https:\/\/afopriego.com\/index.php?rest_route=\/wp\/v2\/pages\/13783\/revisions\/13784"}],"wp:attachment":[{"href":"https:\/\/afopriego.com\/index.php?rest_route=%2Fwp%2Fv2%2Fmedia&parent=13783"}],"curies":[{"name":"wp","href":"https:\/\/api.w.org\/{rel}","templated":true}]}}