{"id":13159,"date":"2024-12-19T19:43:40","date_gmt":"2024-12-19T18:43:40","guid":{"rendered":"https:\/\/afopriego.com\/?page_id=13159"},"modified":"2026-01-21T12:30:49","modified_gmt":"2026-01-21T11:30:49","slug":"2025-v-liga-afopriego","status":"publish","type":"page","link":"https:\/\/afopriego.com\/?page_id=13159","title":{"rendered":"V Liga Afopriego 2025"},"content":{"rendered":"\t\t<div data-elementor-type=\"wp-page\" data-elementor-id=\"13159\" class=\"elementor elementor-13159\">\n\t\t\t\t\t\t<section class=\"elementor-section elementor-top-section elementor-element elementor-element-9d38673 elementor-section-boxed elementor-section-height-default elementor-section-height-default\" data-id=\"9d38673\" data-element_type=\"section\">\n\t\t\t\t\t\t<div class=\"elementor-container elementor-column-gap-default\">\n\t\t\t\t\t<div class=\"elementor-column elementor-col-100 elementor-top-column elementor-element elementor-element-31aec11\" data-id=\"31aec11\" data-element_type=\"column\">\n\t\t\t<div class=\"elementor-widget-wrap elementor-element-populated\">\n\t\t\t\t\t\t<div class=\"elementor-element elementor-element-08df8ae elementor-widget elementor-widget-text-editor\" data-id=\"08df8ae\" data-element_type=\"widget\" data-widget_type=\"text-editor.default\">\n\t\t\t\t<div class=\"elementor-widget-container\">\n\t\t\t\t\t\t\t\t\t<p style=\"text-align: center;\">La pr\u00f3xima liga comenzar\u00e1 en<\/p>\t\t\t\t\t\t\t\t<\/div>\n\t\t\t\t<\/div>\n\t\t\t\t\t<\/div>\n\t\t<\/div>\n\t\t\t\t\t<\/div>\n\t\t<\/section>\n\t\t\t\t<section class=\"elementor-section elementor-top-section elementor-element elementor-element-2c5e4da elementor-section-boxed elementor-section-height-default elementor-section-height-default\" data-id=\"2c5e4da\" data-element_type=\"section\">\n\t\t\t\t\t\t<div class=\"elementor-container elementor-column-gap-default\">\n\t\t\t\t\t<div class=\"elementor-column elementor-col-100 elementor-top-column elementor-element elementor-element-ffd0756\" data-id=\"ffd0756\" data-element_type=\"column\">\n\t\t\t<div class=\"elementor-widget-wrap elementor-element-populated\">\n\t\t\t\t\t\t<div class=\"elementor-element elementor-element-5227757 elementor-widget elementor-widget-eael-countdown\" data-id=\"5227757\" data-element_type=\"widget\" data-widget_type=\"eael-countdown.default\">\n\t\t\t\t<div class=\"elementor-widget-container\">\n\t\t\t\t\t\n\t\t<div class=\"eael-countdown-wrapper\" data-countdown-id=\"5227757\" data-expire-type=\"none\" data-countdown-type=\"due_date\">\n\t\t\t<div class=\"eael-countdown-container eael-countdown-label-block   \">\n                                    <ul id=\"eael-countdown-5227757\" class=\"eael-countdown-items\" data-date=\"Jan 01 2026 23:59:00 +2\">\n                        <li class=\"eael-countdown-item\"><div class=\"eael-countdown-days\"><span data-days class=\"eael-countdown-digits\">00<\/span><span class=\"eael-countdown-label\">D\u00edas<\/span><\/div><\/li>                        <li class=\"eael-countdown-item\"><div class=\"eael-countdown-hours\"><span data-hours class=\"eael-countdown-digits\">00<\/span><span class=\"eael-countdown-label\">Horas<\/span><\/div><\/li>                        <li class=\"eael-countdown-item\"><div class=\"eael-countdown-minutes\"><span data-minutes class=\"eael-countdown-digits\">00<\/span><span class=\"eael-countdown-label\">Minutos<\/span><\/div><\/li>                        <li class=\"eael-countdown-item\"><div class=\"eael-countdown-seconds\"><span data-seconds class=\"eael-countdown-digits\">00<\/span><span class=\"eael-countdown-label\">Segundos<\/span><\/div><\/li>                    <\/ul>\n                    <div class=\"eael-countdown-expiry-template\" style=\"display: none;\">\n                                            <\/div>\n               \n\t\t\t    <div class=\"clearfix\"><\/div>\n\t\t\t<\/div>\n\t\t<\/div>\n\n\t\t\t\t\t<\/div>\n\t\t\t\t<\/div>\n\t\t\t\t\t<\/div>\n\t\t<\/div>\n\t\t\t\t\t<\/div>\n\t\t<\/section>\n\t\t\t\t<section class=\"elementor-section elementor-top-section elementor-element elementor-element-52d5924 elementor-section-boxed elementor-section-height-default elementor-section-height-default\" data-id=\"52d5924\" data-element_type=\"section\">\n\t\t\t\t\t\t<div class=\"elementor-container elementor-column-gap-default\">\n\t\t\t\t\t<div class=\"elementor-column elementor-col-25 elementor-top-column elementor-element elementor-element-64d9f66\" data-id=\"64d9f66\" data-element_type=\"column\">\n\t\t\t<div class=\"elementor-widget-wrap elementor-element-populated\">\n\t\t\t\t\t\t<div class=\"elementor-element elementor-element-3ced0c8 elementor-widget elementor-widget-button\" data-id=\"3ced0c8\" data-element_type=\"widget\" data-widget_type=\"button.default\">\n\t\t\t\t<div class=\"elementor-widget-container\">\n\t\t\t\t\t\t\t\t\t<div class=\"elementor-button-wrapper\">\n\t\t\t\t\t<a class=\"elementor-button elementor-button-link elementor-size-sm\" href=\"https:\/\/afopriego.com\/?page_id=12513\">\n\t\t\t\t\t\t<span class=\"elementor-button-content-wrapper\">\n\t\t\t\t\t\t<span class=\"elementor-button-icon\">\n\t\t\t\t<i aria-hidden=\"true\" class=\"fas fa-pen-alt\"><\/i>\t\t\t<\/span>\n\t\t\t\t\t\t\t\t\t<span class=\"elementor-button-text\">Inscripci\u00f3n Liga<\/span>\n\t\t\t\t\t<\/span>\n\t\t\t\t\t<\/a>\n\t\t\t\t<\/div>\n\t\t\t\t\t\t\t\t<\/div>\n\t\t\t\t<\/div>\n\t\t\t\t\t<\/div>\n\t\t<\/div>\n\t\t\t\t<div class=\"elementor-column elementor-col-25 elementor-top-column elementor-element elementor-element-8a682bd\" data-id=\"8a682bd\" data-element_type=\"column\">\n\t\t\t<div class=\"elementor-widget-wrap elementor-element-populated\">\n\t\t\t\t\t\t<div class=\"elementor-element elementor-element-b9419b9 elementor-widget elementor-widget-button\" data-id=\"b9419b9\" data-element_type=\"widget\" data-widget_type=\"button.default\">\n\t\t\t\t<div class=\"elementor-widget-container\">\n\t\t\t\t\t\t\t\t\t<div class=\"elementor-button-wrapper\">\n\t\t\t\t\t<a class=\"elementor-button elementor-button-link elementor-size-sm\" href=\"https:\/\/afopriego.com\/?page_id=12511\" target=\"_blank\">\n\t\t\t\t\t\t<span class=\"elementor-button-content-wrapper\">\n\t\t\t\t\t\t<span class=\"elementor-button-icon\">\n\t\t\t\t<i aria-hidden=\"true\" class=\"fas fa-file-upload\"><\/i>\t\t\t<\/span>\n\t\t\t\t\t\t\t\t\t<span class=\"elementor-button-text\">Enviar foto<\/span>\n\t\t\t\t\t<\/span>\n\t\t\t\t\t<\/a>\n\t\t\t\t<\/div>\n\t\t\t\t\t\t\t\t<\/div>\n\t\t\t\t<\/div>\n\t\t\t\t\t<\/div>\n\t\t<\/div>\n\t\t\t\t<div class=\"elementor-column elementor-col-25 elementor-top-column elementor-element elementor-element-e5be355\" data-id=\"e5be355\" data-element_type=\"column\">\n\t\t\t<div class=\"elementor-widget-wrap elementor-element-populated\">\n\t\t\t\t\t\t<div class=\"elementor-element elementor-element-2c2ad1e elementor-widget__width-initial elementor-widget elementor-widget-button\" data-id=\"2c2ad1e\" data-element_type=\"widget\" data-widget_type=\"button.default\">\n\t\t\t\t<div class=\"elementor-widget-container\">\n\t\t\t\t\t\t\t\t\t<div class=\"elementor-button-wrapper\">\n\t\t\t\t\t<a class=\"elementor-button elementor-button-link elementor-size-sm\" href=\"https:\/\/afopriego.com\/?page_id=13223\" target=\"_blank\">\n\t\t\t\t\t\t<span class=\"elementor-button-content-wrapper\">\n\t\t\t\t\t\t<span class=\"elementor-button-icon\">\n\t\t\t\t<i aria-hidden=\"true\" class=\"far fa-images\"><\/i>\t\t\t<\/span>\n\t\t\t\t\t\t\t\t\t<span class=\"elementor-button-text\">Ver Galer\u00edas<\/span>\n\t\t\t\t\t<\/span>\n\t\t\t\t\t<\/a>\n\t\t\t\t<\/div>\n\t\t\t\t\t\t\t\t<\/div>\n\t\t\t\t<\/div>\n\t\t\t\t\t<\/div>\n\t\t<\/div>\n\t\t\t\t<div class=\"elementor-column elementor-col-25 elementor-top-column elementor-element elementor-element-da5b4b0\" data-id=\"da5b4b0\" data-element_type=\"column\">\n\t\t\t<div class=\"elementor-widget-wrap elementor-element-populated\">\n\t\t\t\t\t\t<div class=\"elementor-element elementor-element-faa543d elementor-widget elementor-widget-button\" data-id=\"faa543d\" data-element_type=\"widget\" data-widget_type=\"button.default\">\n\t\t\t\t<div class=\"elementor-widget-container\">\n\t\t\t\t\t\t\t\t\t<div class=\"elementor-button-wrapper\">\n\t\t\t\t\t<a class=\"elementor-button elementor-button-link elementor-size-sm\" href=\"https:\/\/afopriego.com\/?page_id=13783\" target=\"_blank\">\n\t\t\t\t\t\t<span class=\"elementor-button-content-wrapper\">\n\t\t\t\t\t\t<span class=\"elementor-button-icon\">\n\t\t\t\t<i aria-hidden=\"true\" class=\"fas fa-user-check\"><\/i>\t\t\t<\/span>\n\t\t\t\t\t\t\t\t\t<span class=\"elementor-button-text\">Ver Jurado<\/span>\n\t\t\t\t\t<\/span>\n\t\t\t\t\t<\/a>\n\t\t\t\t<\/div>\n\t\t\t\t\t\t\t\t<\/div>\n\t\t\t\t<\/div>\n\t\t\t\t\t<\/div>\n\t\t<\/div>\n\t\t\t\t\t<\/div>\n\t\t<\/section>\n\t\t\t\t<section class=\"elementor-section elementor-top-section elementor-element elementor-element-56030036 elementor-section-boxed elementor-section-height-default elementor-section-height-default\" data-id=\"56030036\" data-element_type=\"section\">\n\t\t\t\t\t\t<div class=\"elementor-container elementor-column-gap-default\">\n\t\t\t\t\t<div class=\"elementor-column elementor-col-100 elementor-top-column elementor-element elementor-element-1a95beab\" data-id=\"1a95beab\" data-element_type=\"column\">\n\t\t\t<div class=\"elementor-widget-wrap elementor-element-populated\">\n\t\t\t\t\t\t<div class=\"elementor-element elementor-element-367ae07d elementor-widget elementor-widget-text-editor\" data-id=\"367ae07d\" data-element_type=\"widget\" data-widget_type=\"text-editor.default\">\n\t\t\t\t<div class=\"elementor-widget-container\">\n\t\t\t\t\t\t\t\t\t<p style=\"text-align: center;\"><span style=\"color: #ff6600;\"><strong><span style=\"font-size: 15px;\">La V Liga Afopriego ha finalizado. El pr\u00f3ximo d\u00eda<\/span> 28 se realizar\u00e1 la Entrega de premios y se inaugurar\u00e1 la exposici\u00f3n<\/strong><\/span><\/p><p style=\"text-align: center;\"><a href=\"https:\/\/afopriego.com\/?page_id=13284\">Aqu\u00ed puedes consultar las bases<\/a><\/p>\t\t\t\t\t\t\t\t<\/div>\n\t\t\t\t<\/div>\n\t\t\t\t\t<\/div>\n\t\t<\/div>\n\t\t\t\t\t<\/div>\n\t\t<\/section>\n\t\t\t\t<\/div>\n\t\t","protected":false},"excerpt":{"rendered":"<p>La pr\u00f3xima liga comenzar\u00e1 en 00D\u00edas 00Horas 00Minutos 00Segundos Inscripci\u00f3n Liga Enviar foto Ver Galer\u00edas Ver Jurado La V Liga Afopriego ha finalizado. El pr\u00f3ximo d\u00eda 28 se realizar\u00e1 la Entrega de premios y se inaugurar\u00e1 la exposici\u00f3n Aqu\u00ed puedes &hellip; <a href=\"https:\/\/afopriego.com\/?page_id=13159\">Sigue leyendo <span class=\"meta-nav\">&rarr;<\/span><\/a><\/p>\n","protected":false},"author":3,"featured_media":13228,"parent":0,"menu_order":0,"comment_status":"closed","ping_status":"closed","template":"","meta":{"_crdt_document":"","pagelayer_contact_templates":[],"_pagelayer_content":"","footnotes":""},"class_list":["post-13159","page","type-page","status-publish","has-post-thumbnail","hentry"],"_links":{"self":[{"href":"https:\/\/afopriego.com\/index.php?rest_route=\/wp\/v2\/pages\/13159","targetHints":{"allow":["GET"]}}],"collection":[{"href":"https:\/\/afopriego.com\/index.php?rest_route=\/wp\/v2\/pages"}],"about":[{"href":"https:\/\/afopriego.com\/index.php?rest_route=\/wp\/v2\/types\/page"}],"author":[{"embeddable":true,"href":"https:\/\/afopriego.com\/index.php?rest_route=\/wp\/v2\/users\/3"}],"replies":[{"embeddable":true,"href":"https:\/\/afopriego.com\/index.php?rest_route=%2Fwp%2Fv2%2Fcomments&post=13159"}],"version-history":[{"count":164,"href":"https:\/\/afopriego.com\/index.php?rest_route=\/wp\/v2\/pages\/13159\/revisions"}],"predecessor-version":[{"id":21554,"href":"https:\/\/afopriego.com\/index.php?rest_route=\/wp\/v2\/pages\/13159\/revisions\/21554"}],"wp:featuredmedia":[{"embeddable":true,"href":"https:\/\/afopriego.com\/index.php?rest_route=\/wp\/v2\/media\/13228"}],"wp:attachment":[{"href":"https:\/\/afopriego.com\/index.php?rest_route=%2Fwp%2Fv2%2Fmedia&parent=13159"}],"curies":[{"name":"wp","href":"https:\/\/api.w.org\/{rel}","templated":true}]}}