{"id":10266,"date":"2024-03-11T18:52:39","date_gmt":"2024-03-11T17:52:39","guid":{"rendered":"https:\/\/afopriego.com\/?page_id=10266"},"modified":"2024-03-11T20:18:10","modified_gmt":"2024-03-11T19:18:10","slug":"distincion-de-oro","status":"publish","type":"page","link":"https:\/\/afopriego.com\/?page_id=10266","title":{"rendered":"Distinciones recibidas en el VI congreso de la FAF"},"content":{"rendered":"<table style=\"border-collapse: collapse; width: 100%; height: 450px;\">\n<tbody>\n<tr style=\"height: 183px;\">\n<td style=\"width: 46.7466%; height: 183px; text-align: center; vertical-align: middle;\"><img decoding=\"async\" class=\"alignnone wp-image-10267\" src=\"https:\/\/afopriego.com\/wp-content\/uploads\/2024\/03\/Imagen-de-WhatsApp-2024-03-11-a-las-18.05.06_ec191285.jpg\" alt=\"\" width=\"250\" height=\"185\" \/><\/td>\n<td style=\"width: 53.2534%; height: 183px; vertical-align: middle;\">El pasado s\u00e1bado 8 de marzo en el auditorio La Chumbera de Granada, en el VI Congreso de la Federaci\u00f3n Andaluza de Fotograf\u00eda, se entreg\u00f3 a Afopriego la <strong>Distinci\u00f3n de ORO de las Agrupaciones Fotogr\u00e1ficas<\/strong> que la Federaci\u00f3n premia por la organizaci\u00f3n de actividades, concursos,<\/td>\n<\/tr>\n<tr style=\"height: 82px;\">\n<td style=\"width: 100%; height: 82px; text-align: justify;\" colspan=\"2\">exposiciones, etc.\u00a0y por la suma de los puntos individuales que sus todos asociados aportan con la participaci\u00f3n en las diferentes actividades fotogr\u00e1ficas tanto locales como nacionales e internacionales y que fue recogida por nuestro vicepresidente Antonio Ruiz Aguilera.<\/td>\n<\/tr>\n<tr style=\"height: 185px;\">\n<td style=\"width: 100%; height: 185px; text-align: justify;\" colspan=\"2\">En dicho acto tambi\u00e9n se hizo entrega de las distinciones de <strong>Artista FAF<\/strong> a nuestros compa\u00f1eros Encarni Castro Mill\u00e1n y Antonio J. Jim\u00e9nez Ballesteros, Distinci\u00f3n de <strong>Excelencia FAF<\/strong> para Fernando Serrano M\u00e9rida y Ger\u00f3nimo Villena Pareja y <strong>Maestro FAF<\/strong> para Pedro H. Rojas Parras y Florentino Molero Guti\u00e9rrez<\/p>\n<p>Florentino Molero\u00a0 adem\u00e1s recogi\u00f3 diversas distinciones: <strong>Medalla de Plata<\/strong> en la categor\u00eda de Jurado, M<strong>edalla de Bronce<\/strong> de la FAF en la VI Liga FAF y <strong>Medalla de Oro<\/strong> de la serie monocromo de la citada liga.<\/p>\n<p style=\"text-align: center;\"><span style=\"color: #ff0000;\">\u00a1\u00a1\u00a1 <strong>Enhorabuena Afopriego<\/strong>. !!!<\/span><\/p>\n<\/td>\n<\/tr>\n<\/tbody>\n<\/table>\n<p style=\"text-align: center;\">[metaslider id=&#8221;10283&#8243;]\n<p>&nbsp;<\/p>\n","protected":false},"excerpt":{"rendered":"<p>El pasado s\u00e1bado 8 de marzo en el auditorio La Chumbera de Granada, en el VI Congreso de la Federaci\u00f3n Andaluza de Fotograf\u00eda, se entreg\u00f3 a Afopriego la Distinci\u00f3n de ORO de las Agrupaciones Fotogr\u00e1ficas que la Federaci\u00f3n premia por &hellip; <a href=\"https:\/\/afopriego.com\/?page_id=10266\">Sigue leyendo <span class=\"meta-nav\">&rarr;<\/span><\/a><\/p>\n","protected":false},"author":3,"featured_media":0,"parent":0,"menu_order":0,"comment_status":"closed","ping_status":"closed","template":"","meta":{"_crdt_document":"","pagelayer_contact_templates":[],"_pagelayer_content":"","footnotes":""},"class_list":["post-10266","page","type-page","status-publish","hentry"],"_links":{"self":[{"href":"https:\/\/afopriego.com\/index.php?rest_route=\/wp\/v2\/pages\/10266","targetHints":{"allow":["GET"]}}],"collection":[{"href":"https:\/\/afopriego.com\/index.php?rest_route=\/wp\/v2\/pages"}],"about":[{"href":"https:\/\/afopriego.com\/index.php?rest_route=\/wp\/v2\/types\/page"}],"author":[{"embeddable":true,"href":"https:\/\/afopriego.com\/index.php?rest_route=\/wp\/v2\/users\/3"}],"replies":[{"embeddable":true,"href":"https:\/\/afopriego.com\/index.php?rest_route=%2Fwp%2Fv2%2Fcomments&post=10266"}],"version-history":[{"count":0,"href":"https:\/\/afopriego.com\/index.php?rest_route=\/wp\/v2\/pages\/10266\/revisions"}],"wp:attachment":[{"href":"https:\/\/afopriego.com\/index.php?rest_route=%2Fwp%2Fv2%2Fmedia&parent=10266"}],"curies":[{"name":"wp","href":"https:\/\/api.w.org\/{rel}","templated":true}]}}