{"id":10218,"date":"2024-02-29T20:23:43","date_gmt":"2024-02-29T19:23:43","guid":{"rendered":"https:\/\/afopriego.com\/?page_id=10218"},"modified":"2024-02-29T20:23:43","modified_gmt":"2024-02-29T19:23:43","slug":"concurso-de-semana-santa-2024","status":"publish","type":"page","link":"https:\/\/afopriego.com\/?page_id=10218","title":{"rendered":"Concurso de Semana Santa 2024"},"content":{"rendered":"<p><a href=\"https:\/\/afopriego.com\/wp-content\/uploads\/2024\/02\/Bases-del-concurso-de-Semana-Santa-20241.pdf\"><img fetchpriority=\"high\" decoding=\"async\" class=\"alignnone wp-image-10216 size-full\" src=\"https:\/\/afopriego.com\/wp-content\/uploads\/2024\/02\/Cartel-SS-2024-web.jpg\" alt=\"\" width=\"1200\" height=\"869\" srcset=\"https:\/\/afopriego.com\/wp-content\/uploads\/2024\/02\/Cartel-SS-2024-web.jpg 1200w, https:\/\/afopriego.com\/wp-content\/uploads\/2024\/02\/Cartel-SS-2024-web-300x217.jpg 300w, https:\/\/afopriego.com\/wp-content\/uploads\/2024\/02\/Cartel-SS-2024-web-500x362.jpg 500w, https:\/\/afopriego.com\/wp-content\/uploads\/2024\/02\/Cartel-SS-2024-web-768x556.jpg 768w, https:\/\/afopriego.com\/wp-content\/uploads\/2024\/02\/Cartel-SS-2024-web-414x300.jpg 414w\" sizes=\"(max-width: 1200px) 100vw, 1200px\" \/><\/a><\/p>\n<p style=\"text-align: center;\">Haz clic en la imagen para ver las bases<\/p>\n<p style=\"text-align: center;\"><strong><em>Agradecimientos a:<\/em><\/strong><\/p>\n<p style=\"text-align: center;\">Diputaci\u00f3n de C\u00f3rdoba &#8211; Excmo. Ayuntamiento de Priego de C\u00f3rdoba &#8211; Federaci\u00f3n Andaluza de Fotograf\u00eda &#8211; Datacon &#8211; Agrupaci\u00f3n General de Hermandades y Cofrad\u00edas de Priego de C\u00f3rdoba &#8211; Delegaci\u00f3n de Turismo &#8211; Asociaci\u00f3n Centro Comercial Abierto de Priego de C\u00f3rdoba. ACCA &#8211; Academia de peluquer\u00eda y est\u00e9tica C&amp;S &#8211; Miwecars &#8211; D.O.P. Denominaci\u00f3n de Origen &#8211; Turrolates Galenda.<\/p>\n","protected":false},"excerpt":{"rendered":"<p>Haz clic en la imagen para ver las bases Agradecimientos a: Diputaci\u00f3n de C\u00f3rdoba &#8211; Excmo. Ayuntamiento de Priego de C\u00f3rdoba &#8211; Federaci\u00f3n Andaluza de Fotograf\u00eda &#8211; Datacon &#8211; Agrupaci\u00f3n General de Hermandades y Cofrad\u00edas de Priego de C\u00f3rdoba &#8211; &hellip; <a href=\"https:\/\/afopriego.com\/?page_id=10218\">Sigue leyendo <span class=\"meta-nav\">&rarr;<\/span><\/a><\/p>\n","protected":false},"author":3,"featured_media":0,"parent":0,"menu_order":0,"comment_status":"closed","ping_status":"closed","template":"","meta":{"_crdt_document":"","pagelayer_contact_templates":[],"_pagelayer_content":"","footnotes":""},"class_list":["post-10218","page","type-page","status-publish","hentry"],"_links":{"self":[{"href":"https:\/\/afopriego.com\/index.php?rest_route=\/wp\/v2\/pages\/10218","targetHints":{"allow":["GET"]}}],"collection":[{"href":"https:\/\/afopriego.com\/index.php?rest_route=\/wp\/v2\/pages"}],"about":[{"href":"https:\/\/afopriego.com\/index.php?rest_route=\/wp\/v2\/types\/page"}],"author":[{"embeddable":true,"href":"https:\/\/afopriego.com\/index.php?rest_route=\/wp\/v2\/users\/3"}],"replies":[{"embeddable":true,"href":"https:\/\/afopriego.com\/index.php?rest_route=%2Fwp%2Fv2%2Fcomments&post=10218"}],"version-history":[{"count":0,"href":"https:\/\/afopriego.com\/index.php?rest_route=\/wp\/v2\/pages\/10218\/revisions"}],"wp:attachment":[{"href":"https:\/\/afopriego.com\/index.php?rest_route=%2Fwp%2Fv2%2Fmedia&parent=10218"}],"curies":[{"name":"wp","href":"https:\/\/api.w.org\/{rel}","templated":true}]}}